{"id":730642,"date":"2025-08-27T21:18:14","date_gmt":"2025-08-27T18:18:14","guid":{"rendered":"https:\/\/roveyayinevi.com.tr\/index.php\/urun\/iyi-dilekler-ulkesi\/"},"modified":"2026-04-16T02:38:34","modified_gmt":"2026-04-15T23:38:34","slug":"iyi-dilekler-ulkesi","status":"publish","type":"product","link":"https:\/\/roveyayinevi.com.tr\/index.php\/urun\/iyi-dilekler-ulkesi\/","title":{"rendered":"\u0130yi Dilekler \u00dclkesi"},"content":{"rendered":"<p>Tek istedi\u011fim serbest kalmakt\u0131. Serbest. Ba\u015fka hi\u00e7bir \u015fey de\u011fil. Sadece serbest. O zaman da s\u00f6yledim. Dinlemediler. Benim su\u00e7um de\u011fildi. Dinleselerdi. Ben s\u00f6yledim. A\u00e7\u0131k\u00e7a s\u00f6yledim. Ben yokum, dedim, b\u0131rak\u0131yorum, gidiyorum, beni unutun. Hay\u0131r. Yoluma \u00e7\u0131kt\u0131lar. \u00d6lenler oldu. Benim su\u00e7um de\u011fildi. Gitmek isteyen birini tutamazs\u0131n. Tutmaya \u00e7al\u0131\u015fmamal\u0131s\u0131n.   Asl\u0131nda ad\u0131n\u0131n bir \u00f6nemi yok, ona Can deyin yeter. K\u00f6t\u00fc biri oldu\u011fu da s\u00f6ylenemez. Ancak terbiyesizlikten, adaletsizlikten pek ho\u015flanm\u0131yor. \u0130nsanlar\u0131n hatalar\u0131n\u0131n sonu\u00e7lar\u0131yla y\u00fczle\u015fmesi gerekti\u011fine inan\u0131yor. Yeri geldi\u011finde de \u00fczerine d\u00fc\u015feni yap\u0131yor. Tam da o d\u00f6nemde Herg\u00fcn gazetesinden Cemal Dik, birbirinden ba\u011f\u0131ms\u0131z bir dizi cinayete dikkat \u00e7ekmeye ba\u015fl\u0131yor. Ve yava\u015f yava\u015f arada ba\u011flant\u0131lar kuruluyor. Ba\u015fkarakterinin ge\u00e7mi\u015fi ve ailesi \u00fczerinden T\u00fcrkiye\u2019nin yak\u0131n tarihinde ya\u015fananlar\u0131n anlat\u0131ld\u0131\u011f\u0131 \u0130yi Dilekler \u00dclkesi, Hamdi Ko\u00e7\u2019un ustal\u0131k d\u00f6nemi eserlerinden. Karakterin i\u00e7 d\u00fcnyas\u0131ndaki karma\u015fan\u0131n psikolojik, tarihsel hatta varolu\u015fsal nedenlerini ortaya seren s\u0131ra d\u0131\u015f\u0131, \u00e7arp\u0131c\u0131, alabildi\u011fine s\u00fcr\u00fckleyici bir roman.<\/p>\n","protected":false},"excerpt":{"rendered":"<p>Tek istedi\u011fim serbest kalmakt\u0131. Serbest. Ba\u015fka hi\u00e7bir \u015fey de\u011fil. Sadece serbest. O zaman da s\u00f6yledim. Dinlemediler. Benim su\u00e7um de\u011fildi. Dinleselerdi. Ben s\u00f6yledim. A\u00e7\u0131k\u00e7a s\u00f6yledim. Ben yokum,<span class=\"excerpt-hellip\"> [\u2026]<\/span><\/p>\n","protected":false},"featured_media":0,"template":"","meta":{"_monsterinsights_skip_tracking":false,"_monsterinsights_sitenote_active":false,"_monsterinsights_sitenote_note":"","_monsterinsights_sitenote_category":0},"product_brand":[],"product_cat":[12291,12711],"product_tag":[],"class_list":{"0":"post-730642","1":"product","2":"type-product","3":"status-publish","5":"product_cat-edebiyat","6":"product_cat-roman-oyku","7":"pa_cilt-ciltsiz","8":"pa_tur-kitap","9":"pa_yayinevi-can-yayinlari","10":"pa_yazar-hamdi-koc","12":"first","13":"instock","14":"sale","15":"shipping-taxable","16":"purchasable","17":"product-type-simple"},"_links":{"self":[{"href":"https:\/\/roveyayinevi.com.tr\/index.php\/wp-json\/wp\/v2\/product\/730642","targetHints":{"allow":["GET"]}}],"collection":[{"href":"https:\/\/roveyayinevi.com.tr\/index.php\/wp-json\/wp\/v2\/product"}],"about":[{"href":"https:\/\/roveyayinevi.com.tr\/index.php\/wp-json\/wp\/v2\/types\/product"}],"wp:attachment":[{"href":"https:\/\/roveyayinevi.com.tr\/index.php\/wp-json\/wp\/v2\/media?parent=730642"}],"wp:term":[{"taxonomy":"product_brand","embeddable":true,"href":"https:\/\/roveyayinevi.com.tr\/index.php\/wp-json\/wp\/v2\/product_brand?post=730642"},{"taxonomy":"product_cat","embeddable":true,"href":"https:\/\/roveyayinevi.com.tr\/index.php\/wp-json\/wp\/v2\/product_cat?post=730642"},{"taxonomy":"product_tag","embeddable":true,"href":"https:\/\/roveyayinevi.com.tr\/index.php\/wp-json\/wp\/v2\/product_tag?post=730642"}],"curies":[{"name":"wp","href":"https:\/\/api.w.org\/{rel}","templated":true}]}}