{"id":730640,"date":"2025-08-27T21:18:11","date_gmt":"2025-08-27T18:18:11","guid":{"rendered":"https:\/\/roveyayinevi.com.tr\/index.php\/urun\/cocuk-olumu-sarkilari\/"},"modified":"2026-04-03T02:45:52","modified_gmt":"2026-04-02T23:45:52","slug":"cocuk-olumu-sarkilari","status":"publish","type":"product","link":"https:\/\/roveyayinevi.com.tr\/index.php\/urun\/cocuk-olumu-sarkilari\/","title":{"rendered":"\u00c7ocuk \u00d6l\u00fcm\u00fc \u015eark\u0131lar\u0131"},"content":{"rendered":"<p>A\u015fk ve unutu\u015f g\u00fcnleri geliyor bazen de, bir an\u0131lar ve d\u00fc\u015fler demetinin beni kendine ba\u011flayan bir \u00f6zeti gibi. \u0130dil g\u00fcnleri geliyor ve unuttu\u011fumu hat\u0131rl\u0131yorum. Bir ara sevilmi\u015f ve sevmi\u015f olma hacc\u0131na kat\u0131lm\u0131\u015f, unutulmu\u015f ve unutmu\u015f olma cehenneminde beklemi\u015f biri oldu\u011fumu g\u00f6r\u00fcyor ve sonra kendime, halime bak\u0131p ac\u0131 ac\u0131 g\u00fcl\u00fcms\u00fcyorum. \u00c7ocuk \u00d6l\u00fcm\u00fc \u015eark\u0131lar\u0131 Hamdi Ko\u00e7\u2019un ilk roman\u0131. Ancak ilk romandan beklenmeyecek bir cesaret ve ustal\u0131k sergileyerek i\u00e7d\u00fcnyan\u0131n gizli b\u00f6lmelerini aral\u0131yor. Anne-o\u011ful ili\u015fkisine, yarat\u0131c\u0131l\u0131\u011f\u0131n ard\u0131ndaki tekinsiz dinamiklere, ya\u015famla \u00f6l\u00fcm aras\u0131ndaki ince ba\u011fa, s\u0131rr\u0131na erilmez m\u00fczi\u011fe dair bir \u00f6yk\u00fc anlatan bu k\u0131sa ama benzersiz kitap, t\u0131pk\u0131 gizemli ve h\u00fcz\u00fcnl\u00fc bir f\u00fcg gibi, derinlere i\u015fleyip ak\u0131ldan \u00e7\u0131km\u0131yor.<\/p>\n","protected":false},"excerpt":{"rendered":"<p>A\u015fk ve unutu\u015f g\u00fcnleri geliyor bazen de, bir an\u0131lar ve d\u00fc\u015fler demetinin beni kendine ba\u011flayan bir \u00f6zeti gibi. \u0130dil g\u00fcnleri geliyor ve unuttu\u011fumu hat\u0131rl\u0131yorum. Bir ara<span class=\"excerpt-hellip\"> [\u2026]<\/span><\/p>\n","protected":false},"featured_media":0,"template":"","meta":{"_monsterinsights_skip_tracking":false,"_monsterinsights_sitenote_active":false,"_monsterinsights_sitenote_note":"","_monsterinsights_sitenote_category":0},"product_brand":[],"product_cat":[12291,12711],"product_tag":[],"class_list":{"0":"post-730640","1":"product","2":"type-product","3":"status-publish","5":"product_cat-edebiyat","6":"product_cat-roman-oyku","7":"pa_cilt-ciltsiz","8":"pa_tur-kitap","9":"pa_yayinevi-can-yayinlari","10":"pa_yazar-hamdi-koc","12":"first","13":"instock","14":"sale","15":"shipping-taxable","16":"purchasable","17":"product-type-simple"},"_links":{"self":[{"href":"https:\/\/roveyayinevi.com.tr\/index.php\/wp-json\/wp\/v2\/product\/730640","targetHints":{"allow":["GET"]}}],"collection":[{"href":"https:\/\/roveyayinevi.com.tr\/index.php\/wp-json\/wp\/v2\/product"}],"about":[{"href":"https:\/\/roveyayinevi.com.tr\/index.php\/wp-json\/wp\/v2\/types\/product"}],"wp:attachment":[{"href":"https:\/\/roveyayinevi.com.tr\/index.php\/wp-json\/wp\/v2\/media?parent=730640"}],"wp:term":[{"taxonomy":"product_brand","embeddable":true,"href":"https:\/\/roveyayinevi.com.tr\/index.php\/wp-json\/wp\/v2\/product_brand?post=730640"},{"taxonomy":"product_cat","embeddable":true,"href":"https:\/\/roveyayinevi.com.tr\/index.php\/wp-json\/wp\/v2\/product_cat?post=730640"},{"taxonomy":"product_tag","embeddable":true,"href":"https:\/\/roveyayinevi.com.tr\/index.php\/wp-json\/wp\/v2\/product_tag?post=730640"}],"curies":[{"name":"wp","href":"https:\/\/api.w.org\/{rel}","templated":true}]}}