{"id":730637,"date":"2025-08-27T21:18:09","date_gmt":"2025-08-27T18:18:09","guid":{"rendered":"https:\/\/roveyayinevi.com.tr\/index.php\/urun\/benim-adim-sikinti\/"},"modified":"2026-04-16T02:38:34","modified_gmt":"2026-04-15T23:38:34","slug":"benim-adim-sikinti","status":"publish","type":"product","link":"https:\/\/roveyayinevi.com.tr\/index.php\/urun\/benim-adim-sikinti\/","title":{"rendered":"Benim Ad\u0131m S\u0131k\u0131nt\u0131"},"content":{"rendered":"<p>S\u0131k\u0131nt\u0131, bir an \u00d6nce kurtulmak gereken bir karabasan m\u0131; bir\u00e7ok yarat\u0131c\u0131 eylemin ba\u015flang\u0131c\u0131 m\u0131 yoksa? S\u0131k\u0131nt\u0131n\u0131n bilmedi\u011fimiz bir y\u00fcz\u00fc olabilir mi? Onunla yeniden tan\u0131\u015f\u0131p bar\u0131\u015fmak, hatta arkada\u015f olmak m\u00fcmk\u00fcn m\u00fc? Gaye G. \u00d6zdamar&#8217;\u0131n \u00f6zg\u00fcn metni, \u015eeyda \u00dcnal&#8217;\u0131n e\u015fsiz \u00e7izgileriyle birle\u015ferek, s\u0131k\u0131nt\u0131ya farkl\u0131 g\u00f6zlerle bakmaya davet ediyor bizi. <\/p>\n","protected":false},"excerpt":{"rendered":"<p>S\u0131k\u0131nt\u0131, bir an \u00d6nce kurtulmak gereken bir karabasan m\u0131; bir\u00e7ok yarat\u0131c\u0131 eylemin ba\u015flang\u0131c\u0131 m\u0131 yoksa? S\u0131k\u0131nt\u0131n\u0131n bilmedi\u011fimiz bir y\u00fcz\u00fc olabilir mi? Onunla yeniden tan\u0131\u015f\u0131p bar\u0131\u015fmak, hatta<span class=\"excerpt-hellip\"> [\u2026]<\/span><\/p>\n","protected":false},"featured_media":0,"template":"","meta":{"_monsterinsights_skip_tracking":false,"_monsterinsights_sitenote_active":false,"_monsterinsights_sitenote_note":"","_monsterinsights_sitenote_category":0},"product_brand":[],"product_cat":[12913,12274],"product_tag":[],"class_list":{"0":"post-730637","1":"product","2":"type-product","3":"status-publish","5":"product_cat-3-6-yas-kitaplari","6":"product_cat-cocuk-ve-genclik-kitaplari","7":"pa_cilt-ciltsiz","8":"pa_tur-kitap","9":"pa_yayinevi-nesin-yayinlari","10":"pa_yazar-gaye-g-ozdamar","12":"first","13":"instock","14":"sale","15":"shipping-taxable","16":"purchasable","17":"product-type-simple"},"_links":{"self":[{"href":"https:\/\/roveyayinevi.com.tr\/index.php\/wp-json\/wp\/v2\/product\/730637","targetHints":{"allow":["GET"]}}],"collection":[{"href":"https:\/\/roveyayinevi.com.tr\/index.php\/wp-json\/wp\/v2\/product"}],"about":[{"href":"https:\/\/roveyayinevi.com.tr\/index.php\/wp-json\/wp\/v2\/types\/product"}],"wp:attachment":[{"href":"https:\/\/roveyayinevi.com.tr\/index.php\/wp-json\/wp\/v2\/media?parent=730637"}],"wp:term":[{"taxonomy":"product_brand","embeddable":true,"href":"https:\/\/roveyayinevi.com.tr\/index.php\/wp-json\/wp\/v2\/product_brand?post=730637"},{"taxonomy":"product_cat","embeddable":true,"href":"https:\/\/roveyayinevi.com.tr\/index.php\/wp-json\/wp\/v2\/product_cat?post=730637"},{"taxonomy":"product_tag","embeddable":true,"href":"https:\/\/roveyayinevi.com.tr\/index.php\/wp-json\/wp\/v2\/product_tag?post=730637"}],"curies":[{"name":"wp","href":"https:\/\/api.w.org\/{rel}","templated":true}]}}