{"id":730632,"date":"2025-08-27T21:18:03","date_gmt":"2025-08-27T18:18:03","guid":{"rendered":"https:\/\/roveyayinevi.com.tr\/index.php\/urun\/bebekler-icin-klasikler-hansel-ve-gretel\/"},"modified":"2026-04-16T02:38:33","modified_gmt":"2026-04-15T23:38:33","slug":"bebekler-icin-klasikler-hansel-ve-gretel","status":"publish","type":"product","link":"https:\/\/roveyayinevi.com.tr\/index.php\/urun\/bebekler-icin-klasikler-hansel-ve-gretel\/","title":{"rendered":"Bebekler \u0130\u00e7in Klasikler \u2013 Hansel ve Gretel"},"content":{"rendered":"<p>Masal zaman\u0131! \u00c7ocuklara bebekliklerinden itibaren d\u00fczeylerine uygun \u00f6yk\u00fc ve masal okumak onlar\u0131n geli\u015fimleri  i\u00e7in \u00e7ok \u00f6nemli. Bu do\u011frultuda, d\u00fcnyaca \u00fcnl\u00fc klasik masallar minikler i\u00e7in yeniden uyarland\u0131.    Reng\u00e2renk, ilgi \u00e7ekici resimleri ve yal\u0131n anlat\u0131m\u0131yla Bebekler \u0130\u00e7in Klasikler dizisindeki kitaplar sayesinde bebe\u011finizle ba\u011f kurarak keyifli bir okuma saati ge\u00e7ireceksiniz. <\/p>\n","protected":false},"excerpt":{"rendered":"<p>Masal zaman\u0131! \u00c7ocuklara bebekliklerinden itibaren d\u00fczeylerine uygun \u00f6yk\u00fc ve masal okumak onlar\u0131n geli\u015fimleri i\u00e7in \u00e7ok \u00f6nemli. Bu do\u011frultuda, d\u00fcnyaca \u00fcnl\u00fc klasik masallar minikler i\u00e7in yeniden uyarland\u0131.<span class=\"excerpt-hellip\"> [\u2026]<\/span><\/p>\n","protected":false},"featured_media":0,"template":"","meta":{"_monsterinsights_skip_tracking":false,"_monsterinsights_sitenote_active":false,"_monsterinsights_sitenote_note":"","_monsterinsights_sitenote_category":0},"product_brand":[],"product_cat":[12274,12523],"product_tag":[],"class_list":{"0":"post-730632","1":"product","2":"type-product","3":"status-publish","5":"product_cat-cocuk-ve-genclik-kitaplari","6":"product_cat-masallar","7":"pa_cilt-ciltsiz","8":"pa_tur-kitap","9":"pa_yayinevi-1001-cicek-kitaplar","10":"pa_yazar-sylvie-roberge","12":"first","13":"instock","14":"sale","15":"shipping-taxable","16":"purchasable","17":"product-type-simple"},"_links":{"self":[{"href":"https:\/\/roveyayinevi.com.tr\/index.php\/wp-json\/wp\/v2\/product\/730632","targetHints":{"allow":["GET"]}}],"collection":[{"href":"https:\/\/roveyayinevi.com.tr\/index.php\/wp-json\/wp\/v2\/product"}],"about":[{"href":"https:\/\/roveyayinevi.com.tr\/index.php\/wp-json\/wp\/v2\/types\/product"}],"wp:attachment":[{"href":"https:\/\/roveyayinevi.com.tr\/index.php\/wp-json\/wp\/v2\/media?parent=730632"}],"wp:term":[{"taxonomy":"product_brand","embeddable":true,"href":"https:\/\/roveyayinevi.com.tr\/index.php\/wp-json\/wp\/v2\/product_brand?post=730632"},{"taxonomy":"product_cat","embeddable":true,"href":"https:\/\/roveyayinevi.com.tr\/index.php\/wp-json\/wp\/v2\/product_cat?post=730632"},{"taxonomy":"product_tag","embeddable":true,"href":"https:\/\/roveyayinevi.com.tr\/index.php\/wp-json\/wp\/v2\/product_tag?post=730632"}],"curies":[{"name":"wp","href":"https:\/\/api.w.org\/{rel}","templated":true}]}}