{"id":730620,"date":"2025-08-27T21:17:43","date_gmt":"2025-08-27T18:17:43","guid":{"rendered":"https:\/\/roveyayinevi.com.tr\/index.php\/urun\/bir-islak-yatak-vakasi\/"},"modified":"2026-04-16T02:38:33","modified_gmt":"2026-04-15T23:38:33","slug":"bir-islak-yatak-vakasi","status":"publish","type":"product","link":"https:\/\/roveyayinevi.com.tr\/index.php\/urun\/bir-islak-yatak-vakasi\/","title":{"rendered":"Bir Islak Yatak Vakas\u0131"},"content":{"rendered":"<p>\u00c7ocuk Dedektif Mert Soran ile tan\u0131\u015fmaya ve Kaka Devriyesi ile Ak\u0131nt\u0131 Ekibi\u2019nin bir par\u00e7as\u0131 olmaya haz\u0131r m\u0131s\u0131n\u0131z? \u00c7ocuk Dedektif Mert Soran\u2019\u0131n elinde \u00e7\u00f6z\u00fclmesi gereken bir dosya var: Bir Islak Yatak Vakas\u0131 isimli bu dosya Bu\u011fra ad\u0131nda, ak\u015famlar\u0131 yatak \u0131slatma y\u00fcz\u00fcnden kendini mutsuz hisseden bir \u00e7ocu\u011fa ait. Mert, Bu\u011fra ile yapt\u0131\u011f\u0131 g\u00f6r\u00fc\u015fmelerde b\u00fcy\u00fck bir titizlikle \u00f6nce onun problemini tespit ediyor, ard\u0131ndan problemin \u00e7\u00f6z\u00fcm\u00fc i\u00e7in bir yol haritas\u0131 olu\u015fturuyor ve son olarak da ad\u0131m ad\u0131m bu program\u0131 uygulamaya sokuyor. Sindirim sisteminin nas\u0131l i\u015fledi\u011fini e\u011flenceli grafikler arac\u0131l\u0131\u011f\u0131yla anlatarak yatak \u0131slatman\u0131n fizyolojik sebepleri hakk\u0131nda pratik bilgilendirmeler yap\u0131yor. Bu s\u00fcre\u00e7te arkada\u015f\u0131na sundu\u011fu \u00e7e\u015fitli istatistiklerle asl\u0131nda benzer sorunlar ya\u015fayan bir\u00e7ok \u00e7ocuk oldu\u011funun alt\u0131n\u0131 \u00e7izerek konuyu normalle\u015ftiriyor. Sonu\u00e7 olarak, Bu\u011fra\u2019n\u0131n bedeni \u00fczerinde kontrol kazanmas\u0131na ve bir arkada\u015f\u0131nda kalmak gibi sevdi\u011fi aktiviteleri yapabilmesine yard\u0131mc\u0131 oluyor. Psikolojik Dan\u0131\u015fman Petek Halman Kara\u2019n\u0131n yol g\u00f6steren \u00f6ns\u00f6z\u00fc ve Hayriye Selen \u0130yicil\u2019in ak\u0131c\u0131 \u00e7evirisiyle Bir Islak Yatak Vakas\u0131, yatak \u0131slatma konusunun hem genetik hem de fizyolojik sebeplerini inceliyor. Dr. Howard J. Bennett, bir\u00e7ok kitab\u0131nda oldu\u011fu gibi bu hikayede de \u00e7ocuklar\u0131n sa\u011fl\u0131k konusunda kar\u015f\u0131la\u015ft\u0131klar\u0131 g\u00fc\u00e7l\u00fcklere yaratt\u0131\u011f\u0131 samimi karakterler arac\u0131l\u0131\u011f\u0131yla e\u011flenceli bir bak\u0131\u015f a\u00e7\u0131s\u0131 sunuyor. Bir \u00e7ocuk doktoru olarak sahip oldu\u011fu klinik tecr\u00fcbeler ve pozitif yakla\u015f\u0131m\u0131 sayesinde yatak \u0131slatma gibi \u00fczerine konu\u015fmas\u0131 pek de kolay olmayan bir konuyu bile temas edilebilir k\u0131l\u0131yor. Amerikan Psikoloji Derne\u011fi \u00c7ocuk ve Gen\u00e7lik Kitaplar\u0131, \u00e7ocuklar\u0131n farkl\u0131 geli\u015fim d\u00f6nemlerinde kar\u015f\u0131la\u015ft\u0131klar\u0131 sorunlar\u0131 b\u00fcy\u00fck meseleler haline d\u00f6n\u00fc\u015fmeden nas\u0131l \u00e7\u00f6zeceklerini birbirinden ilgin\u00e7 hikayelerle anlat\u0131rken, onlar\u0131n konu\u015fmakta en zorland\u0131klar\u0131 konularla bile rahat\u00e7a temas edebilmelerine olanak sa\u011fl\u0131yor. Her \u00e7ocu\u011fun ve ailenin kendilerinden bir \u015feyler bulabilecekleri kadar do\u011fal, kendilerine uygun \u00e7\u00f6z\u00fcm yollar\u0131 ke\u015ffedebilecekleri kadar da zengin bir i\u00e7eri\u011fe sahip. \u00c7ocuklar hikaye kahramanlar\u0131yla rahat\u00e7a \u00f6zde\u015fim kurarak, onlar\u0131n maceralar\u0131 arac\u0131l\u0131\u011f\u0131yla kendi ruh d\u00fcnyalar\u0131nda bir yolculu\u011fa \u00e7\u0131k\u0131yorlar. APA\u2019n\u0131n her bir kitab\u0131, \u00e7ocuk ve yeti\u015fkin d\u00fcnyas\u0131 aras\u0131nda k\u00f6pr\u00fc kurarak, birbirleriyle olan ileti\u015fimlerini g\u00fc\u00e7lendiriyor. En \u00f6nemlisi de \u00e7ocuklara, kendi kendilerine nas\u0131l yard\u0131m edebilecekleri konusunda yol g\u00f6steriyor. \u00c7ocuk Dedektif Mert Soran ile tan\u0131\u015fmaya ve Kaka Devriyesi ile Ak\u0131nt\u0131 Ekibi\u2019nin bir par\u00e7as\u0131 olmaya haz\u0131r m\u0131s\u0131n\u0131z? \u00c7ocuk Dedektif Mert Soran\u2019\u0131n elinde \u00e7\u00f6z\u00fclmesi gereken bir dosya var: Bir Islak Yatak Vakas\u0131 isimli bu dosya Bu\u011fra ad\u0131nda, ak\u015famlar\u0131 yatak \u0131slatma y\u00fcz\u00fcnden kendini mutsuz hisseden bir \u00e7ocu\u011fa ait. Mert, Bu\u011fra ile yapt\u0131\u011f\u0131 g\u00f6r\u00fc\u015fmelerde b\u00fcy\u00fck bir titizlikle \u00f6nce onun problemini tespit ediyor, ard\u0131ndan problemin \u00e7\u00f6z\u00fcm\u00fc i\u00e7in bir yol haritas\u0131 olu\u015fturuyor ve son olarak da ad\u0131m ad\u0131m bu program\u0131 uygulamaya sokuyor. Sindirim sisteminin nas\u0131l i\u015fledi\u011fini e\u011flenceli grafikler arac\u0131l\u0131\u011f\u0131yla anlatarak yatak \u0131slatman\u0131n fizyolojik sebepleri hakk\u0131nda pratik bilgilendirmeler yap\u0131yor. Bu s\u00fcre\u00e7te arkada\u015f\u0131na sundu\u011fu \u00e7e\u015fitli istatistiklerle asl\u0131nda benzer sorunlar ya\u015fayan bir\u00e7ok \u00e7ocuk oldu\u011funun alt\u0131n\u0131 \u00e7izerek konuyu normalle\u015ftiriyor. Sonu\u00e7 olarak, Bu\u011fra\u2019n\u0131n bedeni \u00fczerinde kontrol kazanmas\u0131na ve bir arkada\u015f\u0131nda kalmak gibi sevdi\u011fi aktiviteleri yapabilmesine yard\u0131mc\u0131 oluyor. Psikolojik Dan\u0131\u015fman Petek Halman Kara\u2019n\u0131n yol g\u00f6steren \u00f6ns\u00f6z\u00fc ve Hayriye Selen \u0130yicil\u2019in ak\u0131c\u0131 \u00e7evirisiyle Bir Islak Yatak Vakas\u0131, yatak \u0131slatma konusunun hem genetik hem de fizyolojik sebeplerini inceliyor. Dr. Howard J. Bennett, bir\u00e7ok kitab\u0131nda oldu\u011fu gibi bu hikayede de \u00e7ocuklar\u0131n sa\u011fl\u0131k konusunda kar\u015f\u0131la\u015ft\u0131klar\u0131 g\u00fc\u00e7l\u00fcklere yaratt\u0131\u011f\u0131 samimi karakterler arac\u0131l\u0131\u011f\u0131yla e\u011flenceli bir bak\u0131\u015f a\u00e7\u0131s\u0131 sunuyor. Bir \u00e7ocuk doktoru olarak sahip oldu\u011fu klinik tecr\u00fcbeler ve pozitif yakla\u015f\u0131m\u0131 sayesinde yatak \u0131slatma gibi \u00fczerine konu\u015fmas\u0131 pek de kolay olmayan bir konuyu bile temas edilebilir k\u0131l\u0131yor.  Amerikan Psikoloji Derne\u011fi \u00c7ocuk ve Gen\u00e7lik Kitaplar\u0131, \u00e7ocuklar\u0131n farkl\u0131 geli\u015fim d\u00f6nemlerinde kar\u015f\u0131la\u015ft\u0131klar\u0131 sorunlar\u0131 b\u00fcy\u00fck meseleler haline d\u00f6n\u00fc\u015fmeden nas\u0131l \u00e7\u00f6zeceklerini birbirinden ilgin\u00e7 hikayelerle anlat\u0131rken, onlar\u0131n konu\u015fmakta en zorland\u0131klar\u0131 konularla bile rahat\u00e7a temas edebilmelerine olanak sa\u011fl\u0131yor. Her \u00e7ocu\u011fun ve ailenin kendilerinden bir \u015feyler bulabilecekleri kadar do\u011fal, kendilerine uygun \u00e7\u00f6z\u00fcm yollar\u0131 ke\u015ffedebilecekleri kadar da zengin bir i\u00e7eri\u011fe sahip. \u00c7ocuklar hikaye kahramanlar\u0131yla rahat\u00e7a \u00f6zde\u015fim kurarak, onlar\u0131n maceralar\u0131 arac\u0131l\u0131\u011f\u0131yla kendi ruh d\u00fcnyalar\u0131nda bir yolculu\u011fa \u00e7\u0131k\u0131yorlar. APA\u2019n\u0131n her bir kitab\u0131, \u00e7ocuk ve yeti\u015fkin d\u00fcnyas\u0131 aras\u0131nda k\u00f6pr\u00fc kurarak, birbirleriyle olan ileti\u015fimlerini g\u00fc\u00e7lendiriyor. En \u00f6nemlisi de \u00e7ocuklara, kendi kendilerine nas\u0131l yard\u0131m edebilecekleri konusunda yol g\u00f6steriyor. \u00c7ocuk Dedektif Mert Soran ile tan\u0131\u015fmaya ve Kaka Devriyesi ile Ak\u0131nt\u0131 Ekibi\u2019nin bir par\u00e7as\u0131 olmaya haz\u0131r m\u0131s\u0131n\u0131z?  \u00c7ocuk Dedektif Mert Soran\u2019\u0131n elinde \u00e7\u00f6z\u00fclmesi gereken bir dosya var: Bir Islak Yatak Vakas\u0131 isimli bu dosya Bu\u011fra ad\u0131nda, ak\u015famlar\u0131 yatak \u0131slatma y\u00fcz\u00fcnden kendini mutsuz hisseden bir \u00e7ocu\u011fa ait. Mert, Bu\u011fra ile yapt\u0131\u011f\u0131 g\u00f6r\u00fc\u015fmelerde b\u00fcy\u00fck bir titizlikle \u00f6nce onun problemini tespit ediyor, ard\u0131ndan problemin \u00e7\u00f6z\u00fcm\u00fc i\u00e7in bir yol haritas\u0131 olu\u015fturuyor ve son olarak da ad\u0131m ad\u0131m bu program\u0131 uygulamaya sokuyor. Sindirim sisteminin nas\u0131l i\u015fledi\u011fini e\u011flenceli grafikler arac\u0131l\u0131\u011f\u0131yla anlatarak yatak \u0131slatman\u0131n fizyolojik sebepleri hakk\u0131nda pratik bilgilendirmeler yap\u0131yor. Bu s\u00fcre\u00e7te arkada\u015f\u0131na sundu\u011fu \u00e7e\u015fitli istatistiklerle asl\u0131nda benzer sorunlar ya\u015fayan bir\u00e7ok \u00e7ocuk oldu\u011funun alt\u0131n\u0131 \u00e7izerek konuyu normalle\u015ftiriyor. Sonu\u00e7 olarak, Bu\u011fra\u2019n\u0131n bedeni \u00fczerinde kontrol kazanmas\u0131na ve bir arkada\u015f\u0131nda kalmak gibi sevdi\u011fi aktiviteleri yapabilmesine yard\u0131mc\u0131 oluyor. Psikolojik Dan\u0131\u015fman Petek Halman Kara\u2019n\u0131n yol g\u00f6steren \u00f6ns\u00f6z\u00fc ve Hayriye Selen \u0130yicil\u2019in ak\u0131c\u0131 \u00e7evirisiyle Bir Islak Yatak Vakas\u0131, yatak \u0131slatma konusunun hem genetik hem de fizyolojik sebeplerini inceliyor. Dr. Howard J. Bennett, bir\u00e7ok kitab\u0131nda oldu\u011fu gibi bu hikayede de \u00e7ocuklar\u0131n sa\u011fl\u0131k konusunda kar\u015f\u0131la\u015ft\u0131klar\u0131 g\u00fc\u00e7l\u00fcklere yaratt\u0131\u011f\u0131 samimi karakterler arac\u0131l\u0131\u011f\u0131yla e\u011flenceli bir bak\u0131\u015f a\u00e7\u0131s\u0131 sunuyor. Bir \u00e7ocuk doktoru olarak sahip oldu\u011fu klinik tecr\u00fcbeler ve pozitif yakla\u015f\u0131m\u0131 sayesinde yatak \u0131slatma gibi \u00fczerine konu\u015fmas\u0131 pek de kolay olmayan bir konuyu bile temas edilebilir k\u0131l\u0131yor. Amerikan Psikoloji Derne\u011fi \u00c7ocuk ve Gen\u00e7lik Kitaplar\u0131, \u00e7ocuklar\u0131n farkl\u0131 geli\u015fim d\u00f6nemlerinde kar\u015f\u0131la\u015ft\u0131klar\u0131 sorunlar\u0131 b\u00fcy\u00fck meseleler haline d\u00f6n\u00fc\u015fmeden nas\u0131l \u00e7\u00f6zeceklerini birbirinden ilgin\u00e7 hikayelerle anlat\u0131rken, onlar\u0131n konu\u015fmakta en zorland\u0131klar\u0131 konularla bile rahat\u00e7a temas edebilmelerine olanak sa\u011fl\u0131yor. Her \u00e7ocu\u011fun ve ailenin kendilerinden bir \u015feyler bulabilecekleri kadar do\u011fal, kendilerine uygun \u00e7\u00f6z\u00fcm yollar\u0131 ke\u015ffedebilecekleri kadar da zengin bir i\u00e7eri\u011fe sahip. \u00c7ocuklar hikaye kahramanlar\u0131yla rahat\u00e7a \u00f6zde\u015fim kurarak, onlar\u0131n maceralar\u0131 arac\u0131l\u0131\u011f\u0131yla kendi ruh d\u00fcnyalar\u0131nda bir yolculu\u011fa \u00e7\u0131k\u0131yorlar.APA\u2019n\u0131n her bir kitab\u0131, \u00e7ocuk ve yeti\u015fkin d\u00fcnyas\u0131 aras\u0131nda k\u00f6pr\u00fc kurarak, birbirleriyle olan ileti\u015fimlerini g\u00fc\u00e7lendiriyor. En \u00f6nemlisi de \u00e7ocuklara, kendi kendilerine nas\u0131l yard\u0131m edebilecekleri konusunda yol g\u00f6steriyor. \u00c7ocuk Dedektif Mert Soran ile tan\u0131\u015fmaya ve Kaka Devriyesi ile Ak\u0131nt\u0131 Ekibi\u2019nin bir par\u00e7as\u0131 olmaya haz\u0131r m\u0131s\u0131n\u0131z? \u00c7ocuk Dedektif Mert Soran\u2019\u0131n elinde \u00e7\u00f6z\u00fclmesi gereken bir dosya var: Bir Islak Yatak Vakas\u0131 isimli bu dosya Bu\u011fra ad\u0131nda, ak\u015famlar\u0131 yatak \u0131slatma y\u00fcz\u00fcnden kendini mutsuz hisseden bir \u00e7ocu\u011fa ait. Mert, Bu\u011fra ile yapt\u0131\u011f\u0131 g\u00f6r\u00fc\u015fmelerde b\u00fcy\u00fck bir titizlikle \u00f6nce onun problemini tespit ediyor, ard\u0131ndan problemin \u00e7\u00f6z\u00fcm\u00fc i\u00e7in bir yol haritas\u0131 olu\u015fturuyor ve son olarak da ad\u0131m ad\u0131m bu program\u0131 uygulamaya sokuyor. Sindirim sisteminin nas\u0131l i\u015fledi\u011fini e\u011flenceli grafikler arac\u0131l\u0131\u011f\u0131yla anlatarak yatak \u0131slatman\u0131n fizyolojik sebepleri hakk\u0131nda pratik bilgilendirmeler yap\u0131yor. Bu s\u00fcre\u00e7te arkada\u015f\u0131na sundu\u011fu \u00e7e\u015fitli istatistiklerle asl\u0131nda benzer sorunlar ya\u015fayan bir\u00e7ok \u00e7ocuk oldu\u011funun alt\u0131n\u0131 \u00e7izerek konuyu normalle\u015ftiriyor. Sonu\u00e7 olarak, Bu\u011fra\u2019n\u0131n bedeni \u00fczerinde kontrol kazanmas\u0131na ve bir arkada\u015f\u0131nda kalmak gibi sevdi\u011fi aktiviteleri yapabilmesine yard\u0131mc\u0131 oluyor. Psikolojik Dan\u0131\u015fman Petek Halman Kara\u2019n\u0131n yol g\u00f6steren \u00f6ns\u00f6z\u00fc ve Hayriye Selen \u0130yicil\u2019in ak\u0131c\u0131 \u00e7evirisiyle Bir Islak Yatak Vakas\u0131, yatak \u0131slatma konusunun hem genetik hem de fizyolojik sebeplerini inceliyor. Dr. Howard J. Bennett, bir\u00e7ok kitab\u0131nda oldu\u011fu gibi bu hikayede de \u00e7ocuklar\u0131n sa\u011fl\u0131k konusunda kar\u015f\u0131la\u015ft\u0131klar\u0131 g\u00fc\u00e7l\u00fcklere yaratt\u0131\u011f\u0131 samimi karakterler arac\u0131l\u0131\u011f\u0131yla e\u011flenceli bir bak\u0131\u015f a\u00e7\u0131s\u0131 sunuyor. Bir \u00e7ocuk doktoru olarak sahip oldu\u011fu klinik tecr\u00fcbeler ve pozitif yakla\u015f\u0131m\u0131 sayesinde yatak \u0131slatma gibi \u00fczerine konu\u015fmas\u0131 pek de kolay olmayan bir konuyu bile temas edilebilir k\u0131l\u0131yor. Amerikan Psikoloji Derne\u011fi \u00c7ocuk ve Gen\u00e7lik Kitaplar\u0131, \u00e7ocuklar\u0131n farkl\u0131 geli\u015fim d\u00f6nemlerinde kar\u015f\u0131la\u015ft\u0131klar\u0131 sorunlar\u0131 b\u00fcy\u00fck meseleler haline d\u00f6n\u00fc\u015fmeden nas\u0131l \u00e7\u00f6zeceklerini birbirinden ilgin\u00e7 hikayelerle anlat\u0131rken, onlar\u0131n konu\u015fmakta en zorland\u0131klar\u0131 konularla bile rahat\u00e7a temas edebilmelerine olanak sa\u011fl\u0131yor. Her \u00e7ocu\u011fun ve ailenin kendilerinden bir \u015feyler bulabilecekleri kadar do\u011fal, kendilerine uygun \u00e7\u00f6z\u00fcm yollar\u0131 ke\u015ffedebilecekleri kadar da zengin bir i\u00e7eri\u011fe sahip. \u00c7ocuklar hikaye kahramanlar\u0131yla rahat\u00e7a \u00f6zde\u015fim kurarak, onlar\u0131n maceralar\u0131 arac\u0131l\u0131\u011f\u0131yla kendi ruh d\u00fcnyalar\u0131nda bir yolculu\u011fa \u00e7\u0131k\u0131yorlar. APA\u2019n\u0131n her bir kitab\u0131, \u00e7ocuk ve yeti\u015fkin d\u00fcnyas\u0131 aras\u0131nda k\u00f6pr\u00fc kurarak, birbirleriyle olan ileti\u015fimlerini g\u00fc\u00e7lendiriyor. En \u00f6nemlisi de \u00e7ocuklara, kendi kendilerine nas\u0131l yard\u0131m edebilecekleri konusunda yol g\u00f6steriyor. <\/p>\n","protected":false},"excerpt":{"rendered":"<p>\u00c7ocuk Dedektif Mert Soran ile tan\u0131\u015fmaya ve Kaka Devriyesi ile Ak\u0131nt\u0131 Ekibi\u2019nin bir par\u00e7as\u0131 olmaya haz\u0131r m\u0131s\u0131n\u0131z? \u00c7ocuk Dedektif Mert Soran\u2019\u0131n elinde \u00e7\u00f6z\u00fclmesi gereken bir dosya<span class=\"excerpt-hellip\"> [\u2026]<\/span><\/p>\n","protected":false},"featured_media":0,"template":"","meta":{"_monsterinsights_skip_tracking":false,"_monsterinsights_sitenote_active":false,"_monsterinsights_sitenote_note":"","_monsterinsights_sitenote_category":0},"product_brand":[],"product_cat":[12913,12274],"product_tag":[],"class_list":{"0":"post-730620","1":"product","2":"type-product","3":"status-publish","5":"product_cat-3-6-yas-kitaplari","6":"product_cat-cocuk-ve-genclik-kitaplari","7":"pa_cilt-ciltsiz","8":"pa_tur-kitap","9":"pa_yayinevi-okuyan-koala","10":"pa_yazar-howard-j-bennett","12":"first","13":"instock","14":"sale","15":"shipping-taxable","16":"purchasable","17":"product-type-simple"},"_links":{"self":[{"href":"https:\/\/roveyayinevi.com.tr\/index.php\/wp-json\/wp\/v2\/product\/730620","targetHints":{"allow":["GET"]}}],"collection":[{"href":"https:\/\/roveyayinevi.com.tr\/index.php\/wp-json\/wp\/v2\/product"}],"about":[{"href":"https:\/\/roveyayinevi.com.tr\/index.php\/wp-json\/wp\/v2\/types\/product"}],"wp:attachment":[{"href":"https:\/\/roveyayinevi.com.tr\/index.php\/wp-json\/wp\/v2\/media?parent=730620"}],"wp:term":[{"taxonomy":"product_brand","embeddable":true,"href":"https:\/\/roveyayinevi.com.tr\/index.php\/wp-json\/wp\/v2\/product_brand?post=730620"},{"taxonomy":"product_cat","embeddable":true,"href":"https:\/\/roveyayinevi.com.tr\/index.php\/wp-json\/wp\/v2\/product_cat?post=730620"},{"taxonomy":"product_tag","embeddable":true,"href":"https:\/\/roveyayinevi.com.tr\/index.php\/wp-json\/wp\/v2\/product_tag?post=730620"}],"curies":[{"name":"wp","href":"https:\/\/api.w.org\/{rel}","templated":true}]}}