{"id":730616,"date":"2025-08-27T21:17:38","date_gmt":"2025-08-27T18:17:38","guid":{"rendered":"https:\/\/roveyayinevi.com.tr\/index.php\/urun\/olumcul-oykuler\/"},"modified":"2026-04-07T02:47:33","modified_gmt":"2026-04-06T23:47:33","slug":"olumcul-oykuler","status":"publish","type":"product","link":"https:\/\/roveyayinevi.com.tr\/index.php\/urun\/olumcul-oykuler\/","title":{"rendered":"\u00d6l\u00fcmc\u00fcl \u00d6yk\u00fcler"},"content":{"rendered":"<p>\u00d6l\u00fcmc\u00fcl Hik\u00e2yeler ba\u015fl\u0131\u011f\u0131 alt\u0131nda sunulan bu se\u00e7ki, yazar\u0131n bilinen gotik havas\u0131n\u0131n yan\u0131 s\u0131ra i\u00e7indeki bilim kurgu hik\u00e2yesi sayesinde tan\u0131mad\u0131\u011f\u0131n\u0131z bir Poe ile sizleri tan\u0131\u015ft\u0131racak. Jules Verne\u2019den otuz y\u0131l \u00f6nce Poe\u2019nun aya yolculukla ilgili bir hik\u00e2yesi oldu\u011funu daha \u00f6nce duymu\u015f muydunuz? Hem de \u00f6yle bir yolculuk ki sizleri bulutlar\u0131n \u00fczerine \u00e7\u0131karacak ve bir daha ayaklar\u0131n\u0131z\u0131n yere basmas\u0131n\u0131 engelleyecek cinsten. \u00d6l\u00fcm kokan, sat\u0131rlar\u0131ndan damla damla korku akan hik\u00e2yeleri ise aniden \u00fcrpermenize neden olacak. Ancak bir yandan da ruhunuzun karanl\u0131k k\u00f6\u015felerine dokunacak. <\/p>\n","protected":false},"excerpt":{"rendered":"<p>\u00d6l\u00fcmc\u00fcl Hik\u00e2yeler ba\u015fl\u0131\u011f\u0131 alt\u0131nda sunulan bu se\u00e7ki, yazar\u0131n bilinen gotik havas\u0131n\u0131n yan\u0131 s\u0131ra i\u00e7indeki bilim kurgu hik\u00e2yesi sayesinde tan\u0131mad\u0131\u011f\u0131n\u0131z bir Poe ile sizleri tan\u0131\u015ft\u0131racak. Jules Verne\u2019den<span class=\"excerpt-hellip\"> [\u2026]<\/span><\/p>\n","protected":false},"featured_media":0,"template":"","meta":{"_monsterinsights_skip_tracking":false,"_monsterinsights_sitenote_active":false,"_monsterinsights_sitenote_note":"","_monsterinsights_sitenote_category":0},"product_brand":[],"product_cat":[12274,12284],"product_tag":[],"class_list":{"0":"post-730616","1":"product","2":"type-product","3":"status-publish","5":"product_cat-cocuk-ve-genclik-kitaplari","6":"product_cat-hikayeler","7":"pa_cilt-ciltsiz","8":"pa_tur-kitap","9":"pa_yayinevi-fol-kitap","10":"pa_yazar-edgar-allan-poe","12":"first","13":"instock","14":"sale","15":"shipping-taxable","16":"purchasable","17":"product-type-simple"},"_links":{"self":[{"href":"https:\/\/roveyayinevi.com.tr\/index.php\/wp-json\/wp\/v2\/product\/730616","targetHints":{"allow":["GET"]}}],"collection":[{"href":"https:\/\/roveyayinevi.com.tr\/index.php\/wp-json\/wp\/v2\/product"}],"about":[{"href":"https:\/\/roveyayinevi.com.tr\/index.php\/wp-json\/wp\/v2\/types\/product"}],"wp:attachment":[{"href":"https:\/\/roveyayinevi.com.tr\/index.php\/wp-json\/wp\/v2\/media?parent=730616"}],"wp:term":[{"taxonomy":"product_brand","embeddable":true,"href":"https:\/\/roveyayinevi.com.tr\/index.php\/wp-json\/wp\/v2\/product_brand?post=730616"},{"taxonomy":"product_cat","embeddable":true,"href":"https:\/\/roveyayinevi.com.tr\/index.php\/wp-json\/wp\/v2\/product_cat?post=730616"},{"taxonomy":"product_tag","embeddable":true,"href":"https:\/\/roveyayinevi.com.tr\/index.php\/wp-json\/wp\/v2\/product_tag?post=730616"}],"curies":[{"name":"wp","href":"https:\/\/api.w.org\/{rel}","templated":true}]}}