{"id":730613,"date":"2025-08-27T21:17:35","date_gmt":"2025-08-27T18:17:35","guid":{"rendered":"https:\/\/roveyayinevi.com.tr\/index.php\/urun\/bir-dunya-oyku\/"},"modified":"2026-04-16T02:38:33","modified_gmt":"2026-04-15T23:38:33","slug":"bir-dunya-oyku","status":"publish","type":"product","link":"https:\/\/roveyayinevi.com.tr\/index.php\/urun\/bir-dunya-oyku\/","title":{"rendered":"Bir D\u00fcnya \u00d6yk\u00fc"},"content":{"rendered":"<p>1.Ra\u015fomon 2.Palto &#8211; Burun 3.Midas\u2019\u0131n M\u00fcritleri 4.Bir \u0130dam Mahk\u00fbmunun Son G\u00fcn\u00fc 5.Alt\u0131nc\u0131 Ko\u011fu\u015f 6.\u00c2dem ile Havva\u2019n\u0131n G\u00fcncesi 7.\u00d6l\u00fcmc\u00fcl \u00d6yk\u00fcler \u00dc\u00e7 Romantik Hik\u00e2ye<\/p>\n","protected":false},"excerpt":{"rendered":"<p>1.Ra\u015fomon 2.Palto &#8211; Burun 3.Midas\u2019\u0131n M\u00fcritleri 4.Bir \u0130dam Mahk\u00fbmunun Son G\u00fcn\u00fc 5.Alt\u0131nc\u0131 Ko\u011fu\u015f 6.\u00c2dem ile Havva\u2019n\u0131n G\u00fcncesi 7.\u00d6l\u00fcmc\u00fcl \u00d6yk\u00fcler \u00dc\u00e7 Romantik Hik\u00e2ye<\/p>\n","protected":false},"featured_media":0,"template":"","meta":{"_monsterinsights_skip_tracking":false,"_monsterinsights_sitenote_active":false,"_monsterinsights_sitenote_note":"","_monsterinsights_sitenote_category":0},"product_brand":[],"product_cat":[12291,18202],"product_tag":[],"class_list":{"0":"post-730613","1":"product","2":"type-product","3":"status-publish","5":"product_cat-edebiyat","6":"product_cat-hikaye","7":"pa_cilt-set","8":"pa_tur-kitap","9":"pa_yayinevi-fol-kitap","10":"pa_yazar-fol-kitap-kolektif","12":"first","13":"instock","14":"sale","15":"shipping-taxable","16":"purchasable","17":"product-type-simple"},"_links":{"self":[{"href":"https:\/\/roveyayinevi.com.tr\/index.php\/wp-json\/wp\/v2\/product\/730613","targetHints":{"allow":["GET"]}}],"collection":[{"href":"https:\/\/roveyayinevi.com.tr\/index.php\/wp-json\/wp\/v2\/product"}],"about":[{"href":"https:\/\/roveyayinevi.com.tr\/index.php\/wp-json\/wp\/v2\/types\/product"}],"wp:attachment":[{"href":"https:\/\/roveyayinevi.com.tr\/index.php\/wp-json\/wp\/v2\/media?parent=730613"}],"wp:term":[{"taxonomy":"product_brand","embeddable":true,"href":"https:\/\/roveyayinevi.com.tr\/index.php\/wp-json\/wp\/v2\/product_brand?post=730613"},{"taxonomy":"product_cat","embeddable":true,"href":"https:\/\/roveyayinevi.com.tr\/index.php\/wp-json\/wp\/v2\/product_cat?post=730613"},{"taxonomy":"product_tag","embeddable":true,"href":"https:\/\/roveyayinevi.com.tr\/index.php\/wp-json\/wp\/v2\/product_tag?post=730613"}],"curies":[{"name":"wp","href":"https:\/\/api.w.org\/{rel}","templated":true}]}}