{"id":730611,"date":"2025-08-27T21:17:33","date_gmt":"2025-08-27T18:17:33","guid":{"rendered":"https:\/\/roveyayinevi.com.tr\/index.php\/urun\/adem-ile-havvanin-guncesi-3\/"},"modified":"2026-04-16T02:38:33","modified_gmt":"2026-04-15T23:38:33","slug":"adem-ile-havvanin-guncesi-3","status":"publish","type":"product","link":"https:\/\/roveyayinevi.com.tr\/index.php\/urun\/adem-ile-havvanin-guncesi-3\/","title":{"rendered":"Adem ile Havva\u2019n\u0131n G\u00fcncesi"},"content":{"rendered":"<p>\u0130lk a\u015fk, ilk g\u00fcnah, ilk \u00f6l\u00fcm\u2026 \u00c2dem ile Havva\u2026 \u0130nsanl\u0131k tarihinin en ilgi \u00e7eken ikilisi\u2026 Nas\u0131l cennetten kovuldular? D\u00fcnyay\u0131 ke\u015ffederken neler ya\u015fad\u0131lar? Sadece dinlerin de\u011fil edebiyat, resim, mimari gibi daha pek \u00e7ok sahan\u0131n cazibe oda\u011f\u0131 olmaya devam eden \u00e7iftin hik\u00e2yesi Mark Twain\u2019in keskin mizah\u0131 ile birle\u015fince ak\u0131llara durgunluk veren bir g\u00f6steriye d\u00f6n\u00fc\u015f\u00fcyor. \u0130nsan oldu\u011funu ke\u015ffetmeye \u00e7al\u0131\u015fan ikili aras\u0131ndaki kad\u0131n erkek m\u00fccadelesi ve ya\u015fama tutunma \u00e7abas\u0131 da e\u011flenceli bir \u00fcslupla g\u00fcnl\u00fc\u011fe d\u00f6n\u00fc\u015ft\u00fcr\u00fclerek g\u00f6zler \u00f6n\u00fcne seriliyor. Kendisine bakarken d\u00fcn g\u00f6le d\u00fc\u015ft\u00fc. Zaten hep g\u00f6lde kendisine bak\u0131p duruyordu. Az kals\u0131n bo\u011fulacakt\u0131. Bunun \u00e7ok k\u00f6t\u00fc bir \u015fey oldu\u011funu s\u00f6yledi. Bunun \u00fczerine ad\u0131na bal\u0131k dedi\u011fi ve g\u00f6lde ya\u015fayan yarat\u0131klara \u00e7ok \u00fcz\u00fcld\u00fc. \u0130sme ihtiyac\u0131 olmayan ve isimleri s\u00f6ylendi\u011finde gelmeyen \u015feylere isim takmaya devam ediyor \u00e7\u00fcnk\u00fc \u00e7ok inat\u00e7\u0131 birisi ve bunu hi\u00e7 umursam\u0131yor. Ge\u00e7en gece bir s\u00fcr\u00fc bal\u0131\u011f\u0131 sudan \u00e7\u0131kararak \u0131s\u0131nmalar\u0131 i\u00e7in yata\u011f\u0131ma getirdi. Hem o gece hem de bug\u00fcn dikkat ettim de \u00f6ncekinden daha mutlu olmad\u0131lar, yaln\u0131zca daha sessizler o kadar&#8230; <\/p>\n","protected":false},"excerpt":{"rendered":"<p>\u0130lk a\u015fk, ilk g\u00fcnah, ilk \u00f6l\u00fcm\u2026 \u00c2dem ile Havva\u2026 \u0130nsanl\u0131k tarihinin en ilgi \u00e7eken ikilisi\u2026 Nas\u0131l cennetten kovuldular? D\u00fcnyay\u0131 ke\u015ffederken neler ya\u015fad\u0131lar? Sadece dinlerin de\u011fil edebiyat,<span class=\"excerpt-hellip\"> [\u2026]<\/span><\/p>\n","protected":false},"featured_media":0,"template":"","meta":{"_monsterinsights_skip_tracking":false,"_monsterinsights_sitenote_active":false,"_monsterinsights_sitenote_note":"","_monsterinsights_sitenote_category":0},"product_brand":[],"product_cat":[12274,12284],"product_tag":[],"class_list":{"0":"post-730611","1":"product","2":"type-product","3":"status-publish","5":"product_cat-cocuk-ve-genclik-kitaplari","6":"product_cat-hikayeler","7":"pa_cilt-ciltsiz","8":"pa_tur-kitap","9":"pa_yayinevi-fol-kitap","10":"pa_yazar-mark-twain","12":"first","13":"instock","14":"sale","15":"shipping-taxable","16":"purchasable","17":"product-type-simple"},"_links":{"self":[{"href":"https:\/\/roveyayinevi.com.tr\/index.php\/wp-json\/wp\/v2\/product\/730611","targetHints":{"allow":["GET"]}}],"collection":[{"href":"https:\/\/roveyayinevi.com.tr\/index.php\/wp-json\/wp\/v2\/product"}],"about":[{"href":"https:\/\/roveyayinevi.com.tr\/index.php\/wp-json\/wp\/v2\/types\/product"}],"wp:attachment":[{"href":"https:\/\/roveyayinevi.com.tr\/index.php\/wp-json\/wp\/v2\/media?parent=730611"}],"wp:term":[{"taxonomy":"product_brand","embeddable":true,"href":"https:\/\/roveyayinevi.com.tr\/index.php\/wp-json\/wp\/v2\/product_brand?post=730611"},{"taxonomy":"product_cat","embeddable":true,"href":"https:\/\/roveyayinevi.com.tr\/index.php\/wp-json\/wp\/v2\/product_cat?post=730611"},{"taxonomy":"product_tag","embeddable":true,"href":"https:\/\/roveyayinevi.com.tr\/index.php\/wp-json\/wp\/v2\/product_tag?post=730611"}],"curies":[{"name":"wp","href":"https:\/\/api.w.org\/{rel}","templated":true}]}}