{"id":730610,"date":"2025-08-27T21:17:32","date_gmt":"2025-08-27T18:17:32","guid":{"rendered":"https:\/\/roveyayinevi.com.tr\/index.php\/urun\/ayurveda-saglikli-ve-mutlu-yasamin-sirlari\/"},"modified":"2026-04-16T02:38:33","modified_gmt":"2026-04-15T23:38:33","slug":"ayurveda-saglikli-ve-mutlu-yasamin-sirlari","status":"publish","type":"product","link":"https:\/\/roveyayinevi.com.tr\/index.php\/urun\/ayurveda-saglikli-ve-mutlu-yasamin-sirlari\/","title":{"rendered":"Ayurveda Sa\u011fl\u0131kl\u0131 ve Mutlu Ya\u015fam\u0131n S\u0131rlar\u0131"},"content":{"rendered":"<p>Ayurveda, k\u00f6keni 5000 y\u0131l \u00f6ncesi Hindistan k\u00fclt\u00fcr\u00fcne dayanan en eski t\u0131p sistemidir ve kelime anlam\u0131 olarak ya\u015fam bilgisi demektir. Ayurveda\u2019n\u0131n amac\u0131, do\u011fa ile uyumlu ya\u015famak ve bedenimizdeki dengeyi sa\u011flamakt\u0131r. Dr. Kulreet Chaudhary, ald\u0131\u011f\u0131 modern t\u0131p e\u011fitimiyle Ayurveda aras\u0131nda bir k\u00f6pr\u00fc in\u015fa eder ve bu bilgi birikimini, kolayca uygulanabilir \u015fekilde okuyucuya sunar. Fiziksel ve bedensel b\u00fct\u00fcnl\u00fc\u011f\u00fcm\u00fcz\u00fc dengede tutmak ve v\u00fccudumuzun sahip olabilece\u011fi en iyi h\u00e2line gelmesinin yollar\u0131n\u0131 bize g\u00f6sterir. Bu kitapla neler \u00f6\u011freneceksiniz? Ya\u015fam tarz\u0131 al\u0131\u015fkanl\u0131klar\u0131n\u0131z\u0131 iyile\u015ftirmek i\u00e7in v\u00fccudunuzun kimyas\u0131n\u0131 nas\u0131l de\u011fi\u015ftirebilirsiniz? N\u00f6ro-adaptasyon yiyecek ba\u011f\u0131ml\u0131l\u0131\u011f\u0131 ve beyin ili\u015fkisi (Neden beyniniz ve ba\u011f\u0131rsaklar\u0131n\u0131z kilo vermenize engel oluyor?)  Kilo vermek, neden ne yedi\u011finizle de\u011fil ne sindirdi\u011finizle ilgilidir? A\u015f\u0131r\u0131 yeme iste\u011finden ve ya\u011flardan nas\u0131l kurtulabilir, enerjinizi nas\u0131l y\u00fckseltebilirsiniz? Hayat\u0131n\u0131z\u0131n en muhte\u015fem \u00e7a\u011f\u0131n\u0131 ya\u015famaya haz\u0131r m\u0131s\u0131n\u0131z? Ayurveda, k\u00f6keni 5000 y\u0131l \u00f6ncesi Hindistan k\u00fclt\u00fcr\u00fcne dayanan en eski t\u0131p sistemidir ve kelime anlam\u0131 olarak ya\u015fam bilgisi demektir. Ayurveda\u2019n\u0131n amac\u0131, do\u011fa ile uyumlu ya\u015famak ve bedenimizdeki dengeyi sa\u011flamakt\u0131r. Dr. Kulreet Chaudhary, ald\u0131\u011f\u0131 modern t\u0131p e\u011fitimiyle Ayurveda aras\u0131nda bir k\u00f6pr\u00fc in\u015fa eder ve bu bilgi birikimini, kolayca uygulanabilir \u015fekilde okuyucuya sunar. Fiziksel ve bedensel b\u00fct\u00fcnl\u00fc\u011f\u00fcm\u00fcz\u00fc dengede tutmak ve v\u00fccudumuzun sahip olabilece\u011fi en iyi h\u00e2line gelmesinin yollar\u0131n\u0131 bize g\u00f6sterir. Bu kitapla neler \u00f6\u011freneceksiniz? Ya\u015fam tarz\u0131 al\u0131\u015fkanl\u0131klar\u0131n\u0131z\u0131 iyile\u015ftirmek i\u00e7in v\u00fccudunuzun kimyas\u0131n\u0131 nas\u0131l de\u011fi\u015ftirebilirsiniz? N\u00f6ro-adaptasyon yiyecek ba\u011f\u0131ml\u0131l\u0131\u011f\u0131 ve beyin ili\u015fkisi (Neden beyniniz ve ba\u011f\u0131rsaklar\u0131n\u0131z kilo vermenize engel oluyor?)  Kilo vermek, neden ne yedi\u011finizle de\u011fil ne sindirdi\u011finizle ilgilidir? A\u015f\u0131r\u0131 yeme iste\u011finden ve ya\u011flardan nas\u0131l kurtulabilir, enerjinizi nas\u0131l y\u00fckseltebilirsiniz? Hayat\u0131n\u0131z\u0131n en muhte\u015fem \u00e7a\u011f\u0131n\u0131 ya\u015famaya haz\u0131r m\u0131s\u0131n\u0131z? <\/p>\n","protected":false},"excerpt":{"rendered":"<p>Ayurveda, k\u00f6keni 5000 y\u0131l \u00f6ncesi Hindistan k\u00fclt\u00fcr\u00fcne dayanan en eski t\u0131p sistemidir ve kelime anlam\u0131 olarak ya\u015fam bilgisi demektir. Ayurveda\u2019n\u0131n amac\u0131, do\u011fa ile uyumlu ya\u015famak ve<span class=\"excerpt-hellip\"> [\u2026]<\/span><\/p>\n","protected":false},"featured_media":0,"template":"","meta":{"_monsterinsights_skip_tracking":false,"_monsterinsights_sitenote_active":false,"_monsterinsights_sitenote_note":"","_monsterinsights_sitenote_category":0},"product_brand":[],"product_cat":[13366,13365],"product_tag":[],"class_list":{"0":"post-730610","1":"product","2":"type-product","3":"status-publish","5":"product_cat-diger-saglik","6":"product_cat-saglik","7":"pa_cilt-ciltsiz","8":"pa_tur-kitap","9":"pa_yayinevi-eksik-parca-yayinlari","10":"pa_yazar-kulreet-chaudhary-eve-adamson","12":"first","13":"instock","14":"sale","15":"shipping-taxable","16":"purchasable","17":"product-type-simple"},"_links":{"self":[{"href":"https:\/\/roveyayinevi.com.tr\/index.php\/wp-json\/wp\/v2\/product\/730610","targetHints":{"allow":["GET"]}}],"collection":[{"href":"https:\/\/roveyayinevi.com.tr\/index.php\/wp-json\/wp\/v2\/product"}],"about":[{"href":"https:\/\/roveyayinevi.com.tr\/index.php\/wp-json\/wp\/v2\/types\/product"}],"wp:attachment":[{"href":"https:\/\/roveyayinevi.com.tr\/index.php\/wp-json\/wp\/v2\/media?parent=730610"}],"wp:term":[{"taxonomy":"product_brand","embeddable":true,"href":"https:\/\/roveyayinevi.com.tr\/index.php\/wp-json\/wp\/v2\/product_brand?post=730610"},{"taxonomy":"product_cat","embeddable":true,"href":"https:\/\/roveyayinevi.com.tr\/index.php\/wp-json\/wp\/v2\/product_cat?post=730610"},{"taxonomy":"product_tag","embeddable":true,"href":"https:\/\/roveyayinevi.com.tr\/index.php\/wp-json\/wp\/v2\/product_tag?post=730610"}],"curies":[{"name":"wp","href":"https:\/\/api.w.org\/{rel}","templated":true}]}}