{"id":730609,"date":"2025-08-27T21:17:31","date_gmt":"2025-08-27T18:17:31","guid":{"rendered":"https:\/\/roveyayinevi.com.tr\/index.php\/urun\/okumadan-kitap-elestirileri\/"},"modified":"2026-04-16T02:38:33","modified_gmt":"2026-04-15T23:38:33","slug":"okumadan-kitap-elestirileri","status":"publish","type":"product","link":"https:\/\/roveyayinevi.com.tr\/index.php\/urun\/okumadan-kitap-elestirileri\/","title":{"rendered":"Okumadan Kitap Ele\u015ftirileri"},"content":{"rendered":"<p>\u201cBu kitapta okuyaca\u011f\u0131n\u0131z yaz\u0131lar, emin olun, t\u00fcr\u00fcn\u00fcn ilk \u00f6rnekleri&#8230;\u201d\u201cFatih Alt\u0131n\u00f6z\u2019\u00fcn denemeleri, kitaplar\u0131n kapaklar\u0131 \u00e7evrilmeksizin \u00f6n kapak ve arka kapaklar\u0131nda yer alan yaz\u0131, resim ve ill\u00fcstrasyonlar\u0131ndan yola \u00e7\u0131k\u0131larak el de\u011fmeden ba\u015fka bir a\u00e7\u0131 kullan\u0131larak yaz\u0131ld\u0131. Bir kitap \u00fczerine s\u00f6ylenebileceklerin tamamen s\u0131n\u0131rs\u0131z oldu\u011funu ispatlayan bu yaz\u0131 t\u00fcr\u00fcn\u00fcn belki de en \u00f6nemli yan\u0131, \u00fcslubu. \u015eizofrengi dergisinin karakteristik \u00f6zelliklerini ta\u015f\u0131yan bu \u00fcslup, okuyanlar\u0131n zihnine yeni bir bak\u0131\u015f\u0327 hediye ediyor. Bir yandan ciddi, bir yandan komik, bir yandan anormalli\u011fi ti\u2019ye alan anti-anormal, bir yandan terslik, bir yandan ise al\u0131\u015fageldi\u011fimiz ger\u00e7eklik duygusunu alabora eden ho\u015f\u0327 bir dalga estiriyor.\u201d<\/p>\n","protected":false},"excerpt":{"rendered":"<p>\u201cBu kitapta okuyaca\u011f\u0131n\u0131z yaz\u0131lar, emin olun, t\u00fcr\u00fcn\u00fcn ilk \u00f6rnekleri&#8230;\u201d\u201cFatih Alt\u0131n\u00f6z\u2019\u00fcn denemeleri, kitaplar\u0131n kapaklar\u0131 \u00e7evrilmeksizin \u00f6n kapak ve arka kapaklar\u0131nda yer alan yaz\u0131, resim ve ill\u00fcstrasyonlar\u0131ndan yola<span class=\"excerpt-hellip\"> [\u2026]<\/span><\/p>\n","protected":false},"featured_media":0,"template":"","meta":{"_monsterinsights_skip_tracking":false,"_monsterinsights_sitenote_active":false,"_monsterinsights_sitenote_note":"","_monsterinsights_sitenote_category":0},"product_brand":[],"product_cat":[12777,12291],"product_tag":[],"class_list":{"0":"post-730609","1":"product","2":"type-product","3":"status-publish","5":"product_cat-deneme","6":"product_cat-edebiyat","7":"pa_cilt-ciltsiz","8":"pa_tur-kitap","9":"pa_yayinevi-cinar-yayinlari","10":"pa_yazar-fatih-altinoz","12":"first","13":"instock","14":"sale","15":"shipping-taxable","16":"purchasable","17":"product-type-simple"},"_links":{"self":[{"href":"https:\/\/roveyayinevi.com.tr\/index.php\/wp-json\/wp\/v2\/product\/730609","targetHints":{"allow":["GET"]}}],"collection":[{"href":"https:\/\/roveyayinevi.com.tr\/index.php\/wp-json\/wp\/v2\/product"}],"about":[{"href":"https:\/\/roveyayinevi.com.tr\/index.php\/wp-json\/wp\/v2\/types\/product"}],"wp:attachment":[{"href":"https:\/\/roveyayinevi.com.tr\/index.php\/wp-json\/wp\/v2\/media?parent=730609"}],"wp:term":[{"taxonomy":"product_brand","embeddable":true,"href":"https:\/\/roveyayinevi.com.tr\/index.php\/wp-json\/wp\/v2\/product_brand?post=730609"},{"taxonomy":"product_cat","embeddable":true,"href":"https:\/\/roveyayinevi.com.tr\/index.php\/wp-json\/wp\/v2\/product_cat?post=730609"},{"taxonomy":"product_tag","embeddable":true,"href":"https:\/\/roveyayinevi.com.tr\/index.php\/wp-json\/wp\/v2\/product_tag?post=730609"}],"curies":[{"name":"wp","href":"https:\/\/api.w.org\/{rel}","templated":true}]}}