{"id":730608,"date":"2025-08-27T21:17:30","date_gmt":"2025-08-27T18:17:30","guid":{"rendered":"https:\/\/roveyayinevi.com.tr\/index.php\/urun\/lilliputlar-devcucekentler\/"},"modified":"2026-04-16T02:38:33","modified_gmt":"2026-04-15T23:38:33","slug":"lilliputlar-devcucekentler","status":"publish","type":"product","link":"https:\/\/roveyayinevi.com.tr\/index.php\/urun\/lilliputlar-devcucekentler\/","title":{"rendered":"Lilliputlar &#8211; Devc\u00fccekentler"},"content":{"rendered":"<p>Ya\u015fad\u0131\u011f\u0131n\u0131z &#8221;c\u00fcce&#8221; kentlere bir de &#8221;devlerin&#8221; g\u00f6z\u00fcnden bak\u0131n!Hakan Kele\u015f&#8217;in koleksiyon de\u011ferindeki foto-ill\u00fcstrasyonlar\u0131n\u0131 sergiledi\u011fi Liliputlar: Devc\u00fccekentler adl\u0131 kitab\u0131, kent-k\u00fclt\u00fcr ili\u015fkisi ba\u011flam\u0131nda s\u00fcrekli de\u011fi\u015fim ve d\u00f6n\u00fc\u015f\u00fcm h\u00e2lindeki \u015fehirlere \u00e7ok y\u00f6nl\u00fc bir bak\u0131\u015f getiriyor.Alb\u00fcmdeki her bir \u00e7al\u0131\u015fma, T\u00fcrkiye kentlerinden farkl\u0131 sokak perspektiflerine yerle\u015ftirilen &#8221;dev&#8221; karakterlerin, bulunduklar\u0131 ortamla kurduklar\u0131 &#8221;ola\u011fan\u00fcst\u00fc&#8221; ili\u015fkiye odaklan\u0131yor; zaman\u0131 ve mek\u00e2n\u0131 esneten yeni g\u00f6rsel hik\u00e2yeler kurgulanmas\u0131na arac\u0131l\u0131k ediyor.Kele\u015f&#8217;in, sosyal medya \u00fczerinden ald\u0131\u011f\u0131 y\u00fcksek etkile\u015fimle \u00f6zg\u00fcn bir sanatsal forma d\u00f6n\u00fc\u015ft\u00fcrd\u00fc\u011f\u00fc &#8221;lilliputing&#8221; ak\u0131m\u0131, bakmakla g\u00f6rmek aras\u0131ndaki ayr\u0131ma dikkat \u00e7ekiyor; insanlar\u0131n, g\u00fcnl\u00fck hayat\u0131n tela\u015fesi y\u00fcz\u00fcnden duyars\u0131zla\u015ft\u0131klar\u0131 fiziksel \u00e7evrelerini ba\u015fka bir katman arac\u0131l\u0131\u011f\u0131yla yeniden g\u00f6rmelerini sa\u011fl\u0131yor.Gulliver&#8217;in Gezileri&#8217;ndeki c\u00fcceler kentine g\u00f6nderme yapan Lilliput ismi, bu kitapta sarkastik bir evreni tan\u0131ml\u0131yor. Referans\u0131n\u0131 ger\u00e7ek d\u00fcnyadan alan fakat onu e\u011fretileyerek bozan, b\u00fcy\u00fckl\u00fck bilgisinin sabit olmad\u0131\u011f\u0131, \u00e7ok katmanl\u0131 ve da\u011f\u0131n\u0131k bir evrene konuk oluyor okurlar. Fonda T\u00fcrkiye&#8217;den farkl\u0131 kent atmosferleri ve kimi an\u0131tsal yap\u0131lar bir panorama olu\u015ftururken, karakterlerin her birinin yaratt\u0131\u011f\u0131 etkile\u015fim, tekil ama b\u00fct\u00fcnc\u00fcl bir anlat\u0131 kurmay\u0131 ba\u015far\u0131yor.Her g\u00fcn yan\u0131ndan ge\u00e7ti\u011fimiz eski bir bina, bulundu\u011fu yere o kadar aittir ki g\u00f6r\u00fcnmez h\u00e2le gelmi\u015ftir. Orada olmamas\u0131 gereken hayal\u00ee bir karakter onunla temasa ge\u00e7ince yeni bir ger\u00e7eklik kurulur ve hem kendini hem de g\u00f6r\u00fcnmez olan\u0131n niteliklerini a\u00e7\u0131\u011fa \u00e7\u0131kar\u0131r. Hakan Kele\u015f&#8217;in, Eski\u015fehir&#8217;de cep telefonuyla \u00e7ekti\u011fi bir foto\u011frafa dev bir karakter karalamas\u0131 ve bunu Instagram \u00fczerinden payla\u015fmas\u0131yla ba\u015flayan &#8221;lilliput&#8221; ser\u00fcveni de i\u015fte tam bu sanal\/ger\u00e7ek\/hayal \u00f6r\u00fcnt\u00fcs\u00fcn\u00fcn ard\u0131nda yatan kent ya\u015fam\u0131n\u0131n dinamikleri anlay\u0131\u015f\u0131ndan besleniyor.Kitap alt\u0131 b\u00f6l\u00fcmden olu\u015fuyor. Lilliputg\u00fcndelik, bug\u00fcn\u00fcn kent ve kentlilerinin b\u00fcy\u00fck \u00f6l\u00e7ekli birer yeniden temsili gibi, ger\u00e7ekli\u011fe en yak\u0131n mizansenleri i\u00e7eriyor. Lilliputnostaljik, k\u00fclt\u00fcr\u00fcm\u00fcze ait ama geride kalm\u0131\u015f ya da unutulmu\u015f fig\u00fcr ve unsurlar\u0131 g\u00fcn\u00fcm\u00fcz kentleriyle birle\u015ftirerek bir zamans\u0131zl\u0131k alg\u0131s\u0131 \u00fcretmeye \u00e7al\u0131\u015f\u0131yor. Lilliputsarkastik, kenti bir karikat\u00fcr nesnesi olarak ele al\u0131p \u00f6l\u00e7ek fark\u0131ndan kaynaklanan alg\u0131sal bozulmalar\u0131 mizahi unsurlara d\u00f6n\u00fc\u015ft\u00fcrmeyi ama\u00e7l\u0131yor. Lilliputbilindik, bu co\u011frafyada ya\u015fam\u0131\u015f ya da ya\u015famaya devam eden \u00f6nemli fig\u00fcrlerle k\u00fclt\u00fcr\u00fcm\u00fcze m\u00e2l olmu\u015f hayal\u00ee karakterleri, farkl\u0131 mek\u00e2nlarda g\u00f6rselle\u015ftiriyor. Olduklar\u0131ndan b\u00fcy\u00fck temsil edilmeleri, kamusal alandaki bilinirliklerine de simgesel bir vurgu yap\u0131yor. Lilliputorganik, kenti doluluk ve bo\u015fluklar ba\u011flam\u0131nda ele al\u0131p ona soyut bedenler eklenen \u00e7al\u0131\u015fmalardan olu\u015fuyor. Kitab\u0131n en sonunda ise \u00f6zel bir b\u00f6l\u00fcm var. Kitap karantina s\u00fcrecinde haz\u0131rland\u0131\u011f\u0131ndan, Covid19 temal\u0131 i\u015fler lilliputpandemik ba\u015fl\u0131\u011f\u0131 alt\u0131nda yer al\u0131yor.Tamam\u0131 dijital olarak tablette \u00fcretilen Lilliputlar: Devc\u00fccekentler&#8217;in yay\u0131ma haz\u0131rl\u0131k s\u00fcrecine dair eskiz ve notlar\u0131n yer ald\u0131\u011f\u0131 &#8221;Pano&#8221; b\u00f6l\u00fcm\u00fcnde bir de harita ve karekod bulunuyor. Karekod ve link arac\u0131l\u0131\u011f\u0131yla, kitapta yer alan foto\u011fraflar\u0131n konum bilgisine hem telefonlardan hem de bilgisayarlardan ula\u015f\u0131labiliyor.<\/p>\n","protected":false},"excerpt":{"rendered":"<p>Ya\u015fad\u0131\u011f\u0131n\u0131z &#8221;c\u00fcce&#8221; kentlere bir de &#8221;devlerin&#8221; g\u00f6z\u00fcnden bak\u0131n!Hakan Kele\u015f&#8217;in koleksiyon de\u011ferindeki foto-ill\u00fcstrasyonlar\u0131n\u0131 sergiledi\u011fi Liliputlar: Devc\u00fccekentler adl\u0131 kitab\u0131, kent-k\u00fclt\u00fcr ili\u015fkisi ba\u011flam\u0131nda s\u00fcrekli de\u011fi\u015fim ve d\u00f6n\u00fc\u015f\u00fcm h\u00e2lindeki \u015fehirlere<span class=\"excerpt-hellip\"> [\u2026]<\/span><\/p>\n","protected":false},"featured_media":0,"template":"","meta":{"_monsterinsights_skip_tracking":false,"_monsterinsights_sitenote_active":false,"_monsterinsights_sitenote_note":"","_monsterinsights_sitenote_category":0},"product_brand":[],"product_cat":[12409,12408],"product_tag":[],"class_list":{"0":"post-730608","1":"product","2":"type-product","3":"status-publish","5":"product_cat-fotograf-sinema-tiyatro","6":"product_cat-sanat","7":"pa_cilt-ciltsiz","8":"pa_tur-kitap","9":"pa_yayinevi-desen-yayinlari","10":"pa_yazar-hakan-keles","12":"first","13":"instock","14":"sale","15":"shipping-taxable","16":"purchasable","17":"product-type-simple"},"_links":{"self":[{"href":"https:\/\/roveyayinevi.com.tr\/index.php\/wp-json\/wp\/v2\/product\/730608","targetHints":{"allow":["GET"]}}],"collection":[{"href":"https:\/\/roveyayinevi.com.tr\/index.php\/wp-json\/wp\/v2\/product"}],"about":[{"href":"https:\/\/roveyayinevi.com.tr\/index.php\/wp-json\/wp\/v2\/types\/product"}],"wp:attachment":[{"href":"https:\/\/roveyayinevi.com.tr\/index.php\/wp-json\/wp\/v2\/media?parent=730608"}],"wp:term":[{"taxonomy":"product_brand","embeddable":true,"href":"https:\/\/roveyayinevi.com.tr\/index.php\/wp-json\/wp\/v2\/product_brand?post=730608"},{"taxonomy":"product_cat","embeddable":true,"href":"https:\/\/roveyayinevi.com.tr\/index.php\/wp-json\/wp\/v2\/product_cat?post=730608"},{"taxonomy":"product_tag","embeddable":true,"href":"https:\/\/roveyayinevi.com.tr\/index.php\/wp-json\/wp\/v2\/product_tag?post=730608"}],"curies":[{"name":"wp","href":"https:\/\/api.w.org\/{rel}","templated":true}]}}