{"id":730606,"date":"2025-08-27T21:17:28","date_gmt":"2025-08-27T18:17:28","guid":{"rendered":"https:\/\/roveyayinevi.com.tr\/index.php\/urun\/downsendrella-ciltli\/"},"modified":"2026-04-16T02:38:33","modified_gmt":"2026-04-15T23:38:33","slug":"downsendrella-ciltli","status":"publish","type":"product","link":"https:\/\/roveyayinevi.com.tr\/index.php\/urun\/downsendrella-ciltli\/","title":{"rendered":"Downsendrella (Ciltli)"},"content":{"rendered":"<p>Her insan\u0131n v\u00fccudunda 46 kromozom bulunuyordu. \u0130nci\u2019de ise 47 kromozom vard\u0131 ve 47. kromozomu tam ba\u015f\u0131n\u0131n \u00fcst\u00fcnde duruyordu ! Bu 47. kromozom \u0130nci\u2019nin baz\u0131 zorluklar ya\u015famas\u0131na sebep olabiliyordu : \u0130nci hen\u00fcz ko\u015fam\u0131yor, kalem tutam\u0131yor ve konu\u015fam\u0131yordu. Yaz sonunda okula ba\u015flayacak olan \u0130nci bu zorluklar\u0131n \u00fcstesinden gelebilecek miydi ? <\/p>\n","protected":false},"excerpt":{"rendered":"<p>Her insan\u0131n v\u00fccudunda 46 kromozom bulunuyordu. \u0130nci\u2019de ise 47 kromozom vard\u0131 ve 47. kromozomu tam ba\u015f\u0131n\u0131n \u00fcst\u00fcnde duruyordu ! Bu 47. kromozom \u0130nci\u2019nin baz\u0131 zorluklar ya\u015famas\u0131na<span class=\"excerpt-hellip\"> [\u2026]<\/span><\/p>\n","protected":false},"featured_media":0,"template":"","meta":{"_monsterinsights_skip_tracking":false,"_monsterinsights_sitenote_active":false,"_monsterinsights_sitenote_note":"","_monsterinsights_sitenote_category":0},"product_brand":[],"product_cat":[12913,12274],"product_tag":[],"class_list":{"0":"post-730606","1":"product","2":"type-product","3":"status-publish","5":"product_cat-3-6-yas-kitaplari","6":"product_cat-cocuk-ve-genclik-kitaplari","7":"pa_cilt-ciltli","8":"pa_tur-kitap","9":"pa_yayinevi-beyaz-balina-yayinlari","10":"pa_yazar-sureyya-ulku-guler","12":"first","13":"instock","14":"sale","15":"shipping-taxable","16":"purchasable","17":"product-type-simple"},"_links":{"self":[{"href":"https:\/\/roveyayinevi.com.tr\/index.php\/wp-json\/wp\/v2\/product\/730606","targetHints":{"allow":["GET"]}}],"collection":[{"href":"https:\/\/roveyayinevi.com.tr\/index.php\/wp-json\/wp\/v2\/product"}],"about":[{"href":"https:\/\/roveyayinevi.com.tr\/index.php\/wp-json\/wp\/v2\/types\/product"}],"wp:attachment":[{"href":"https:\/\/roveyayinevi.com.tr\/index.php\/wp-json\/wp\/v2\/media?parent=730606"}],"wp:term":[{"taxonomy":"product_brand","embeddable":true,"href":"https:\/\/roveyayinevi.com.tr\/index.php\/wp-json\/wp\/v2\/product_brand?post=730606"},{"taxonomy":"product_cat","embeddable":true,"href":"https:\/\/roveyayinevi.com.tr\/index.php\/wp-json\/wp\/v2\/product_cat?post=730606"},{"taxonomy":"product_tag","embeddable":true,"href":"https:\/\/roveyayinevi.com.tr\/index.php\/wp-json\/wp\/v2\/product_tag?post=730606"}],"curies":[{"name":"wp","href":"https:\/\/api.w.org\/{rel}","templated":true}]}}