{"id":730604,"date":"2025-08-27T21:17:26","date_gmt":"2025-08-27T18:17:26","guid":{"rendered":"https:\/\/roveyayinevi.com.tr\/index.php\/urun\/leydi-susan\/"},"modified":"2026-04-16T02:38:33","modified_gmt":"2026-04-15T23:38:33","slug":"leydi-susan","status":"publish","type":"product","link":"https:\/\/roveyayinevi.com.tr\/index.php\/urun\/leydi-susan\/","title":{"rendered":"Leydi Susan"},"content":{"rendered":"<p>Jane Austen Leydi Susan\u2019\u0131 yazd\u0131\u011f\u0131nda hen\u00fcz on sekiz ya\u015f\u0131ndayd\u0131 ve bu eser \u00f6l\u00fcm\u00fcnden elli d\u00f6rt y\u0131l sonra yay\u0131mland\u0131. Erken d\u00f6nem eserlerinden olan Leydi Susan, mektuplardan olu\u015fuyor. Bu k\u0131sa roman, Jane Austen\u2019\u0131n ince zek\u00e2s\u0131 ve ironi anlay\u0131\u015f\u0131n\u0131 ortaya koyarak, bundan sonras\u0131nda yazacaklar\u0131 i\u00e7in fikir veriyor. K\u0131sa bir s\u00fcre \u00f6nce dul kalm\u0131\u015f Leydi Susan otuzlu ya\u015flar\u0131nda, olduk\u00e7a g\u00fczel, esprili ve zekidir. Fakat zek\u00e2s\u0131 her zaman kendi menfaatine ve k\u00fc\u00e7\u00fck hesaplara \u00e7al\u0131\u015fmaktad\u0131r. O ne kadar femme fatale ise on alt\u0131 ya\u015f\u0131ndaki k\u0131z\u0131 o kadar utanga\u00e7 ve saft\u0131r. Leydi, hem kendisine hem k\u0131z\u0131na ortal\u0131\u011f\u0131 kar\u0131\u015ft\u0131racak yeni bir evlilik ve gelecek planlar.<\/p>\n","protected":false},"excerpt":{"rendered":"<p>Jane Austen Leydi Susan\u2019\u0131 yazd\u0131\u011f\u0131nda hen\u00fcz on sekiz ya\u015f\u0131ndayd\u0131 ve bu eser \u00f6l\u00fcm\u00fcnden elli d\u00f6rt y\u0131l sonra yay\u0131mland\u0131. Erken d\u00f6nem eserlerinden olan Leydi Susan, mektuplardan olu\u015fuyor.<span class=\"excerpt-hellip\"> [\u2026]<\/span><\/p>\n","protected":false},"featured_media":0,"template":"","meta":{"_monsterinsights_skip_tracking":false,"_monsterinsights_sitenote_active":false,"_monsterinsights_sitenote_note":"","_monsterinsights_sitenote_category":0},"product_brand":[],"product_cat":[12291,12711],"product_tag":[],"class_list":{"0":"post-730604","1":"product","2":"type-product","3":"status-publish","5":"product_cat-edebiyat","6":"product_cat-roman-oyku","7":"pa_cilt-ciltsiz","8":"pa_tur-kitap","9":"pa_yayinevi-ketebe-yayinlari","10":"pa_yazar-jane-austen","12":"first","13":"instock","14":"sale","15":"shipping-taxable","16":"purchasable","17":"product-type-simple"},"_links":{"self":[{"href":"https:\/\/roveyayinevi.com.tr\/index.php\/wp-json\/wp\/v2\/product\/730604","targetHints":{"allow":["GET"]}}],"collection":[{"href":"https:\/\/roveyayinevi.com.tr\/index.php\/wp-json\/wp\/v2\/product"}],"about":[{"href":"https:\/\/roveyayinevi.com.tr\/index.php\/wp-json\/wp\/v2\/types\/product"}],"wp:attachment":[{"href":"https:\/\/roveyayinevi.com.tr\/index.php\/wp-json\/wp\/v2\/media?parent=730604"}],"wp:term":[{"taxonomy":"product_brand","embeddable":true,"href":"https:\/\/roveyayinevi.com.tr\/index.php\/wp-json\/wp\/v2\/product_brand?post=730604"},{"taxonomy":"product_cat","embeddable":true,"href":"https:\/\/roveyayinevi.com.tr\/index.php\/wp-json\/wp\/v2\/product_cat?post=730604"},{"taxonomy":"product_tag","embeddable":true,"href":"https:\/\/roveyayinevi.com.tr\/index.php\/wp-json\/wp\/v2\/product_tag?post=730604"}],"curies":[{"name":"wp","href":"https:\/\/api.w.org\/{rel}","templated":true}]}}