{"id":730601,"date":"2025-08-27T21:17:24","date_gmt":"2025-08-27T18:17:24","guid":{"rendered":"https:\/\/roveyayinevi.com.tr\/index.php\/urun\/kalbimdeki-yolcu\/"},"modified":"2026-04-16T02:38:33","modified_gmt":"2026-04-15T23:38:33","slug":"kalbimdeki-yolcu","status":"publish","type":"product","link":"https:\/\/roveyayinevi.com.tr\/index.php\/urun\/kalbimdeki-yolcu\/","title":{"rendered":"Kalbimdeki Yolcu"},"content":{"rendered":"<p>Hayat yolunun neresinde olursan ol varaca\u011f\u0131n menzil belli de\u011fil mi? Herkesin g\u00f6\u00e7\u00fcp gitti\u011fi bir mek\u00e2n var. Baksana insanlar sahip oldu\u011fu her \u015feyi bir anda b\u0131rak\u0131p itiraz dahi edemeden gidiyorlar. Demek ki bizi bekleyen ba\u015fka bir \u00e2lem var. Karar senin ya d\u00fcnyay\u0131 tercih edecek k\u0131sa bir zevk u\u011fruna ebedi hayat\u0131n\u0131 ziyan edeceksin ya da sonsuz bir \u00e2leme a\u00e7\u0131lan kalbinin kap\u0131lar\u0131n\u0131 aralayacaks\u0131n. Hadi k\u0131r zincirlerini arada kal\u0131p ziyan olma!\u201cSenden sana, \u00f6z\u00fcnden \u00f6z\u00fcne yolculukta harika bir yol arkada\u015f\u0131. \u0130stikameti yarat\u0131c\u0131s\u0131na olanlar i\u00e7in harika bir rehber\u2026\u201dB\u00fclent Gardiyano\u011flu<\/p>\n","protected":false},"excerpt":{"rendered":"<p>Hayat yolunun neresinde olursan ol varaca\u011f\u0131n menzil belli de\u011fil mi? Herkesin g\u00f6\u00e7\u00fcp gitti\u011fi bir mek\u00e2n var. Baksana insanlar sahip oldu\u011fu her \u015feyi bir anda b\u0131rak\u0131p itiraz<span class=\"excerpt-hellip\"> [\u2026]<\/span><\/p>\n","protected":false},"featured_media":0,"template":"","meta":{"_monsterinsights_skip_tracking":false,"_monsterinsights_sitenote_active":false,"_monsterinsights_sitenote_note":"","_monsterinsights_sitenote_category":0},"product_brand":[],"product_cat":[27157,12291],"product_tag":[],"class_list":{"0":"post-730601","1":"product","2":"type-product","3":"status-publish","5":"product_cat-derleme","6":"product_cat-edebiyat","7":"pa_cilt-ciltsiz","8":"pa_tur-kitap","9":"pa_yayinevi-herdem-kitap","10":"pa_yazar-gulay-okuyucu","12":"first","13":"instock","14":"sale","15":"shipping-taxable","16":"purchasable","17":"product-type-simple"},"_links":{"self":[{"href":"https:\/\/roveyayinevi.com.tr\/index.php\/wp-json\/wp\/v2\/product\/730601","targetHints":{"allow":["GET"]}}],"collection":[{"href":"https:\/\/roveyayinevi.com.tr\/index.php\/wp-json\/wp\/v2\/product"}],"about":[{"href":"https:\/\/roveyayinevi.com.tr\/index.php\/wp-json\/wp\/v2\/types\/product"}],"wp:attachment":[{"href":"https:\/\/roveyayinevi.com.tr\/index.php\/wp-json\/wp\/v2\/media?parent=730601"}],"wp:term":[{"taxonomy":"product_brand","embeddable":true,"href":"https:\/\/roveyayinevi.com.tr\/index.php\/wp-json\/wp\/v2\/product_brand?post=730601"},{"taxonomy":"product_cat","embeddable":true,"href":"https:\/\/roveyayinevi.com.tr\/index.php\/wp-json\/wp\/v2\/product_cat?post=730601"},{"taxonomy":"product_tag","embeddable":true,"href":"https:\/\/roveyayinevi.com.tr\/index.php\/wp-json\/wp\/v2\/product_tag?post=730601"}],"curies":[{"name":"wp","href":"https:\/\/api.w.org\/{rel}","templated":true}]}}