{"id":730598,"date":"2025-08-27T21:17:19","date_gmt":"2025-08-27T18:17:19","guid":{"rendered":"https:\/\/roveyayinevi.com.tr\/index.php\/urun\/gozuyle-kartal-avlayan-yazar-yasar-kemal\/"},"modified":"2026-04-16T02:38:33","modified_gmt":"2026-04-15T23:38:33","slug":"gozuyle-kartal-avlayan-yazar-yasar-kemal","status":"publish","type":"product","link":"https:\/\/roveyayinevi.com.tr\/index.php\/urun\/gozuyle-kartal-avlayan-yazar-yasar-kemal\/","title":{"rendered":"G\u00f6z\u00fcyle Kartal Avlayan Yazar Ya\u015far Kemal"},"content":{"rendered":"<p>\u00c7ukurova\u2019n\u0131n verimli topraklar\u0131ndan \u00e7\u0131k\u0131p, memleketinin do\u011fas\u0131n\u0131, kokusunu; kartal\u0131n\u0131, \u00f6lmez otunu; emek\u00e7i insan\u0131n\u0131 ve o insanlar\u0131n zulme kar\u015f\u0131 verdi\u011fi m\u00fccadelenin hakl\u0131 onurunu t\u00fcm d\u00fcnyaya destans\u0131 bir dille anlatan bir \u201cedebiyat mucizesi!\u201dT\u00fcrk Edebiyat\u0131\u2019n\u0131n g\u00fc\u00e7l\u00fc kalemi Z\u00fclf\u00fc Livaneli, gelmi\u015f ge\u00e7mi\u015f en b\u00fcy\u00fck ustas\u0131n\u0131, k\u0131rk d\u00f6rt y\u0131ll\u0131k dostunu, yolda\u015f\u0131n\u0131; \u201cYa\u015far Abi\u201dsini anlat\u0131yor.Ya\u015far Kemal kendi edebiyat kuram\u0131n\u0131 ilmek ilmek olu\u015fturup do\u011fdu\u011fu kentten ba\u015flad\u0131\u011f\u0131 yaz\u0131n hayat\u0131nda d\u00fcnya insan\u0131na ula\u015farak var\u0131yor zirveye. Epopelerden, Anadolu efsanelerinden, mitoslardan, a\u011f\u0131tlardan ald\u0131\u011f\u0131 ilham\u0131n\u0131 kusursuz betimlemeleri, insan psikolojisinin en derinine inen sezgisi ve ger\u00e7ek\u00e7i kurgusuyla ta\u00e7land\u0131r\u0131yor. Dram\u0131 de\u011fil trajediyi ya\u015fat\u0131yor zihinlerde. Homeros\u2019un, Karacao\u011flan\u2019\u0131n, Cervantes\u2019in, \u00c7ehov\u2019un, Dadalo\u011flu\u2019nun a\u00e7t\u0131\u011f\u0131 yollardan gidiyor. Ve Anadolu da\u011flar\u0131nda bir ate\u015f yak\u0131p t\u00fcm d\u00fcnyay\u0131 ayd\u0131nlat\u0131yor.\u201cYa\u015far Kemal\u2019i d\u00fc\u015f\u00fcnd\u00fc\u011f\u00fcm zaman akl\u0131mda deli deli t\u00fcrk\u00fcler dola\u015f\u0131r\u201d diyor Livaneli. Stockholm\u2019\u00fcn karl\u0131 caddelerinde, Paris\u2019in geni\u015f meydanlar\u0131nda ve \u0130stanbul\u2019un belki her soka\u011f\u0131nda s\u00f6yledikleri t\u00fcrk\u00fcleri yaz\u0131yor sat\u0131rlar\u0131na. \u00dclkenin faili me\u00e7hullerle, ter\u00f6rle, sans\u00fcrle ku\u015fat\u0131ld\u0131\u011f\u0131 en karanl\u0131k d\u00f6nemlerde ve hatta s\u00fcrg\u00fcn y\u0131llar\u0131nda bile Ya\u015far Kemal\u2019in umut dolu y\u00fcre\u011fi ayakta tutuyor \u00e7evresini.Kalbi ve kalemi her zaman dostluktan, karde\u015flikten, bar\u0131\u015ftan yana olan; Sait Faik\u2019in \u201cT\u00fcrklerin en K\u00fcrd\u00fc, K\u00fcrtlerin en T\u00fcrk\u00fc\u201d dedi\u011fi, \u201cedebiyat mucizesi\u201d Ya\u015far Kemal bir dost kalemiyle bir kez daha var\u0131yor ebediyete.<\/p>\n","protected":false},"excerpt":{"rendered":"<p>\u00c7ukurova\u2019n\u0131n verimli topraklar\u0131ndan \u00e7\u0131k\u0131p, memleketinin do\u011fas\u0131n\u0131, kokusunu; kartal\u0131n\u0131, \u00f6lmez otunu; emek\u00e7i insan\u0131n\u0131 ve o insanlar\u0131n zulme kar\u015f\u0131 verdi\u011fi m\u00fccadelenin hakl\u0131 onurunu t\u00fcm d\u00fcnyaya destans\u0131 bir dille<span class=\"excerpt-hellip\"> [\u2026]<\/span><\/p>\n","protected":false},"featured_media":0,"template":"","meta":{"_monsterinsights_skip_tracking":false,"_monsterinsights_sitenote_active":false,"_monsterinsights_sitenote_note":"","_monsterinsights_sitenote_category":0},"product_brand":[],"product_cat":[12291,12711],"product_tag":[],"class_list":{"0":"post-730598","1":"product","2":"type-product","3":"status-publish","5":"product_cat-edebiyat","6":"product_cat-roman-oyku","7":"pa_cilt-ciltsiz","8":"pa_tur-kitap","9":"pa_yayinevi-inkilap-kitabevi","10":"pa_yazar-zulfu-livaneli","12":"first","13":"instock","14":"sale","15":"shipping-taxable","16":"purchasable","17":"product-type-simple"},"_links":{"self":[{"href":"https:\/\/roveyayinevi.com.tr\/index.php\/wp-json\/wp\/v2\/product\/730598","targetHints":{"allow":["GET"]}}],"collection":[{"href":"https:\/\/roveyayinevi.com.tr\/index.php\/wp-json\/wp\/v2\/product"}],"about":[{"href":"https:\/\/roveyayinevi.com.tr\/index.php\/wp-json\/wp\/v2\/types\/product"}],"wp:attachment":[{"href":"https:\/\/roveyayinevi.com.tr\/index.php\/wp-json\/wp\/v2\/media?parent=730598"}],"wp:term":[{"taxonomy":"product_brand","embeddable":true,"href":"https:\/\/roveyayinevi.com.tr\/index.php\/wp-json\/wp\/v2\/product_brand?post=730598"},{"taxonomy":"product_cat","embeddable":true,"href":"https:\/\/roveyayinevi.com.tr\/index.php\/wp-json\/wp\/v2\/product_cat?post=730598"},{"taxonomy":"product_tag","embeddable":true,"href":"https:\/\/roveyayinevi.com.tr\/index.php\/wp-json\/wp\/v2\/product_tag?post=730598"}],"curies":[{"name":"wp","href":"https:\/\/api.w.org\/{rel}","templated":true}]}}