{"id":730596,"date":"2025-08-27T21:17:17","date_gmt":"2025-08-27T18:17:17","guid":{"rendered":"https:\/\/roveyayinevi.com.tr\/index.php\/urun\/hukuk-nedir\/"},"modified":"2026-04-16T02:38:33","modified_gmt":"2026-04-15T23:38:33","slug":"hukuk-nedir","status":"publish","type":"product","link":"https:\/\/roveyayinevi.com.tr\/index.php\/urun\/hukuk-nedir\/","title":{"rendered":"Hukuk Nedir?"},"content":{"rendered":"<p>Hukuk nedir? Cevap fazlas\u0131yla a\u00e7\u0131k ve basit gibi g\u00f6r\u00fcn\u00fcyor. Oysa Cemal B\u00e2li Akal\u2019\u0131 tan\u0131yan okuyucular, bu kitapta \u201chukuk \u015fudur ya da budur\u201d gibi beylik cevaplara yer verilmedi\u011fini tahmin etmi\u015f olmal\u0131lar. Bu tahminlerinde de hakl\u0131lar. Benzer s\u00f6zc\u00fcklerin tarihte hi\u00e7 de\u011fi\u015fmeden kalan benzer anlamlara sahip olduklar\u0131na ili\u015fkin inanc\u0131n, insan\u0131 kolayc\u0131 \u00e7\u00f6z\u00fcmlere y\u00f6nelten vahim bir hata oldu\u011funu g\u00f6steriyor ve ezberci \u201cbir\u201d hukuk tan\u0131m\u0131na kar\u015f\u0131 \u00e7\u0131k\u0131yor Akal. Yine kendisinden beklenece\u011fi gibi, bir yandan hayat\u0131n sonsuz de\u011fi\u015fkenli\u011fi i\u00e7inde metafizik cevaplar\u0131n yetersizli\u011fini g\u00f6sterirken, di\u011fer yandan farkl\u0131 t\u00fcm hukuklar\u0131n ortak asl\u00ee unsurlar\u0131n\u0131 yakalama aray\u0131\u015f\u0131ndan vazge\u00e7miyor. \u0130dealist genel kabulleri, h\u00e2kim muhafazak\u00e2r anlay\u0131\u015flar\u0131 ve ataerkil zihniyeti ku\u015fkuyla kar\u015f\u0131lay\u0131p literat\u00fcrdeki \u00f6nemli bir bo\u015flu\u011fu dolduran bu aray\u0131\u015fa ortak olmak isteyenler i\u00e7in. <\/p>\n","protected":false},"excerpt":{"rendered":"<p>Hukuk nedir? Cevap fazlas\u0131yla a\u00e7\u0131k ve basit gibi g\u00f6r\u00fcn\u00fcyor. Oysa Cemal B\u00e2li Akal\u2019\u0131 tan\u0131yan okuyucular, bu kitapta \u201chukuk \u015fudur ya da budur\u201d gibi beylik cevaplara yer<span class=\"excerpt-hellip\"> [\u2026]<\/span><\/p>\n","protected":false},"featured_media":0,"template":"","meta":{"_monsterinsights_skip_tracking":false,"_monsterinsights_sitenote_active":false,"_monsterinsights_sitenote_note":"","_monsterinsights_sitenote_category":0},"product_brand":[],"product_cat":[15350,17602],"product_tag":[],"class_list":{"0":"post-730596","1":"product","2":"type-product","3":"status-publish","5":"product_cat-hukuk","6":"product_cat-hukuk-uzerine","7":"pa_cilt-ciltsiz","8":"pa_tur-kitap","9":"pa_yayinevi-zoe-kitap","10":"pa_yazar-cemal-bali-akal","12":"first","13":"instock","14":"sale","15":"shipping-taxable","16":"purchasable","17":"product-type-simple"},"_links":{"self":[{"href":"https:\/\/roveyayinevi.com.tr\/index.php\/wp-json\/wp\/v2\/product\/730596","targetHints":{"allow":["GET"]}}],"collection":[{"href":"https:\/\/roveyayinevi.com.tr\/index.php\/wp-json\/wp\/v2\/product"}],"about":[{"href":"https:\/\/roveyayinevi.com.tr\/index.php\/wp-json\/wp\/v2\/types\/product"}],"wp:attachment":[{"href":"https:\/\/roveyayinevi.com.tr\/index.php\/wp-json\/wp\/v2\/media?parent=730596"}],"wp:term":[{"taxonomy":"product_brand","embeddable":true,"href":"https:\/\/roveyayinevi.com.tr\/index.php\/wp-json\/wp\/v2\/product_brand?post=730596"},{"taxonomy":"product_cat","embeddable":true,"href":"https:\/\/roveyayinevi.com.tr\/index.php\/wp-json\/wp\/v2\/product_cat?post=730596"},{"taxonomy":"product_tag","embeddable":true,"href":"https:\/\/roveyayinevi.com.tr\/index.php\/wp-json\/wp\/v2\/product_tag?post=730596"}],"curies":[{"name":"wp","href":"https:\/\/api.w.org\/{rel}","templated":true}]}}