{"id":730595,"date":"2025-08-27T21:17:17","date_gmt":"2025-08-27T18:17:17","guid":{"rendered":"https:\/\/roveyayinevi.com.tr\/index.php\/urun\/yuzu-olmayan-adam-2\/"},"modified":"2026-04-16T02:38:33","modified_gmt":"2026-04-15T23:38:33","slug":"yuzu-olmayan-adam-2","status":"publish","type":"product","link":"https:\/\/roveyayinevi.com.tr\/index.php\/urun\/yuzu-olmayan-adam-2\/","title":{"rendered":"Y\u00fcz\u00fc Olmayan Adam"},"content":{"rendered":"<p>Bir n\u00f6rolog beyin rahats\u0131zl\u0131klar\u0131n\u0131n bir insan\u0131n ki\u015fili\u011fini nas\u0131l de\u011fi\u015ftirebilece\u011fini ve o insan\u0131n hayat\u0131n\u0131 nas\u0131l yerle bir edebilece\u011fini anlat\u0131yor. Y\u00fcz\u00fc Olmayan Adam adl\u0131 12 \u00f6yk\u00fcden olu\u015fan bu koleksiyonda, 12 farkl\u0131 hastal\u0131k anlat\u0131l\u0131yor. T\u00fcylerimizi diken diken eden, i\u00e7imize dokunan ve bazen de son derece komik olan hik\u00e2yelerden olu\u015fmakta. Oliver Sacks\u2019\u0131n okurlar\u0131 ve psikiyatrik vaka \u00f6yk\u00fclerini sevenler i\u00e7in son derece ilgi \u00e7ekici bir kitap<\/p>\n","protected":false},"excerpt":{"rendered":"<p>Bir n\u00f6rolog beyin rahats\u0131zl\u0131klar\u0131n\u0131n bir insan\u0131n ki\u015fili\u011fini nas\u0131l de\u011fi\u015ftirebilece\u011fini ve o insan\u0131n hayat\u0131n\u0131 nas\u0131l yerle bir edebilece\u011fini anlat\u0131yor. Y\u00fcz\u00fc Olmayan Adam adl\u0131 12 \u00f6yk\u00fcden olu\u015fan bu<span class=\"excerpt-hellip\"> [\u2026]<\/span><\/p>\n","protected":false},"featured_media":0,"template":"","meta":{"_monsterinsights_skip_tracking":false,"_monsterinsights_sitenote_active":false,"_monsterinsights_sitenote_note":"","_monsterinsights_sitenote_category":0},"product_brand":[],"product_cat":[12755,12357],"product_tag":[],"class_list":{"0":"post-730595","1":"product","2":"type-product","3":"status-publish","5":"product_cat-gelisim-psikolojisi","6":"product_cat-psikoloji","7":"pa_cilt-ciltsiz","8":"pa_tur-kitap","9":"pa_yayinevi-eksik-parca-yayinlari","10":"pa_yazar-christof-kessler","12":"first","13":"instock","14":"sale","15":"shipping-taxable","16":"purchasable","17":"product-type-simple"},"_links":{"self":[{"href":"https:\/\/roveyayinevi.com.tr\/index.php\/wp-json\/wp\/v2\/product\/730595","targetHints":{"allow":["GET"]}}],"collection":[{"href":"https:\/\/roveyayinevi.com.tr\/index.php\/wp-json\/wp\/v2\/product"}],"about":[{"href":"https:\/\/roveyayinevi.com.tr\/index.php\/wp-json\/wp\/v2\/types\/product"}],"wp:attachment":[{"href":"https:\/\/roveyayinevi.com.tr\/index.php\/wp-json\/wp\/v2\/media?parent=730595"}],"wp:term":[{"taxonomy":"product_brand","embeddable":true,"href":"https:\/\/roveyayinevi.com.tr\/index.php\/wp-json\/wp\/v2\/product_brand?post=730595"},{"taxonomy":"product_cat","embeddable":true,"href":"https:\/\/roveyayinevi.com.tr\/index.php\/wp-json\/wp\/v2\/product_cat?post=730595"},{"taxonomy":"product_tag","embeddable":true,"href":"https:\/\/roveyayinevi.com.tr\/index.php\/wp-json\/wp\/v2\/product_tag?post=730595"}],"curies":[{"name":"wp","href":"https:\/\/api.w.org\/{rel}","templated":true}]}}