{"id":730593,"date":"2025-08-27T21:17:14","date_gmt":"2025-08-27T18:17:14","guid":{"rendered":"https:\/\/roveyayinevi.com.tr\/index.php\/urun\/gezgin-ada-yolda-4\/"},"modified":"2026-04-16T02:38:33","modified_gmt":"2026-04-15T23:38:33","slug":"gezgin-ada-yolda-4","status":"publish","type":"product","link":"https:\/\/roveyayinevi.com.tr\/index.php\/urun\/gezgin-ada-yolda-4\/","title":{"rendered":"Gezgin Ada Yolda- 4"},"content":{"rendered":"<p>M\u00dcZ\u0130KALLER KENT\u0130 LONDRA&#8217;DA Ada bu kez ailesiyle birlikte Londra&#8217;ya gidiyor ve krali\u00e7enin ya\u015fad\u0131\u011f\u0131 Buckingham Saray\u0131&#8217;n\u0131, Do\u011fa Tarihi M\u00fczesi&#8217;ni, Covent Garden&#8217;\u0131 geziyor. Greenwich&#8217;e, Ulusal Denizcilik M\u00fczesi&#8217;ne, Trafalgar Meydan\u0131&#8217;na da giden Ada, Matilda m\u00fczikalini izlerken gelecekte yapmak iste\u011fi mesle\u011fi buluyor. R\u00fcyas\u0131nda kendini Tinker Bell olarak g\u00f6ren Ada, Londra&#8217;y\u0131 Peter Pan&#8217;la birlikte havadan dola\u015f\u0131yor&#8230; Siz de Ada ile birlikte Londra&#8217;y\u0131 gezmeye ne dersiniz? <\/p>\n","protected":false},"excerpt":{"rendered":"<p>M\u00dcZ\u0130KALLER KENT\u0130 LONDRA&#8217;DA Ada bu kez ailesiyle birlikte Londra&#8217;ya gidiyor ve krali\u00e7enin ya\u015fad\u0131\u011f\u0131 Buckingham Saray\u0131&#8217;n\u0131, Do\u011fa Tarihi M\u00fczesi&#8217;ni, Covent Garden&#8217;\u0131 geziyor. Greenwich&#8217;e, Ulusal Denizcilik M\u00fczesi&#8217;ne, Trafalgar<span class=\"excerpt-hellip\"> [\u2026]<\/span><\/p>\n","protected":false},"featured_media":0,"template":"","meta":{"_monsterinsights_skip_tracking":false,"_monsterinsights_sitenote_active":false,"_monsterinsights_sitenote_note":"","_monsterinsights_sitenote_category":0},"product_brand":[],"product_cat":[12913,12274],"product_tag":[],"class_list":{"0":"post-730593","1":"product","2":"type-product","3":"status-publish","5":"product_cat-3-6-yas-kitaplari","6":"product_cat-cocuk-ve-genclik-kitaplari","7":"pa_cilt-ciltsiz","8":"pa_tur-kitap","9":"pa_yayinevi-beyaz-balina-yayinlari","10":"pa_yazar-esra-abali","12":"first","13":"instock","14":"sale","15":"shipping-taxable","16":"purchasable","17":"product-type-simple"},"_links":{"self":[{"href":"https:\/\/roveyayinevi.com.tr\/index.php\/wp-json\/wp\/v2\/product\/730593","targetHints":{"allow":["GET"]}}],"collection":[{"href":"https:\/\/roveyayinevi.com.tr\/index.php\/wp-json\/wp\/v2\/product"}],"about":[{"href":"https:\/\/roveyayinevi.com.tr\/index.php\/wp-json\/wp\/v2\/types\/product"}],"wp:attachment":[{"href":"https:\/\/roveyayinevi.com.tr\/index.php\/wp-json\/wp\/v2\/media?parent=730593"}],"wp:term":[{"taxonomy":"product_brand","embeddable":true,"href":"https:\/\/roveyayinevi.com.tr\/index.php\/wp-json\/wp\/v2\/product_brand?post=730593"},{"taxonomy":"product_cat","embeddable":true,"href":"https:\/\/roveyayinevi.com.tr\/index.php\/wp-json\/wp\/v2\/product_cat?post=730593"},{"taxonomy":"product_tag","embeddable":true,"href":"https:\/\/roveyayinevi.com.tr\/index.php\/wp-json\/wp\/v2\/product_tag?post=730593"}],"curies":[{"name":"wp","href":"https:\/\/api.w.org\/{rel}","templated":true}]}}