{"id":730591,"date":"2025-08-27T21:17:12","date_gmt":"2025-08-27T18:17:12","guid":{"rendered":"https:\/\/roveyayinevi.com.tr\/index.php\/urun\/yeni-devir-yazilari-ilk-yazilar\/"},"modified":"2026-04-16T02:38:33","modified_gmt":"2026-04-15T23:38:33","slug":"yeni-devir-yazilari-ilk-yazilar","status":"publish","type":"product","link":"https:\/\/roveyayinevi.com.tr\/index.php\/urun\/yeni-devir-yazilari-ilk-yazilar\/","title":{"rendered":"Yeni Devir Yaz\u0131lar\u0131 &#8211; \u0130lk Yaz\u0131lar"},"content":{"rendered":"<p>Yeni Devir gazetesinde yay\u0131mlanan bu yaz\u0131lar\u0131, yazarl\u0131k hayat\u0131m\u0131n ilk \u00fcr\u00fcnleri oldu\u011fu i\u00e7in \u00f6nemsiyorum. Yeni Devir gazetesi ve Mavera dergisini dikkatle ve a\u015fkla okudu\u011fum y\u0131llard\u0131. Bu y\u0131llarda \u00f6nce Cahit Zarifo\u011flu, sonra \u0130smet \u00d6zel\u2019le mektupla\u015f\u0131rd\u0131m. Bu yaz\u0131lar, daha sonra \u015fekillenecek ve oturacak olan yaz\u0131 \u00fcsl\u00fbbumun ve d\u00fc\u015f\u00fcnce yap\u0131m\u0131n karakteristik \u00f6zelliklerini yans\u0131tt\u0131klr\u0131ndan \u00f6nemlidirler benim i\u00e7in. Tam 40 y\u0131l sonra ilk yaz\u0131lar\u0131m\u0131 notlar ekleyerek yeniden yay\u0131ml\u0131yorum. Bir d\u00f6nemi ve o d\u00f6nemin M\u00fcsl\u00fcman gen\u00e7li\u011finin duyarl\u0131\u011f\u0131n\u0131, hassasiyetlerini ve hayata bak\u0131\u015f\u0131n\u0131 yans\u0131tmas\u0131 bak\u0131m\u0131ndan \u00f6nemli buluyorum onlar\u0131. Tarih\u00ee ve sosyolojik bir belge \u00f6zelli\u011fine sahipler. <\/p>\n","protected":false},"excerpt":{"rendered":"<p>Yeni Devir gazetesinde yay\u0131mlanan bu yaz\u0131lar\u0131, yazarl\u0131k hayat\u0131m\u0131n ilk \u00fcr\u00fcnleri oldu\u011fu i\u00e7in \u00f6nemsiyorum. Yeni Devir gazetesi ve Mavera dergisini dikkatle ve a\u015fkla okudu\u011fum y\u0131llard\u0131. Bu y\u0131llarda<span class=\"excerpt-hellip\"> [\u2026]<\/span><\/p>\n","protected":false},"featured_media":0,"template":"","meta":{"_monsterinsights_skip_tracking":false,"_monsterinsights_sitenote_active":false,"_monsterinsights_sitenote_note":"","_monsterinsights_sitenote_category":0},"product_brand":[],"product_cat":[13072,12291],"product_tag":[],"class_list":{"0":"post-730591","1":"product","2":"type-product","3":"status-publish","5":"product_cat-arastirma-inceleme-referans","6":"product_cat-edebiyat","7":"pa_cilt-ciltsiz","8":"pa_tur-kitap","9":"pa_yayinevi-kopernik-kitap","10":"pa_yazar-mehmet-erdogan","12":"first","13":"instock","14":"sale","15":"shipping-taxable","16":"purchasable","17":"product-type-simple"},"_links":{"self":[{"href":"https:\/\/roveyayinevi.com.tr\/index.php\/wp-json\/wp\/v2\/product\/730591","targetHints":{"allow":["GET"]}}],"collection":[{"href":"https:\/\/roveyayinevi.com.tr\/index.php\/wp-json\/wp\/v2\/product"}],"about":[{"href":"https:\/\/roveyayinevi.com.tr\/index.php\/wp-json\/wp\/v2\/types\/product"}],"wp:attachment":[{"href":"https:\/\/roveyayinevi.com.tr\/index.php\/wp-json\/wp\/v2\/media?parent=730591"}],"wp:term":[{"taxonomy":"product_brand","embeddable":true,"href":"https:\/\/roveyayinevi.com.tr\/index.php\/wp-json\/wp\/v2\/product_brand?post=730591"},{"taxonomy":"product_cat","embeddable":true,"href":"https:\/\/roveyayinevi.com.tr\/index.php\/wp-json\/wp\/v2\/product_cat?post=730591"},{"taxonomy":"product_tag","embeddable":true,"href":"https:\/\/roveyayinevi.com.tr\/index.php\/wp-json\/wp\/v2\/product_tag?post=730591"}],"curies":[{"name":"wp","href":"https:\/\/api.w.org\/{rel}","templated":true}]}}