{"id":730588,"date":"2025-08-27T21:17:08","date_gmt":"2025-08-27T18:17:08","guid":{"rendered":"https:\/\/roveyayinevi.com.tr\/index.php\/urun\/insan-makami\/"},"modified":"2026-04-16T02:38:32","modified_gmt":"2026-04-15T23:38:32","slug":"insan-makami","status":"publish","type":"product","link":"https:\/\/roveyayinevi.com.tr\/index.php\/urun\/insan-makami\/","title":{"rendered":"\u0130nsan Makam\u0131"},"content":{"rendered":"<p>Bu b\u00f6yledir: Bizler insan do\u011fmay\u0131z, sonradan insan oluruz. Be\u015feriyetten insaniyet mertebesine \u00e7\u0131kmak bir \u00e7aban\u0131n ve en nihayetinde de bir l\u00fctfun sonucudur. Be\u015fer m\u00fctemadiyen y\u00fckselmek ve insaniyet makam\u0131na \u00e7\u0131kmak i\u00e7in \u00e7abalar asl\u0131nda, f\u0131trat bunu ister \u00e7\u00fcnk\u00fc. Bunun yan\u0131nda d\u00fcnya ve i\u00e7indekiler de insan\u0131 a\u015fa\u011f\u0131 \u00e7ekmek i\u00e7in t\u00fcm imk\u00e2nlar\u0131n\u0131 seferber eder. Hev\u00e2 ve heves, nefis ve \u015feytan, mal ve m\u00fclk, t\u00fbl-i emel, \u015fehvet, servet, \u015f\u00f6hret\u2026 Bunlar\u0131n t\u00fcm\u00fc insan olman\u0131n ve o makamda kalman\u0131n \u00f6n\u00fcnde birer engel, a\u015f\u0131lmas\u0131 gerekli olan birer m\u00e2niad\u0131r. Bunlar\u0131 a\u015fmadan, onlarla m\u00fccadeleyi s\u00fcrd\u00fcrmeden insan olabilmek ve kalabilmek m\u00fcmk\u00fcn de\u011fildir. Bunlar\u0131 a\u015fmak kolay m\u0131 peki? De\u011fil elbette. Nefes al\u0131p verdi\u011fimiz s\u00fcrece devam edecek bu m\u00fccadele. Ger\u00e7i her seferinde, \u015fu tepeyi de a\u015ft\u0131k m\u0131 d\u00fczl\u00fc\u011fe \u00e7\u0131kaca\u011f\u0131m\u0131z\u0131 \u00fcmit ediyoruz ama bitmiyor bir t\u00fcrl\u00fc tepeler, bitmeyecek. \u0130mtihan d\u00fcnyas\u0131 buras\u0131, burada d\u00fczl\u00fck yok. A\u015ft\u0131\u011f\u0131m\u0131z her tepeden sonra yeni tepeler, yeni tepeler bekliyor bizi. Son nefesi vermeden de bitmeyecek bu sava\u015f. Ya sonras\u0131 peki? Sonras\u0131 da \u00f6ncesi de Allah kerim. Allah kerim ve rah\u00eem. <\/p>\n","protected":false},"excerpt":{"rendered":"<p>Bu b\u00f6yledir: Bizler insan do\u011fmay\u0131z, sonradan insan oluruz. Be\u015feriyetten insaniyet mertebesine \u00e7\u0131kmak bir \u00e7aban\u0131n ve en nihayetinde de bir l\u00fctfun sonucudur. Be\u015fer m\u00fctemadiyen y\u00fckselmek ve insaniyet<span class=\"excerpt-hellip\"> [\u2026]<\/span><\/p>\n","protected":false},"featured_media":0,"template":"","meta":{"_monsterinsights_skip_tracking":false,"_monsterinsights_sitenote_active":false,"_monsterinsights_sitenote_note":"","_monsterinsights_sitenote_category":0},"product_brand":[],"product_cat":[12777,12291],"product_tag":[],"class_list":{"0":"post-730588","1":"product","2":"type-product","3":"status-publish","5":"product_cat-deneme","6":"product_cat-edebiyat","7":"pa_cilt-ciltsiz","8":"pa_tur-kitap","9":"pa_yayinevi-profil-kitap","10":"pa_yazar-saadettin-acar","12":"first","13":"instock","14":"sale","15":"shipping-taxable","16":"purchasable","17":"product-type-simple"},"_links":{"self":[{"href":"https:\/\/roveyayinevi.com.tr\/index.php\/wp-json\/wp\/v2\/product\/730588","targetHints":{"allow":["GET"]}}],"collection":[{"href":"https:\/\/roveyayinevi.com.tr\/index.php\/wp-json\/wp\/v2\/product"}],"about":[{"href":"https:\/\/roveyayinevi.com.tr\/index.php\/wp-json\/wp\/v2\/types\/product"}],"wp:attachment":[{"href":"https:\/\/roveyayinevi.com.tr\/index.php\/wp-json\/wp\/v2\/media?parent=730588"}],"wp:term":[{"taxonomy":"product_brand","embeddable":true,"href":"https:\/\/roveyayinevi.com.tr\/index.php\/wp-json\/wp\/v2\/product_brand?post=730588"},{"taxonomy":"product_cat","embeddable":true,"href":"https:\/\/roveyayinevi.com.tr\/index.php\/wp-json\/wp\/v2\/product_cat?post=730588"},{"taxonomy":"product_tag","embeddable":true,"href":"https:\/\/roveyayinevi.com.tr\/index.php\/wp-json\/wp\/v2\/product_tag?post=730588"}],"curies":[{"name":"wp","href":"https:\/\/api.w.org\/{rel}","templated":true}]}}