{"id":730587,"date":"2025-08-27T21:17:07","date_gmt":"2025-08-27T18:17:07","guid":{"rendered":"https:\/\/roveyayinevi.com.tr\/index.php\/urun\/bogac-han-dede-korkut-romanlari-2\/"},"modified":"2026-04-16T02:38:32","modified_gmt":"2026-04-15T23:38:32","slug":"bogac-han-dede-korkut-romanlari-2","status":"publish","type":"product","link":"https:\/\/roveyayinevi.com.tr\/index.php\/urun\/bogac-han-dede-korkut-romanlari-2\/","title":{"rendered":"Bo\u011fa\u00e7 Han \/ Dede Korkut Romanlar\u0131 \/ 2"},"content":{"rendered":"<p>\u201cB\u00fct\u00fcn T\u00fcrk edebiyat\u0131n\u0131 terazinin bir g\u00f6z\u00fcne, Dede Korkut\u2019u \u00f6b\u00fcr g\u00f6z\u00fcne koysan\u0131z, yine Dede Korkut a\u011f\u0131r basar.\u201d &#8211; Ord. Prof. M. Fuat K\u00d6PR\u00dcL\u00dc   \u201cDede Korkut Romanlar\u0131\u201d serisinin ikinci kitab\u0131 \u201cBo\u011fa\u00e7 Han\u201d, O\u011fuzlar\u0131n kudretli bir beyi olan Dirse Han\u2019\u0131n herkes\u00e7e alaya al\u0131nan, horlanan o\u011flu i\u00e7in duydu\u011fu \u00fcz\u00fcnt\u00fcyle ba\u015flar. Hanlar han\u0131 Bay\u0131nd\u0131r Han, yak\u0131nda bir \u015f\u00f6len verecektir ve Dirse Han, oraya gidince o\u011flu sebebiyle di\u011ferleri taraf\u0131ndan k\u00fc\u00e7\u00fcmsenece\u011fini, onlar\u0131n e\u011flence konusu olaca\u011f\u0131n\u0131 d\u00fc\u015f\u00fcnmektedir. Bo\u011fa\u00e7 Han ise sabahtan ak\u015fama kadar oban\u0131n \u00e7ocuklar\u0131yla a\u015f\u0131k oynay\u0131p g\u00fcn\u00fcn\u00fc g\u00fcn etse de asl\u0131nda babas\u0131n\u0131n kendisinden utand\u0131\u011f\u0131n\u0131n fark\u0131ndad\u0131r. Babas\u0131n\u0131 ya\u015fad\u0131\u011f\u0131 utan\u00e7tan kurtarmak ve kendi yi\u011fitli\u011fini ispatlamak i\u00e7in bir ak\u015fam evinden ayr\u0131l\u0131r ve al\u0131n yaz\u0131s\u0131n\u0131n pe\u015fine d\u00fc\u015fer. Ufuk Tufan bu kitapta Bo\u011fa\u00e7 Han\u2019\u0131n; a\u015fa\u011f\u0131lanma ve d\u0131\u015flanma ile ge\u00e7irdi\u011fi \u0131zd\u0131rap dolu y\u0131llar\u0131n\u0131n ard\u0131ndan, k\u00e2h amans\u0131z bir bo\u011fayla g\u00fcre\u015fe tutu\u015ftu\u011fu k\u00e2h babas\u0131n\u0131 kurtarmak i\u00e7in k\u00e2firlerle cenk etti\u011fi kahramanl\u0131klar\u0131n\u0131, onun O\u011fuz T\u00fcrklerinin en g\u00fc\u00e7l\u00fc yi\u011fitlerinden birine d\u00f6n\u00fc\u015fme hik\u00e2yesini anlat\u0131yor. <\/p>\n","protected":false},"excerpt":{"rendered":"<p>\u201cB\u00fct\u00fcn T\u00fcrk edebiyat\u0131n\u0131 terazinin bir g\u00f6z\u00fcne, Dede Korkut\u2019u \u00f6b\u00fcr g\u00f6z\u00fcne koysan\u0131z, yine Dede Korkut a\u011f\u0131r basar.\u201d &#8211; Ord. Prof. M. Fuat K\u00d6PR\u00dcL\u00dc \u201cDede Korkut Romanlar\u0131\u201d serisinin<span class=\"excerpt-hellip\"> [\u2026]<\/span><\/p>\n","protected":false},"featured_media":0,"template":"","meta":{"_monsterinsights_skip_tracking":false,"_monsterinsights_sitenote_active":false,"_monsterinsights_sitenote_note":"","_monsterinsights_sitenote_category":0},"product_brand":[],"product_cat":[12291,12745],"product_tag":[],"class_list":{"0":"post-730587","1":"product","2":"type-product","3":"status-publish","5":"product_cat-edebiyat","6":"product_cat-tarihi-roman","7":"pa_cilt-ciltsiz","8":"pa_tur-kitap","9":"pa_yayinevi-profil-kitap","10":"pa_yazar-ufuk-tufan","12":"first","13":"instock","14":"sale","15":"shipping-taxable","16":"purchasable","17":"product-type-simple"},"_links":{"self":[{"href":"https:\/\/roveyayinevi.com.tr\/index.php\/wp-json\/wp\/v2\/product\/730587","targetHints":{"allow":["GET"]}}],"collection":[{"href":"https:\/\/roveyayinevi.com.tr\/index.php\/wp-json\/wp\/v2\/product"}],"about":[{"href":"https:\/\/roveyayinevi.com.tr\/index.php\/wp-json\/wp\/v2\/types\/product"}],"wp:attachment":[{"href":"https:\/\/roveyayinevi.com.tr\/index.php\/wp-json\/wp\/v2\/media?parent=730587"}],"wp:term":[{"taxonomy":"product_brand","embeddable":true,"href":"https:\/\/roveyayinevi.com.tr\/index.php\/wp-json\/wp\/v2\/product_brand?post=730587"},{"taxonomy":"product_cat","embeddable":true,"href":"https:\/\/roveyayinevi.com.tr\/index.php\/wp-json\/wp\/v2\/product_cat?post=730587"},{"taxonomy":"product_tag","embeddable":true,"href":"https:\/\/roveyayinevi.com.tr\/index.php\/wp-json\/wp\/v2\/product_tag?post=730587"}],"curies":[{"name":"wp","href":"https:\/\/api.w.org\/{rel}","templated":true}]}}