{"id":730586,"date":"2025-08-27T21:17:06","date_gmt":"2025-08-27T18:17:06","guid":{"rendered":"https:\/\/roveyayinevi.com.tr\/index.php\/urun\/iyi-yasam-felsefesi\/"},"modified":"2026-04-16T02:38:32","modified_gmt":"2026-04-15T23:38:32","slug":"iyi-yasam-felsefesi","status":"publish","type":"product","link":"https:\/\/roveyayinevi.com.tr\/index.php\/urun\/iyi-yasam-felsefesi\/","title":{"rendered":"\u0130yi Ya\u015fam Felsefesi"},"content":{"rendered":"<p>\u201cBuradaki konum tarihte var oldu\u011fu \u015fekliyle iyi ya\u015fam fikridir. Kitab\u0131n yar\u0131s\u0131 tarihsel ara\u015ft\u0131rmalardan olu\u015fmaktad\u0131r; daha sonra da \u201cidealist\u201d ve tam olarak \u201cmonoteist\u201d iyi hayat varsay\u0131mlar\u0131n\u0131 inceliyorum.\u201d 19. y\u00fczy\u0131l\u0131n en etkin teologlar\u0131ndan biri olan Charles Gore, uzman olmayanlara da hitap eden bu derslerinde sadece H\u0131ristiyanl\u0131\u011f\u0131 de\u011fil, Zerd\u00fc\u015ft\u00e7\u00fcl\u00fc\u011f\u00fc, Budizmi ve di\u011fer Do\u011fu dinlerini, bunun yan\u0131nda Bat\u0131daki felsefi ak\u0131mlar\u0131 inceler ve nihayetinde iyi ya\u015fam felsefesini ortaya \u00e7\u0131karmaya \u00e7al\u0131\u015f\u0131r.,<\/p>\n","protected":false},"excerpt":{"rendered":"<p>\u201cBuradaki konum tarihte var oldu\u011fu \u015fekliyle iyi ya\u015fam fikridir. Kitab\u0131n yar\u0131s\u0131 tarihsel ara\u015ft\u0131rmalardan olu\u015fmaktad\u0131r; daha sonra da \u201cidealist\u201d ve tam olarak \u201cmonoteist\u201d iyi hayat varsay\u0131mlar\u0131n\u0131 inceliyorum.\u201d<span class=\"excerpt-hellip\"> [\u2026]<\/span><\/p>\n","protected":false},"featured_media":0,"template":"","meta":{"_monsterinsights_skip_tracking":false,"_monsterinsights_sitenote_active":false,"_monsterinsights_sitenote_note":"","_monsterinsights_sitenote_category":0},"product_brand":[],"product_cat":[12389,12388],"product_tag":[],"class_list":{"0":"post-730586","1":"product","2":"type-product","3":"status-publish","5":"product_cat-diger-felsefe","6":"product_cat-felsefe","7":"pa_cilt-ciltsiz","8":"pa_tur-kitap","9":"pa_yayinevi-pinhan-yayincilik","10":"pa_yazar-charles-gore","12":"first","13":"instock","14":"sale","15":"shipping-taxable","16":"purchasable","17":"product-type-simple"},"_links":{"self":[{"href":"https:\/\/roveyayinevi.com.tr\/index.php\/wp-json\/wp\/v2\/product\/730586","targetHints":{"allow":["GET"]}}],"collection":[{"href":"https:\/\/roveyayinevi.com.tr\/index.php\/wp-json\/wp\/v2\/product"}],"about":[{"href":"https:\/\/roveyayinevi.com.tr\/index.php\/wp-json\/wp\/v2\/types\/product"}],"wp:attachment":[{"href":"https:\/\/roveyayinevi.com.tr\/index.php\/wp-json\/wp\/v2\/media?parent=730586"}],"wp:term":[{"taxonomy":"product_brand","embeddable":true,"href":"https:\/\/roveyayinevi.com.tr\/index.php\/wp-json\/wp\/v2\/product_brand?post=730586"},{"taxonomy":"product_cat","embeddable":true,"href":"https:\/\/roveyayinevi.com.tr\/index.php\/wp-json\/wp\/v2\/product_cat?post=730586"},{"taxonomy":"product_tag","embeddable":true,"href":"https:\/\/roveyayinevi.com.tr\/index.php\/wp-json\/wp\/v2\/product_tag?post=730586"}],"curies":[{"name":"wp","href":"https:\/\/api.w.org\/{rel}","templated":true}]}}