{"id":730585,"date":"2025-08-27T21:17:05","date_gmt":"2025-08-27T18:17:05","guid":{"rendered":"https:\/\/roveyayinevi.com.tr\/index.php\/urun\/tiyatro-metinleri-4-oyun\/"},"modified":"2026-04-16T02:38:32","modified_gmt":"2026-04-15T23:38:32","slug":"tiyatro-metinleri-4-oyun","status":"publish","type":"product","link":"https:\/\/roveyayinevi.com.tr\/index.php\/urun\/tiyatro-metinleri-4-oyun\/","title":{"rendered":"Tiyatro Metinleri 4 Oyun"},"content":{"rendered":"<p>Hermes: Bedenden D\u00fcnya\u2019ya gelen, ilk insan olan Kabil\u2019in; Tanr\u0131\u2019n\u0131n kendi kurban\u0131n\u0131 kabul etmemesinden dolay\u0131 Tanr\u0131\u2019ya ba\u015fkald\u0131rmas\u0131 ve D\u00fcnya\u2019ya tekrar gelerek bir k\u00e2se i\u00e7inde k\u00e2inatta yarat\u0131lm\u0131\u015f t\u00fcm canl\u0131lar\u0131n kan\u0131 olan bir sunu daha sunmak i\u00e7in yapt\u0131\u011f\u0131 plan\u0131n ilk a\u015famas\u0131d\u0131r.\u201cKarde\u015fim, onun yeri benim yaratt\u0131\u011f\u0131m \u00e7ukurdur. Onu buraya yolla! \u0130nsanl\u0131\u011fa verilen se\u00e7me hakk\u0131n\u0131n yanl\u0131\u015f oldu\u011funu babam\u0131za g\u00f6sterece\u011fim.\u201d Kay\u0131\u011f\u0131n d\u00fcmeni karanl\u0131\u011f\u0131n en dip rotas\u0131na do\u011fru k\u0131r\u0131ld\u0131. Karde\u015fimin Kabil&#8217;e ne yapaca\u011f\u0131n\u0131 \u00e7ok merak ediyordum ama sorgulama g\u00fcd\u00fcm\u00fcz yoktu. Biz melekler sadece d\u00fczenin i\u015fleyi\u015fini sa\u011flamakla y\u00fck\u00fcml\u00fcyd\u00fck.Rat Garaj 1.43: Kim normal? Siz mi, ben mi? Veya normal olmak nedir? \u00c7o\u011funlu\u011fun yapt\u0131\u011f\u0131 davran\u0131\u015f m\u0131 normal yoksa her ki\u015fiye \u00f6zg\u00fc, \u00f6zden gelen ki\u015filik mi normal? Bu sorular\u0131n cevab\u0131n\u0131 bulaca\u011f\u0131n\u0131z\u0131 san\u0131yorsan\u0131z yan\u0131l\u0131yorsunuz. Ki\u015fiye g\u00f6re de\u011fi\u015fen cevaplar ile kar\u015f\u0131daki ki\u015fiyi su\u00e7lamaktan ileriye gidemeyiz.G\u00f6lge Araf\u2019ta: \u201c\u2026daha yak\u0131ndan g\u00f6recektim, g\u00f6rd\u00fcm g\u00f6rd\u00fcm yak\u0131ndan g\u00f6rd\u00fcm \u00e7ok yak\u0131ndan\u2026 Annemin \u2018Pekcan!\u2019 diye seslenirken g\u00f6zlerini g\u00f6rd\u00fcm, beni kald\u0131r\u0131ma itti.\u201d Bir an\u0131n bir bak\u0131\u015fla kenetlendi\u011fi bir ya\u015fam\u0131n d\u00fcnyas\u0131n\u0131 okuyacaks\u0131n\u0131z. Her ya\u015fam\u0131n ana kayna\u011f\u0131 kendisidir. Pekcan Sert ise kayna\u011f\u0131n\u0131 ceza olarak ya\u015f\u0131yor.Bir Ankara Hik\u00e2yesi\u2019nin d\u00f6rd\u00fcnc\u00fc kitab\u0131 olarak kar\u015f\u0131m\u0131za \u00e7\u0131kan G\u00f6lge Araf\u2019ta, eserin merkesi olarak ba\u011f\u0131ms\u0131z bir eser olarak de\u011ferlendirilebilir. Lakin unutulmamal\u0131d\u0131r ki bu hik\u00e2yede herkes ba\u015fkarakterdir.Veya Pekcan i\u00e7in \u00f6yledir.\u201c\u0130nsanlar\u0131 severim. \u0130nsanlar i\u00e7in tan\u0131masam bile hayat\u0131m\u0131 veririm. Ama \u00e7ocu\u011fum bile olsa Ankara\u2019y\u0131 terk edemem. Ac\u0131lar\u0131m olmazsa ben ya\u015fayamam. \u0130\u015fte bu y\u00fczden Ankara\u2019day\u0131m, Ankara benim i\u00e7in \u0131zd\u0131rap demek.\u201dKutsal \u00c7apa: \u201cAnadolu&#8217;nun tarihini hi\u00e7; ilk g\u00fcnden bug\u00fcne kadar \u015fahitlik eden bir canl\u0131dan dinlediniz mi? Nuh Peygamber\u2019in, B\u00fcy\u00fck \u0130skender&#8217;in Ankara&#8217;dan ge\u00e7ti\u011fini; Kral Midas&#8217;\u0131n Ankara Kalesi&#8217;ni in\u015fa etti\u011fini ve \u015fehrin ismini verdi\u011fini biliyor musunuz? Oyunumuz, tarihin fantastik anlat\u0131m\u0131yla h\u00e2l\u00e2 sizlerin yan\u0131nda olan ama sizin g\u00f6rmedi\u011finiz bir ki\u015fi ile sunulmaktad\u0131r.\u201d<\/p>\n","protected":false},"excerpt":{"rendered":"<p>Hermes: Bedenden D\u00fcnya\u2019ya gelen, ilk insan olan Kabil\u2019in; Tanr\u0131\u2019n\u0131n kendi kurban\u0131n\u0131 kabul etmemesinden dolay\u0131 Tanr\u0131\u2019ya ba\u015fkald\u0131rmas\u0131 ve D\u00fcnya\u2019ya tekrar gelerek bir k\u00e2se i\u00e7inde k\u00e2inatta yarat\u0131lm\u0131\u015f t\u00fcm<span class=\"excerpt-hellip\"> [\u2026]<\/span><\/p>\n","protected":false},"featured_media":0,"template":"","meta":{"_monsterinsights_skip_tracking":false,"_monsterinsights_sitenote_active":false,"_monsterinsights_sitenote_note":"","_monsterinsights_sitenote_category":0},"product_brand":[],"product_cat":[12409,12408],"product_tag":[],"class_list":{"0":"post-730585","1":"product","2":"type-product","3":"status-publish","5":"product_cat-fotograf-sinema-tiyatro","6":"product_cat-sanat","7":"pa_cilt-ciltsiz","8":"pa_tur-kitap","9":"pa_yayinevi-vaveyla-yayincilik","10":"pa_yazar-umit-dagci","12":"first","13":"instock","14":"sale","15":"shipping-taxable","16":"purchasable","17":"product-type-simple"},"_links":{"self":[{"href":"https:\/\/roveyayinevi.com.tr\/index.php\/wp-json\/wp\/v2\/product\/730585","targetHints":{"allow":["GET"]}}],"collection":[{"href":"https:\/\/roveyayinevi.com.tr\/index.php\/wp-json\/wp\/v2\/product"}],"about":[{"href":"https:\/\/roveyayinevi.com.tr\/index.php\/wp-json\/wp\/v2\/types\/product"}],"wp:attachment":[{"href":"https:\/\/roveyayinevi.com.tr\/index.php\/wp-json\/wp\/v2\/media?parent=730585"}],"wp:term":[{"taxonomy":"product_brand","embeddable":true,"href":"https:\/\/roveyayinevi.com.tr\/index.php\/wp-json\/wp\/v2\/product_brand?post=730585"},{"taxonomy":"product_cat","embeddable":true,"href":"https:\/\/roveyayinevi.com.tr\/index.php\/wp-json\/wp\/v2\/product_cat?post=730585"},{"taxonomy":"product_tag","embeddable":true,"href":"https:\/\/roveyayinevi.com.tr\/index.php\/wp-json\/wp\/v2\/product_tag?post=730585"}],"curies":[{"name":"wp","href":"https:\/\/api.w.org\/{rel}","templated":true}]}}