{"id":730583,"date":"2025-08-27T21:17:04","date_gmt":"2025-08-27T18:17:04","guid":{"rendered":"https:\/\/roveyayinevi.com.tr\/index.php\/urun\/kultur-teorisinde-eskizler\/"},"modified":"2026-04-16T02:38:32","modified_gmt":"2026-04-15T23:38:32","slug":"kultur-teorisinde-eskizler","status":"publish","type":"product","link":"https:\/\/roveyayinevi.com.tr\/index.php\/urun\/kultur-teorisinde-eskizler\/","title":{"rendered":"K\u00fclt\u00fcr Teorisinde Eskizler"},"content":{"rendered":"<p>Elinizdeki kitap 1968\u2019de kendi \u00fclkesinde g\u00f6r\u00fc\u015fleri ve muhalif tutumla r\u0131 nedeniyle bar\u0131namayan ve \u00fclkesini terk etmek zorunda kalan Bauman\u2019\u0131n kayboldu\u011funu sand\u0131\u011f\u0131 bir \u00e7al\u0131\u015fmas\u0131. Tam bas\u0131ma haz\u0131rland\u0131\u011f\u0131 s\u0131rada d\u00fc\u015f\u00fcnceleri ve eserleri \u00fclke i\u00e7inde yasaklanan parlak bir d\u00fc\u015f\u00fcn\u00fcre ait olan bu \u00e7al\u0131\u015fma adeta \u201c\u015fi\u015feye konulmu\u015f bir mesaj.\u201d Y\u0131llar sonra bir k\u00fct\u00fcphane ar\u015fivinde bulunarak okurla bulu\u015fan bu mesaj bize Bauman gibi b\u00fcy\u00fck bir d\u00fc\u015f\u00fcn\u00fcr\u00fcn 1960\u2019l\u0131 y\u0131llar\u0131n sonunda d\u00fc\u015f\u00fcnsel \u00e7er\u00e7evesini nas\u0131l kurdu\u011funa dair bir\u00e7ok de\u011ferli bilgi sunuyor. Sosyoloji \u00f6\u011frencileri ve Bauman takip\u00e7ileri i\u00e7in hazine niteli\u011finde say\u0131labilecek bu makaleler toplam\u0131nda Bauman d\u00f6nemin ele\u015ftirel teorik yakla\u015f\u0131mlar\u0131n\u0131, k\u00fclt\u00fcr okumalar\u0131n\u0131, e\u011fitim ve gen\u00e7lik olgusunu, modernitenin ay\u0131rt edici niteliklerine e\u011filen ve daha sonra \u201cak\u0131\u015fkan modernlik\u201d kavram\u0131na zemin olu\u015fturacak fikirleri okurlarla bulu\u015fturuyor. K\u00fclt\u00fcr teorileri ve ele\u015ftirel k\u00fclt\u00fcr okumalar\u0131 \u00fczerine Bauman gibi \u00f6nemli bir d\u00fc\u015f\u00fcn\u00fcr\u00fcn erken bir d\u00f6nemde s\u00f6ylemi\u015f olduklar\u0131na ula\u015fmak \u201c\u015fi\u015fedeki mesaj\u0131\u201d \u00fczerinden y\u0131llar bile ge\u00e7se de\u011ferli k\u0131l\u0131yor.Bauman\u2019\u0131n deyi\u015fiyle \u201c\u015fi\u015fedeki mesaj\u201d alegorisinde iki varsay\u0131m sakl\u0131d\u0131r: \u00d6ncelikle ortada yaz\u0131lmaya uygun ve \u015fi\u015feyi suya atma zahmetine de\u011fer bir mesaj oldu\u011fu varsay\u0131l\u0131r. \u0130kincisiyse bulunup okundu\u011funda onu bulan ki\u015finin \u015fi\u015feyi a\u00e7\u0131p i\u00e7indekini okuma, \u00f6z\u00fcmseme ve benimseme zahme- tine de\u011fecek bir mesaj oldu\u011fu d\u00fc\u015f\u00fcn\u00fcl\u00fcr. \u015ei\u015fedeki mesaj hayal k\u0131r\u0131kl\u0131\u011f\u0131n\u0131n ge\u00e7icili\u011fini ve umudun s\u00fcreklili\u011fini, olas\u0131l\u0131klar\u0131n yok edilemez olu\u015funu ve onlar\u0131n ger\u00e7ekle\u015fmesine engel olan g\u00fc\u00e7l\u00fcklerin a\u015f\u0131labilece\u011fini ifade eder. Umar\u0131z bu eser okurlar i\u00e7in b\u00f6yle bir ifadenin arac\u0131 olur\u2026Zygmunt Bauman: 1925\u2019te Polonya\u2019da do\u011fan Bauman s\u0131ras\u0131yla fa\u015fizmi, sosyalizmi ve kapitalizmi ele\u015ftirel bir mesafeyi koruyarak ya\u015fam\u0131\u015f ve hi\u00e7bir zaman ba\u011f\u0131ms\u0131z entelekt\u00fcel ki\u015fili\u011finden taviz vermemi\u015ftir. 1968\u2019de Polonya\u2019dan s\u0131n\u0131r d\u0131\u015f\u0131 edilmesinin ard\u0131ndan \u0130srail\u2019e, oradan da Leeds \u00dcniversitesi Sosyoloji K\u00fcrs\u00fcs\u00fc\u2019n\u00fcn ba\u015f\u0131na ge\u00e7mek \u00fczere Britanya\u2019ya gitmi\u015ftir. Bu g\u00f6revini 1971-1990 aras\u0131 s\u00fcrd\u00fcren Bauman, ilk y\u0131llardan itibaren hemen her konuda sosyolojik bak\u0131\u015f\u0131n \u00e7er\u00e7evesini geni\u015fleten eserler vermi\u015ftir. Bauman genellemeleri seven bir yazard\u0131r; ama y\u00f6ntembilim ve kavram tart\u0131\u015fmalar\u0131 yerine do\u011frudan toplumla ilgilenir. Eserleri bir sorun ve te\u015fhis etraf\u0131nda d\u00f6ner. Bu anlamda Britanya gelene\u011finden kopar. G\u00f6\u00e7menli\u011fi, \u00f6ncelleri K. Mannheim, A. L\u00f6we, N. Elias gibi ona da, ampirik ve pragmatik bir gelene\u011fin \u015fekillendirdi\u011fi ada k\u00fclt\u00fcr\u00fcne d\u0131\u015far\u0131dan bakma imk\u00e2n\u0131 vermi\u015ftir. Ayr\u0131ca onlar gibi, hakikat ve ahlak\u0131 sosyolojiye ta\u015f\u0131r. Bauman k\u00fclt\u00fcr ve iktidar\u0131n \u00e7\u00f6z\u00fcmlemesine \u00f6zel \u00f6nem vermi\u015f ve bu \u00e7er\u00e7evede toplum, ideolojiler, milli kimlikler, devlet, ahlaki se\u00e7im, modernizm ve postmodernizm konular\u0131n\u0131 ele alarak sosyolojiye yeni bir soluk getirmi\u015ftir. Uzun ya\u015fam\u0131na pek \u00e7ok de\u011ferli \u00e7al\u0131\u015fmay\u0131 s\u0131\u011fd\u0131ran Bauman, 9 Ocak 2017\u2019de hayat\u0131n\u0131 kaybetti.<\/p>\n","protected":false},"excerpt":{"rendered":"<p>Elinizdeki kitap 1968\u2019de kendi \u00fclkesinde g\u00f6r\u00fc\u015fleri ve muhalif tutumla r\u0131 nedeniyle bar\u0131namayan ve \u00fclkesini terk etmek zorunda kalan Bauman\u2019\u0131n kayboldu\u011funu sand\u0131\u011f\u0131 bir \u00e7al\u0131\u015fmas\u0131. Tam bas\u0131ma haz\u0131rland\u0131\u011f\u0131<span class=\"excerpt-hellip\"> [\u2026]<\/span><\/p>\n","protected":false},"featured_media":0,"template":"","meta":{"_monsterinsights_skip_tracking":false,"_monsterinsights_sitenote_active":false,"_monsterinsights_sitenote_note":"","_monsterinsights_sitenote_category":0},"product_brand":[],"product_cat":[20039,13488],"product_tag":[],"class_list":{"0":"post-730583","1":"product","2":"type-product","3":"status-publish","5":"product_cat-kultur-tarihi","6":"product_cat-toplum-ve-insan","7":"pa_cilt-ciltsiz","8":"pa_tur-kitap","9":"pa_yayinevi-ayrinti-yayinlari","10":"pa_yazar-zygmunt-bauman","12":"first","13":"instock","14":"sale","15":"shipping-taxable","16":"purchasable","17":"product-type-simple"},"_links":{"self":[{"href":"https:\/\/roveyayinevi.com.tr\/index.php\/wp-json\/wp\/v2\/product\/730583","targetHints":{"allow":["GET"]}}],"collection":[{"href":"https:\/\/roveyayinevi.com.tr\/index.php\/wp-json\/wp\/v2\/product"}],"about":[{"href":"https:\/\/roveyayinevi.com.tr\/index.php\/wp-json\/wp\/v2\/types\/product"}],"wp:attachment":[{"href":"https:\/\/roveyayinevi.com.tr\/index.php\/wp-json\/wp\/v2\/media?parent=730583"}],"wp:term":[{"taxonomy":"product_brand","embeddable":true,"href":"https:\/\/roveyayinevi.com.tr\/index.php\/wp-json\/wp\/v2\/product_brand?post=730583"},{"taxonomy":"product_cat","embeddable":true,"href":"https:\/\/roveyayinevi.com.tr\/index.php\/wp-json\/wp\/v2\/product_cat?post=730583"},{"taxonomy":"product_tag","embeddable":true,"href":"https:\/\/roveyayinevi.com.tr\/index.php\/wp-json\/wp\/v2\/product_tag?post=730583"}],"curies":[{"name":"wp","href":"https:\/\/api.w.org\/{rel}","templated":true}]}}