{"id":730582,"date":"2025-08-27T21:17:03","date_gmt":"2025-08-27T18:17:03","guid":{"rendered":"https:\/\/roveyayinevi.com.tr\/index.php\/urun\/cingene-gelin\/"},"modified":"2026-04-03T02:45:51","modified_gmt":"2026-04-02T23:45:51","slug":"cingene-gelin","status":"publish","type":"product","link":"https:\/\/roveyayinevi.com.tr\/index.php\/urun\/cingene-gelin\/","title":{"rendered":"\u00c7ingene Gelin"},"content":{"rendered":"<p>Kafatas\u0131 kurt\u00e7uklarla dolu bir ceset. D\u00fc\u011f\u00fcnlerine g\u00fcnler kala kan dondurucu bir y\u00f6ntemle \u00f6ld\u00fcr\u00fclen iki k\u0131z karde\u015f.Babas\u0131 \u00c7ingene olmas\u0131na ra\u011fmen \u00c7ingene adetlerine g\u00f6re yeti\u015ftirilmemi\u015f olan Susana Macaya, arkada\u015flar\u0131n\u0131n organize etti\u011fi bek\u00e2rl\u0131\u011fa veda partisinden sonra s\u0131rra kadem basar. Ortadan kaybolduktan iki g\u00fcn sonra bulunan cesedin, al\u0131\u015f\u0131lmad\u0131k ve deh\u015fet verici bir rit\u00fcelle i\u015fkenceye u\u011frad\u0131\u011f\u0131 ortaya \u00e7\u0131kar. Bu cinayetin en \u015f\u00fcpheli yan\u0131 ise Susana&#8217;n\u0131n k\u0131z karde\u015fi Lara&#8217;n\u0131n da yedi y\u0131l \u00f6nce, evlilik arifesinde ayn\u0131 y\u00f6ntemle cinayete kurban gitmi\u015f olmas\u0131d\u0131r. Lara&#8217;n\u0131n katilinin hapiste olmas\u0131 ak\u0131llarda soru i\u015faretleri yarat\u0131r: Ya Lara&#8217;n\u0131n esas katili d\u0131\u015far\u0131da serbestken i\u00e7eride masum biri yat\u0131yordur ya da birileri, Susana&#8217;y\u0131 \u00f6ld\u00fcrmek i\u00e7in k\u0131z karde\u015finin cinayetinde kullan\u0131lan y\u00f6ntemi taklit etmi\u015ftir.Kendine has tav\u0131rlar\u0131yla yetkin bir polis olan Dedektif Elena Blanco, ac\u0131 dolu ge\u00e7mi\u015finin izlerini ta\u015f\u0131rken bir yandan da \u00c7ingene Gelin vakas\u0131n\u0131n ard\u0131ndaki s\u0131r perdesini aralamaya \u00e7al\u0131\u015f\u0131r. Katilin kurbanlar\u0131na kar\u015f\u0131 uygulad\u0131\u011f\u0131 ac\u0131mas\u0131z y\u00f6ntem t\u00fcylerinizi \u00fcrpertecek ve sizi polisiye t\u00fcr\u00fcnde, Ispanya&#8217;da ve pek \u00e7ok \u00fclkede ad\u0131ndan s\u00f6z ettiren yazar Carmen Mola&#8217;ya hayran b\u0131rakacak.<\/p>\n","protected":false},"excerpt":{"rendered":"<p>Kafatas\u0131 kurt\u00e7uklarla dolu bir ceset. D\u00fc\u011f\u00fcnlerine g\u00fcnler kala kan dondurucu bir y\u00f6ntemle \u00f6ld\u00fcr\u00fclen iki k\u0131z karde\u015f.Babas\u0131 \u00c7ingene olmas\u0131na ra\u011fmen \u00c7ingene adetlerine g\u00f6re yeti\u015ftirilmemi\u015f olan Susana Macaya,<span class=\"excerpt-hellip\"> [\u2026]<\/span><\/p>\n","protected":false},"featured_media":0,"template":"","meta":{"_monsterinsights_skip_tracking":false,"_monsterinsights_sitenote_active":false,"_monsterinsights_sitenote_note":"","_monsterinsights_sitenote_category":0},"product_brand":[],"product_cat":[12291,12711],"product_tag":[],"class_list":{"0":"post-730582","1":"product","2":"type-product","3":"status-publish","5":"product_cat-edebiyat","6":"product_cat-roman-oyku","7":"pa_cilt-ciltsiz","8":"pa_tur-kitap","9":"pa_yayinevi-epsilon-yayinlari","10":"pa_yazar-carmen-mola","12":"first","13":"instock","14":"sale","15":"shipping-taxable","16":"purchasable","17":"product-type-simple"},"_links":{"self":[{"href":"https:\/\/roveyayinevi.com.tr\/index.php\/wp-json\/wp\/v2\/product\/730582","targetHints":{"allow":["GET"]}}],"collection":[{"href":"https:\/\/roveyayinevi.com.tr\/index.php\/wp-json\/wp\/v2\/product"}],"about":[{"href":"https:\/\/roveyayinevi.com.tr\/index.php\/wp-json\/wp\/v2\/types\/product"}],"wp:attachment":[{"href":"https:\/\/roveyayinevi.com.tr\/index.php\/wp-json\/wp\/v2\/media?parent=730582"}],"wp:term":[{"taxonomy":"product_brand","embeddable":true,"href":"https:\/\/roveyayinevi.com.tr\/index.php\/wp-json\/wp\/v2\/product_brand?post=730582"},{"taxonomy":"product_cat","embeddable":true,"href":"https:\/\/roveyayinevi.com.tr\/index.php\/wp-json\/wp\/v2\/product_cat?post=730582"},{"taxonomy":"product_tag","embeddable":true,"href":"https:\/\/roveyayinevi.com.tr\/index.php\/wp-json\/wp\/v2\/product_tag?post=730582"}],"curies":[{"name":"wp","href":"https:\/\/api.w.org\/{rel}","templated":true}]}}