{"id":730580,"date":"2025-08-27T21:17:00","date_gmt":"2025-08-27T18:17:00","guid":{"rendered":"https:\/\/roveyayinevi.com.tr\/index.php\/urun\/gumussu-zamani\/"},"modified":"2026-04-16T02:38:32","modified_gmt":"2026-04-15T23:38:32","slug":"gumussu-zamani","status":"publish","type":"product","link":"https:\/\/roveyayinevi.com.tr\/index.php\/urun\/gumussu-zamani\/","title":{"rendered":"G\u00fcm\u00fc\u015fsu Zaman\u0131"},"content":{"rendered":"<p>C\u0327ag\u0306das\u0327 edebiyat\u0131m\u0131z\u0131n dikkati c\u0327eken isimlerinden c\u0327evirmen, yazar Saliha Nilu\u0308fer, c\u0327ocuklar\u0131 geleceg\u0306in \u0131ss\u0131z du\u0308nyas\u0131nda gerc\u0327eku\u0308stu\u0308 bir yolculug\u0306a davet ediyor. Ba\u015fka bir ya\u015fam d\u00fczeninde, bamba\u015fka bir gezegende, d\u0131\u015f d\u00fcnyayla ba\u011flant\u0131s\u0131n\u0131 koparm\u0131\u015f bir \u015fehirde ya\u015fayan merakl\u0131 bir \u00e7ocu\u011fun izinde insan\u0131n ve d\u00fcnyan\u0131n gelece\u011fine dair \u00e7arp\u0131c\u0131 bir ser\u00fcvene \u00e7\u0131kar\u0131yor. I\u0307nsan eliyle talan edilen dog\u0306al yas\u0327am\u0131n ve yitirilen gu\u0308zelliklerin izini su\u0308ren Minnu\u2019nun masals\u0131 maceras\u0131, du\u0308nyay\u0131 yeniden kurmak ic\u0327in cesaret ve umutla yola c\u0327\u0131kman\u0131n, belleg\u0306i sahiplenmenin ilham veren gu\u0308cu\u0308nu\u0308 duyumsat\u0131yor. Do\u011fa ve insan ili\u015fkisinin de\u011fi\u015ftirici g\u00fcc\u00fcn\u00fc yal\u0131n bir anlat\u0131mla dillendiren kitap, gelece\u011fin d\u00fcnyas\u0131ndan bug\u00fcne ayna tutuyor. Elif Denec\u0327\u2019in desenleriyle renklenen roman, evimiz Du\u0308nya\u2019n\u0131n ve es\u0327siz dog\u0306as\u0131n\u0131n deg\u0306erini du\u0308s\u0327u\u0308ndu\u0308ru\u0308yor.Bozk\u0131r\u0131n ortas\u0131ndaki Sardun, kum f\u0131rt\u0131nalar\u0131ndan ancak cam kubbeyle korunan bir \u015fehirdir. Merakl\u0131 ve cesur bir \u00e7ocuk olan Minnu, yasak oldu\u011funu bile bile, yak\u0131ndaki ma\u011faralarda ya\u015fayan gudilere yiyecek ta\u015f\u0131r. G\u00fcvenini kazand\u0131\u011f\u0131 Gudi\u2019den a\u011fa\u00e7lar\u0131, ya\u011fmuru, do\u011fan\u0131n bereketini dinledi\u011finde adeta b\u00fcy\u00fclenir. Sardunlular\u2019\u0131n ge\u00e7mi\u015fte sahip oldu\u011fu do\u011fal zenginlikleri ke\u015ffetmenin hayalini kurar. Gudi\u2019yle gizemli topraklara yapt\u0131klar\u0131 yolculu\u011fun ard\u0131ndan, arkada\u015f\u0131 Bozek\u2019le m\u00fcthi\u015f bir plan geli\u015ftirirler\u2026<\/p>\n","protected":false},"excerpt":{"rendered":"<p>C\u0327ag\u0306das\u0327 edebiyat\u0131m\u0131z\u0131n dikkati c\u0327eken isimlerinden c\u0327evirmen, yazar Saliha Nilu\u0308fer, c\u0327ocuklar\u0131 geleceg\u0306in \u0131ss\u0131z du\u0308nyas\u0131nda gerc\u0327eku\u0308stu\u0308 bir yolculug\u0306a davet ediyor. Ba\u015fka bir ya\u015fam d\u00fczeninde, bamba\u015fka bir gezegende, d\u0131\u015f<span class=\"excerpt-hellip\"> [\u2026]<\/span><\/p>\n","protected":false},"featured_media":0,"template":"","meta":{"_monsterinsights_skip_tracking":false,"_monsterinsights_sitenote_active":false,"_monsterinsights_sitenote_note":"","_monsterinsights_sitenote_category":0},"product_brand":[],"product_cat":[12275,12274],"product_tag":[],"class_list":{"0":"post-730580","1":"product","2":"type-product","3":"status-publish","5":"product_cat-6-12-yas-kitaplari","6":"product_cat-cocuk-ve-genclik-kitaplari","7":"pa_cilt-ciltsiz","8":"pa_tur-kitap","9":"pa_yayinevi-gunisigi-kitapligi","10":"pa_yazar-saliha-nilufer","12":"first","13":"instock","14":"sale","15":"shipping-taxable","16":"purchasable","17":"product-type-simple"},"_links":{"self":[{"href":"https:\/\/roveyayinevi.com.tr\/index.php\/wp-json\/wp\/v2\/product\/730580","targetHints":{"allow":["GET"]}}],"collection":[{"href":"https:\/\/roveyayinevi.com.tr\/index.php\/wp-json\/wp\/v2\/product"}],"about":[{"href":"https:\/\/roveyayinevi.com.tr\/index.php\/wp-json\/wp\/v2\/types\/product"}],"wp:attachment":[{"href":"https:\/\/roveyayinevi.com.tr\/index.php\/wp-json\/wp\/v2\/media?parent=730580"}],"wp:term":[{"taxonomy":"product_brand","embeddable":true,"href":"https:\/\/roveyayinevi.com.tr\/index.php\/wp-json\/wp\/v2\/product_brand?post=730580"},{"taxonomy":"product_cat","embeddable":true,"href":"https:\/\/roveyayinevi.com.tr\/index.php\/wp-json\/wp\/v2\/product_cat?post=730580"},{"taxonomy":"product_tag","embeddable":true,"href":"https:\/\/roveyayinevi.com.tr\/index.php\/wp-json\/wp\/v2\/product_tag?post=730580"}],"curies":[{"name":"wp","href":"https:\/\/api.w.org\/{rel}","templated":true}]}}