{"id":730572,"date":"2025-08-27T21:16:53","date_gmt":"2025-08-27T18:16:53","guid":{"rendered":"https:\/\/roveyayinevi.com.tr\/index.php\/urun\/elestirel-dusunme\/"},"modified":"2026-04-16T02:38:32","modified_gmt":"2026-04-15T23:38:32","slug":"elestirel-dusunme","status":"publish","type":"product","link":"https:\/\/roveyayinevi.com.tr\/index.php\/urun\/elestirel-dusunme\/","title":{"rendered":"Ele\u015ftirel D\u00fc\u015f\u00fcnme"},"content":{"rendered":"<p>Ele\u015ftirel d\u00fc\u015f\u00fcnme, sadece belli bir i\u015fe veya disipline sahip bireylerde bulunmas\u0131 gereken bir beceri de\u011fildir. \u0130\u015fyerinde, okulda, evde ve hatta g\u00fcnl\u00fck hayatta kilit bir beceridir. \u00c7\u00fcnk\u00fc hayat\u0131m\u0131z\u0131n her a\u015famas\u0131nda karar vermek, problem \u00e7\u00f6zmek zorunday\u0131z. Ele\u015ftirel d\u00fc\u015f\u00fcnme becerisine sahip bireyler, etkile\u015fimde olduklar\u0131 bireylerin sorunlar\u0131n\u0131 \u00e7\u00f6zmelerine, i\u015f ve g\u00fcnl\u00fck hayatlar\u0131nda daha iyi olmalar\u0131n\u0131 sa\u011flayacak yakla\u015f\u0131mlar geli\u015ftirmelerine yard\u0131mc\u0131 olur. Bu nedenle i\u015fverenler, \u00f6\u011fretmenler, y\u00f6neticiler anne-babalar ve \u00e7ocuklar g\u00fc\u00e7l\u00fc ele\u015ftirel d\u00fc\u015f\u00fcnme becerilerine sahip olmalar\u0131 gerekir.   \u00d6zellikle bilgi trafi\u011finin \u00e7ok yo\u011fun oldu\u011fu g\u00fcn\u00fcm\u00fczde ele\u015ftirel d\u00fc\u015f\u00fcnme becerileri, etkin kullan\u0131larak hayat\u0131m\u0131zda daha do\u011fru kararlar almam\u0131za ve daha mutlu bir hayat s\u00fcrmemize yard\u0131mc\u0131 olabilir. Bu \u00e7al\u0131\u015fman\u0131n okuyuculara yard\u0131mc\u0131 olmas\u0131 dile\u011fi ile iyi okumalar.<\/p>\n","protected":false},"excerpt":{"rendered":"<p>Ele\u015ftirel d\u00fc\u015f\u00fcnme, sadece belli bir i\u015fe veya disipline sahip bireylerde bulunmas\u0131 gereken bir beceri de\u011fildir. \u0130\u015fyerinde, okulda, evde ve hatta g\u00fcnl\u00fck hayatta kilit bir beceridir. \u00c7\u00fcnk\u00fc<span class=\"excerpt-hellip\"> [\u2026]<\/span><\/p>\n","protected":false},"featured_media":0,"template":"","meta":{"_monsterinsights_skip_tracking":false,"_monsterinsights_sitenote_active":false,"_monsterinsights_sitenote_note":"","_monsterinsights_sitenote_category":0},"product_brand":[],"product_cat":[12573,12566],"product_tag":[],"class_list":{"0":"post-730572","1":"product","2":"type-product","3":"status-publish","5":"product_cat-akademik-kitaplar","6":"product_cat-egitim","7":"pa_cilt-ciltsiz","8":"pa_tur-kitap","9":"pa_yayinevi-egiten-kitap","10":"pa_yazar-hakan-elveren","12":"first","13":"instock","14":"sale","15":"shipping-taxable","16":"purchasable","17":"product-type-simple"},"_links":{"self":[{"href":"https:\/\/roveyayinevi.com.tr\/index.php\/wp-json\/wp\/v2\/product\/730572","targetHints":{"allow":["GET"]}}],"collection":[{"href":"https:\/\/roveyayinevi.com.tr\/index.php\/wp-json\/wp\/v2\/product"}],"about":[{"href":"https:\/\/roveyayinevi.com.tr\/index.php\/wp-json\/wp\/v2\/types\/product"}],"wp:attachment":[{"href":"https:\/\/roveyayinevi.com.tr\/index.php\/wp-json\/wp\/v2\/media?parent=730572"}],"wp:term":[{"taxonomy":"product_brand","embeddable":true,"href":"https:\/\/roveyayinevi.com.tr\/index.php\/wp-json\/wp\/v2\/product_brand?post=730572"},{"taxonomy":"product_cat","embeddable":true,"href":"https:\/\/roveyayinevi.com.tr\/index.php\/wp-json\/wp\/v2\/product_cat?post=730572"},{"taxonomy":"product_tag","embeddable":true,"href":"https:\/\/roveyayinevi.com.tr\/index.php\/wp-json\/wp\/v2\/product_tag?post=730572"}],"curies":[{"name":"wp","href":"https:\/\/api.w.org\/{rel}","templated":true}]}}