{"id":730570,"date":"2025-08-27T21:16:51","date_gmt":"2025-08-27T18:16:51","guid":{"rendered":"https:\/\/roveyayinevi.com.tr\/index.php\/urun\/dir-dir-drama-okul-oncesi-donemde-yaratici-drama\/"},"modified":"2026-04-16T02:38:32","modified_gmt":"2026-04-15T23:38:32","slug":"dir-dir-drama-okul-oncesi-donemde-yaratici-drama","status":"publish","type":"product","link":"https:\/\/roveyayinevi.com.tr\/index.php\/urun\/dir-dir-drama-okul-oncesi-donemde-yaratici-drama\/","title":{"rendered":"D\u0131r D\u0131r Drama &#8211; Okul \u00d6ncesi D\u00f6nemde Yarat\u0131c\u0131 Drama"},"content":{"rendered":"<p>Hepimiz bir zamanlar \u00e7ocuktuk\u2026 \u00c7ocukken en b\u00fcy\u00fck u\u011fra\u015f\u0131m\u0131z ve t\u00fcm ya\u015fam\u0131m\u0131z oyundu\u2026 Hayat oyunla g\u00fczeldi\u2026 B\u00fcy\u00fcd\u00fck, b\u00fcy\u00fcd\u00fck\u00e7e oyun oynamay\u0131 unuttuk\u2026 Hayat fazla ciddile\u015fti, oyunla gelen do\u011fal \u00f6\u011frenmeler ve e\u011flenceler yerini s\u0131k\u0131c\u0131 i\u015flere b\u0131rakt\u0131 belki de. Yerde buldu\u011fumuz bir dal\u0131 at yap\u0131p ko\u015ftu\u011fumuzda; yarat\u0131c\u0131l\u0131\u011f\u0131m\u0131z geli\u015fir, bedenimiz ihtiyac\u0131 olan harekete kavu\u015fur, kahkahalarla ruhumuz beslenirdi. Bu kitapla ruhunuzdaki \u00e7ocu\u011fa sesleniyorum. Haydi, uyan, oyna, hayal kur, ke\u015ffet. Oyun ve dramayla i\u00e7in de, d\u0131\u015f\u0131n da g\u00fcl\u00fcc\u00fckle dolsun. Dilin \u00e7\u00f6z\u00fcls\u00fcn akl\u0131ndan ge\u00e7enleri s\u00f6ze d\u00f6ks\u00fcn. Bedenin ihtiyac\u0131 olan harekete kavu\u015fsun. Keyifle ke\u015ffedilecek yollar bu kitapta seni bekliyor. Unuttuklar\u0131m\u0131z\u0131 hat\u0131rlayal\u0131m. Masals\u0131 bir dille yaz\u0131lm\u0131\u015f kuramsal b\u00f6l\u00fcm sizi daha \u00e7ok okuyup ara\u015ft\u0131rmaya sevk etsin. Uygulamalar benden size, sizden e\u011fitimcilere, ebeveynlere ve ruhundaki \u00e7ocu\u011fu uyand\u0131rmak isteyenlere ula\u015fs\u0131n\u2026 Sevgiyle, g\u00fcl\u00fcc\u00fckle, oyunla dolsun ya\u015fam\u0131n\u0131z\u2026<\/p>\n","protected":false},"excerpt":{"rendered":"<p>Hepimiz bir zamanlar \u00e7ocuktuk\u2026 \u00c7ocukken en b\u00fcy\u00fck u\u011fra\u015f\u0131m\u0131z ve t\u00fcm ya\u015fam\u0131m\u0131z oyundu\u2026 Hayat oyunla g\u00fczeldi\u2026 B\u00fcy\u00fcd\u00fck, b\u00fcy\u00fcd\u00fck\u00e7e oyun oynamay\u0131 unuttuk\u2026 Hayat fazla ciddile\u015fti, oyunla gelen do\u011fal<span class=\"excerpt-hellip\"> [\u2026]<\/span><\/p>\n","protected":false},"featured_media":0,"template":"","meta":{"_monsterinsights_skip_tracking":false,"_monsterinsights_sitenote_active":false,"_monsterinsights_sitenote_note":"","_monsterinsights_sitenote_category":0},"product_brand":[],"product_cat":[12573,12566],"product_tag":[],"class_list":{"0":"post-730570","1":"product","2":"type-product","3":"status-publish","5":"product_cat-akademik-kitaplar","6":"product_cat-egitim","7":"pa_cilt-ciltsiz","8":"pa_tur-kitap","9":"pa_yayinevi-egiten-kitap","10":"pa_yazar-derya-ozer-yaman","12":"first","13":"instock","14":"sale","15":"shipping-taxable","16":"purchasable","17":"product-type-simple"},"_links":{"self":[{"href":"https:\/\/roveyayinevi.com.tr\/index.php\/wp-json\/wp\/v2\/product\/730570","targetHints":{"allow":["GET"]}}],"collection":[{"href":"https:\/\/roveyayinevi.com.tr\/index.php\/wp-json\/wp\/v2\/product"}],"about":[{"href":"https:\/\/roveyayinevi.com.tr\/index.php\/wp-json\/wp\/v2\/types\/product"}],"wp:attachment":[{"href":"https:\/\/roveyayinevi.com.tr\/index.php\/wp-json\/wp\/v2\/media?parent=730570"}],"wp:term":[{"taxonomy":"product_brand","embeddable":true,"href":"https:\/\/roveyayinevi.com.tr\/index.php\/wp-json\/wp\/v2\/product_brand?post=730570"},{"taxonomy":"product_cat","embeddable":true,"href":"https:\/\/roveyayinevi.com.tr\/index.php\/wp-json\/wp\/v2\/product_cat?post=730570"},{"taxonomy":"product_tag","embeddable":true,"href":"https:\/\/roveyayinevi.com.tr\/index.php\/wp-json\/wp\/v2\/product_tag?post=730570"}],"curies":[{"name":"wp","href":"https:\/\/api.w.org\/{rel}","templated":true}]}}