{"id":730569,"date":"2025-08-27T21:16:50","date_gmt":"2025-08-27T18:16:50","guid":{"rendered":"https:\/\/roveyayinevi.com.tr\/index.php\/urun\/franz-kafka-oyku-ve-roman-seti-7-kitap-takim\/"},"modified":"2026-04-16T02:38:32","modified_gmt":"2026-04-15T23:38:32","slug":"franz-kafka-oyku-ve-roman-seti-7-kitap-takim","status":"publish","type":"product","link":"https:\/\/roveyayinevi.com.tr\/index.php\/urun\/franz-kafka-oyku-ve-roman-seti-7-kitap-takim\/","title":{"rendered":"Franz Kafka \u00d6yk\u00fc ve Roman Seti (7 Kitap Tak\u0131m)"},"content":{"rendered":"<p>Franz Kafka\u2019n\u0131n \u00f6yk\u00fc ve romanlar\u0131n\u0131n tamam\u0131n\u0131n yer ald\u0131\u011f\u0131 bu yedi kitapl\u0131k set; \u00e7evirmen Kamuran \u015eipal\u2019in duru T\u00fcrk\u00e7esiyle okuyucuyla bulu\u015fuyor.<\/p>\n","protected":false},"excerpt":{"rendered":"<p>Franz Kafka\u2019n\u0131n \u00f6yk\u00fc ve romanlar\u0131n\u0131n tamam\u0131n\u0131n yer ald\u0131\u011f\u0131 bu yedi kitapl\u0131k set; \u00e7evirmen Kamuran \u015eipal\u2019in duru T\u00fcrk\u00e7esiyle okuyucuyla bulu\u015fuyor.<\/p>\n","protected":false},"featured_media":0,"template":"","meta":{"_monsterinsights_skip_tracking":false,"_monsterinsights_sitenote_active":false,"_monsterinsights_sitenote_note":"","_monsterinsights_sitenote_category":0},"product_brand":[],"product_cat":[12291,12711],"product_tag":[],"class_list":{"0":"post-730569","1":"product","2":"type-product","3":"status-publish","5":"product_cat-edebiyat","6":"product_cat-roman-oyku","7":"pa_cilt-takim","8":"pa_tur-kitap","9":"pa_yayinevi-cem-yayinevi","10":"pa_yazar-franz-kafka","12":"first","13":"instock","14":"sale","15":"shipping-taxable","16":"purchasable","17":"product-type-simple"},"_links":{"self":[{"href":"https:\/\/roveyayinevi.com.tr\/index.php\/wp-json\/wp\/v2\/product\/730569","targetHints":{"allow":["GET"]}}],"collection":[{"href":"https:\/\/roveyayinevi.com.tr\/index.php\/wp-json\/wp\/v2\/product"}],"about":[{"href":"https:\/\/roveyayinevi.com.tr\/index.php\/wp-json\/wp\/v2\/types\/product"}],"wp:attachment":[{"href":"https:\/\/roveyayinevi.com.tr\/index.php\/wp-json\/wp\/v2\/media?parent=730569"}],"wp:term":[{"taxonomy":"product_brand","embeddable":true,"href":"https:\/\/roveyayinevi.com.tr\/index.php\/wp-json\/wp\/v2\/product_brand?post=730569"},{"taxonomy":"product_cat","embeddable":true,"href":"https:\/\/roveyayinevi.com.tr\/index.php\/wp-json\/wp\/v2\/product_cat?post=730569"},{"taxonomy":"product_tag","embeddable":true,"href":"https:\/\/roveyayinevi.com.tr\/index.php\/wp-json\/wp\/v2\/product_tag?post=730569"}],"curies":[{"name":"wp","href":"https:\/\/api.w.org\/{rel}","templated":true}]}}