{"id":730567,"date":"2025-08-27T21:16:48","date_gmt":"2025-08-27T18:16:48","guid":{"rendered":"https:\/\/roveyayinevi.com.tr\/index.php\/urun\/cocukla-iletisim\/"},"modified":"2026-04-16T02:38:32","modified_gmt":"2026-04-15T23:38:32","slug":"cocukla-iletisim","status":"publish","type":"product","link":"https:\/\/roveyayinevi.com.tr\/index.php\/urun\/cocukla-iletisim\/","title":{"rendered":"\u00c7ocukla \u0130leti\u015fim"},"content":{"rendered":"<p>\u00c7ocuklar\u0131n geli\u015fimlerini desteklemede, hayat\u0131 deneyimleyerek \u00f6\u011frenmelerinde ileti\u015fim tek ba\u015f\u0131na yeterli olmasa dahi kap\u0131lar\u0131 a\u00e7an sihirli bir anahtar olarak kar\u015f\u0131m\u0131za \u00e7\u0131kacakt\u0131r. O nedenle bu kitap, \u00e7ocukla \u00e7al\u0131\u015fan \u00f6\u011fretmen, akademisyen, psikolog, terapist, bak\u0131m veren ki\u015fi, di\u011fer meslek elemanlar\u0131 ve \u00e7ocuk i\u00e7erikli alanlardan birinde \u00f6\u011frenim g\u00f6ren y\u00fcksek\u00f6\u011fretim \u00f6\u011frencilerinin yan\u0131 s\u0131ra ebeveynlere ve t\u00fcm okurlara da yol g\u00f6sterici olmas\u0131 amac\u0131yla; teorik bilgilerin ve ara\u015ft\u0131rmalar\u0131n, alanda uzun y\u0131llar \u00e7al\u0131\u015fan akademisyenlerin deneyimleri ve uygulamalar\u0131yla harmanlanmas\u0131 \u015feklinde sunulmu\u015ftur.<\/p>\n","protected":false},"excerpt":{"rendered":"<p>\u00c7ocuklar\u0131n geli\u015fimlerini desteklemede, hayat\u0131 deneyimleyerek \u00f6\u011frenmelerinde ileti\u015fim tek ba\u015f\u0131na yeterli olmasa dahi kap\u0131lar\u0131 a\u00e7an sihirli bir anahtar olarak kar\u015f\u0131m\u0131za \u00e7\u0131kacakt\u0131r. O nedenle bu kitap, \u00e7ocukla \u00e7al\u0131\u015fan<span class=\"excerpt-hellip\"> [\u2026]<\/span><\/p>\n","protected":false},"featured_media":0,"template":"","meta":{"_monsterinsights_skip_tracking":false,"_monsterinsights_sitenote_active":false,"_monsterinsights_sitenote_note":"","_monsterinsights_sitenote_category":0},"product_brand":[],"product_cat":[12573,12566],"product_tag":[],"class_list":{"0":"post-730567","1":"product","2":"type-product","3":"status-publish","5":"product_cat-akademik-kitaplar","6":"product_cat-egitim","7":"pa_cilt-ciltsiz","8":"pa_tur-kitap","9":"pa_yayinevi-egiten-kitap","10":"pa_yazar-miray-ozozen-danaci","12":"first","13":"instock","14":"sale","15":"shipping-taxable","16":"purchasable","17":"product-type-simple"},"_links":{"self":[{"href":"https:\/\/roveyayinevi.com.tr\/index.php\/wp-json\/wp\/v2\/product\/730567","targetHints":{"allow":["GET"]}}],"collection":[{"href":"https:\/\/roveyayinevi.com.tr\/index.php\/wp-json\/wp\/v2\/product"}],"about":[{"href":"https:\/\/roveyayinevi.com.tr\/index.php\/wp-json\/wp\/v2\/types\/product"}],"wp:attachment":[{"href":"https:\/\/roveyayinevi.com.tr\/index.php\/wp-json\/wp\/v2\/media?parent=730567"}],"wp:term":[{"taxonomy":"product_brand","embeddable":true,"href":"https:\/\/roveyayinevi.com.tr\/index.php\/wp-json\/wp\/v2\/product_brand?post=730567"},{"taxonomy":"product_cat","embeddable":true,"href":"https:\/\/roveyayinevi.com.tr\/index.php\/wp-json\/wp\/v2\/product_cat?post=730567"},{"taxonomy":"product_tag","embeddable":true,"href":"https:\/\/roveyayinevi.com.tr\/index.php\/wp-json\/wp\/v2\/product_tag?post=730567"}],"curies":[{"name":"wp","href":"https:\/\/api.w.org\/{rel}","templated":true}]}}