{"id":730566,"date":"2025-08-27T21:16:47","date_gmt":"2025-08-27T18:16:47","guid":{"rendered":"https:\/\/roveyayinevi.com.tr\/index.php\/urun\/kara-kiz\/"},"modified":"2026-04-16T02:38:32","modified_gmt":"2026-04-15T23:38:32","slug":"kara-kiz","status":"publish","type":"product","link":"https:\/\/roveyayinevi.com.tr\/index.php\/urun\/kara-kiz\/","title":{"rendered":"Kara K\u0131z"},"content":{"rendered":"<p>1925 Nobel Edebiyat \u00d6d\u00fcl\u00fcn\u00fcn sahibi George Bernard Shaw, tiyatro eserlerinin yan\u0131 s\u0131ra \u00e7ok ba\u015far\u0131l\u0131 bir hik\u00e2yecidir de. Shaw hik\u00e2yelerini, keskin g\u00f6zlemler ve ince bir mizah duygusuyla yazm\u0131\u015ft\u0131r. Kara K\u0131z, ba\u015fta kad\u0131nlar\u0131n e\u015fitli\u011fi ve \u015fiddet kar\u015f\u0131tl\u0131\u011f\u0131 olmak \u00fczere, \u00e7a\u011fda\u015f ya\u015fam d\u00fc\u015f\u00fcncesini \u00f6ne s\u00fcren hik\u00e2yelerden olu\u015fmaktad\u0131r. Kara K\u0131z\u2019\u0131 Mete Ergin\u2019in \u00e7evirisiyle sunuyoruz.<\/p>\n","protected":false},"excerpt":{"rendered":"<p>1925 Nobel Edebiyat \u00d6d\u00fcl\u00fcn\u00fcn sahibi George Bernard Shaw, tiyatro eserlerinin yan\u0131 s\u0131ra \u00e7ok ba\u015far\u0131l\u0131 bir hik\u00e2yecidir de. Shaw hik\u00e2yelerini, keskin g\u00f6zlemler ve ince bir mizah duygusuyla<span class=\"excerpt-hellip\"> [\u2026]<\/span><\/p>\n","protected":false},"featured_media":0,"template":"","meta":{"_monsterinsights_skip_tracking":false,"_monsterinsights_sitenote_active":false,"_monsterinsights_sitenote_note":"","_monsterinsights_sitenote_category":0},"product_brand":[],"product_cat":[12291,12711],"product_tag":[],"class_list":{"0":"post-730566","1":"product","2":"type-product","3":"status-publish","5":"product_cat-edebiyat","6":"product_cat-roman-oyku","7":"pa_cilt-ciltsiz","8":"pa_tur-kitap","9":"pa_yayinevi-cem-yayinevi","10":"pa_yazar-bernard-shaw","12":"first","13":"instock","14":"sale","15":"shipping-taxable","16":"purchasable","17":"product-type-simple"},"_links":{"self":[{"href":"https:\/\/roveyayinevi.com.tr\/index.php\/wp-json\/wp\/v2\/product\/730566","targetHints":{"allow":["GET"]}}],"collection":[{"href":"https:\/\/roveyayinevi.com.tr\/index.php\/wp-json\/wp\/v2\/product"}],"about":[{"href":"https:\/\/roveyayinevi.com.tr\/index.php\/wp-json\/wp\/v2\/types\/product"}],"wp:attachment":[{"href":"https:\/\/roveyayinevi.com.tr\/index.php\/wp-json\/wp\/v2\/media?parent=730566"}],"wp:term":[{"taxonomy":"product_brand","embeddable":true,"href":"https:\/\/roveyayinevi.com.tr\/index.php\/wp-json\/wp\/v2\/product_brand?post=730566"},{"taxonomy":"product_cat","embeddable":true,"href":"https:\/\/roveyayinevi.com.tr\/index.php\/wp-json\/wp\/v2\/product_cat?post=730566"},{"taxonomy":"product_tag","embeddable":true,"href":"https:\/\/roveyayinevi.com.tr\/index.php\/wp-json\/wp\/v2\/product_tag?post=730566"}],"curies":[{"name":"wp","href":"https:\/\/api.w.org\/{rel}","templated":true}]}}