{"id":730565,"date":"2025-08-27T21:16:46","date_gmt":"2025-08-27T18:16:46","guid":{"rendered":"https:\/\/roveyayinevi.com.tr\/index.php\/urun\/dezavantajli-cocuklar\/"},"modified":"2026-04-16T02:38:32","modified_gmt":"2026-04-15T23:38:32","slug":"dezavantajli-cocuklar","status":"publish","type":"product","link":"https:\/\/roveyayinevi.com.tr\/index.php\/urun\/dezavantajli-cocuklar\/","title":{"rendered":"Dezavantajl\u0131 \u00c7ocuklar"},"content":{"rendered":"<p>\u00c7ocukken b\u00fcy\u00fckler bana k\u0131zd\u0131\u011f\u0131nda, anneannem &#8220;Daha o sabi&#8230;&#8221; diyerek tepki g\u00f6sterirdi. Sabi, bala, u\u015fak&#8230; Art\u0131k \u00e7ok s\u0131k duyamad\u0131\u011f\u0131m\u0131z bu kelimelerin hepsi masumiyeti, safl\u0131\u011f\u0131, do\u011fall\u0131\u011f\u0131, heyecan\u0131, co\u015fkuyu, e\u011flenceyi \u00e7a\u011fr\u0131\u015ft\u0131ran \u00e7ocuklar\u0131, \u00e7ocuklar\u0131m\u0131z\u0131 anlat\u0131yor. \u00c7ocuklar gelece\u011fimizin g\u00fcvencesi ve d\u00fcnyay\u0131 g\u00fczelle\u015ftirmek i\u00e7in bize sunulan sebeplerden belki de en g\u00fczeli\u2026 Ancak hak etti\u011fi ya\u015fam\u0131 bulamayan \u00e7ocuklar da var ne yaz\u0131kki. Var ki \u201cDezavantajl\u0131 \u00c7ocuklar\u201d kitab\u0131 yaz\u0131ld\u0131. Bu kitap kapsam\u0131nda, ben ve de\u011ferli yazarlar\u0131m\u0131z dezavantajl\u0131 gruplarda yer alan \u00e7ocuklar\u0131m\u0131z\u0131 farkl\u0131 a\u00e7\u0131lardan ele ald\u0131k. B\u00f6ylece olumsuz durumlar i\u00e7indeki \u00e7ocuklara dikkat \u00e7ekmeye \u00e7al\u0131\u015ft\u0131k. Kitab\u0131n \u00f6\u011frencilere, \u00f6\u011fretmenlere, uzmanlara ve ara\u015ft\u0131rmac\u0131lara katk\u0131 sa\u011flamas\u0131n\u0131 umut ediyoruz.  \u00c7ocuklar hepimizin&#8230; <\/p>\n","protected":false},"excerpt":{"rendered":"<p>\u00c7ocukken b\u00fcy\u00fckler bana k\u0131zd\u0131\u011f\u0131nda, anneannem &#8220;Daha o sabi&#8230;&#8221; diyerek tepki g\u00f6sterirdi. Sabi, bala, u\u015fak&#8230; Art\u0131k \u00e7ok s\u0131k duyamad\u0131\u011f\u0131m\u0131z bu kelimelerin hepsi masumiyeti, safl\u0131\u011f\u0131, do\u011fall\u0131\u011f\u0131, heyecan\u0131, co\u015fkuyu,<span class=\"excerpt-hellip\"> [\u2026]<\/span><\/p>\n","protected":false},"featured_media":0,"template":"","meta":{"_monsterinsights_skip_tracking":false,"_monsterinsights_sitenote_active":false,"_monsterinsights_sitenote_note":"","_monsterinsights_sitenote_category":0},"product_brand":[],"product_cat":[12573,12566],"product_tag":[],"class_list":{"0":"post-730565","1":"product","2":"type-product","3":"status-publish","5":"product_cat-akademik-kitaplar","6":"product_cat-egitim","7":"pa_cilt-ciltsiz","8":"pa_tur-kitap","9":"pa_yayinevi-egiten-kitap","10":"pa_yazar-hulya-gulay-ogelman","12":"first","13":"instock","14":"sale","15":"shipping-taxable","16":"purchasable","17":"product-type-simple"},"_links":{"self":[{"href":"https:\/\/roveyayinevi.com.tr\/index.php\/wp-json\/wp\/v2\/product\/730565","targetHints":{"allow":["GET"]}}],"collection":[{"href":"https:\/\/roveyayinevi.com.tr\/index.php\/wp-json\/wp\/v2\/product"}],"about":[{"href":"https:\/\/roveyayinevi.com.tr\/index.php\/wp-json\/wp\/v2\/types\/product"}],"wp:attachment":[{"href":"https:\/\/roveyayinevi.com.tr\/index.php\/wp-json\/wp\/v2\/media?parent=730565"}],"wp:term":[{"taxonomy":"product_brand","embeddable":true,"href":"https:\/\/roveyayinevi.com.tr\/index.php\/wp-json\/wp\/v2\/product_brand?post=730565"},{"taxonomy":"product_cat","embeddable":true,"href":"https:\/\/roveyayinevi.com.tr\/index.php\/wp-json\/wp\/v2\/product_cat?post=730565"},{"taxonomy":"product_tag","embeddable":true,"href":"https:\/\/roveyayinevi.com.tr\/index.php\/wp-json\/wp\/v2\/product_tag?post=730565"}],"curies":[{"name":"wp","href":"https:\/\/api.w.org\/{rel}","templated":true}]}}