{"id":730561,"date":"2025-08-27T21:16:42","date_gmt":"2025-08-27T18:16:42","guid":{"rendered":"https:\/\/roveyayinevi.com.tr\/index.php\/urun\/gunlukler-1956-1966-ekrem-alican\/"},"modified":"2026-04-16T02:38:32","modified_gmt":"2026-04-15T23:38:32","slug":"gunlukler-1956-1966-ekrem-alican","status":"publish","type":"product","link":"https:\/\/roveyayinevi.com.tr\/index.php\/urun\/gunlukler-1956-1966-ekrem-alican\/","title":{"rendered":"G\u00fcnl\u00fckler (1956-1966) Ekrem Alican"},"content":{"rendered":"<p>Bu kitap Ekrem Alican\u2019\u0131n 1956-1966 y\u0131llar\u0131 aras\u0131nda tuttu\u011fu g\u00fcnl\u00fcklerinden olu\u015fmaktad\u0131r. Politikaya Demokrat Parti saflar\u0131nda ba\u015flayan, Menderes\u2019in bask\u0131c\u0131 politikalar\u0131na kar\u015f\u0131 \u00e7\u0131karak DP\u2019den ayr\u0131l\u0131p H\u00fcrriyet Partisi\u2019ni ve daha sonra Yeni T\u00fcrkiye Partisi\u2019ni kurup Maliye Bakanl\u0131\u011f\u0131, ba\u015fbakanl\u0131k yard\u0131mc\u0131l\u0131\u011f\u0131 yapan Alican \u00c7ok Partili T\u00fcrk siyasi hayat\u0131n\u0131n ilgin\u00e7 ki\u015filerinden biridir. Askeri darbeler, darbe giri\u015fimleri, se\u00e7im ittifaklar\u0131, koalisyonlarla dolu \u00e7alkant\u0131l\u0131 bir d\u00f6nemde siyaset yapm\u0131\u015f ilkeli bir siyaset\u00e7inin her ne pahas\u0131na olursa olsun inand\u0131\u011f\u0131 fikirlerden taviz vermeden nas\u0131l m\u00fccadele etti\u011fini bu g\u00fcnl\u00fckte okuyacaks\u0131n\u0131z. Konu\u015fmam ge\u00e7en sene oldu\u011fu gibi Demokrat Parti Meclis Grubu taraf\u0131ndan b\u00fcy\u00fck bir alaka ile dinleniyordu. Konu\u015fmam\u0131n ba\u015f\u0131nda b\u00fct\u00e7e hakk\u0131ndaki g\u00f6r\u00fc\u015flerimi, denk b\u00fct\u00e7e, b\u00fct\u00e7ede samimiyet ve tasarruf kaidelerine riayet mevzuundaki tatbikat\u0131 g\u00f6zden ge\u00e7iriyor, iktisadi faaliyetlerimizi tetkike giri\u015fiyordum. Bu bahsin ba\u015f\u0131nda da Demokrat Parti iktidar\u0131n\u0131n son g\u00fcnlerde iktisadi faaliyetlerin demokratik bir rejim i\u00e7erisinde geli\u015femeyece\u011fi yolunda baz\u0131 iddialara giri\u015fti\u011fini, bu fikrin tamamen hatal\u0131 oldu\u011funu, H\u00fcrriyet Partisi Meclis Grubu\u2019nun kanaatine g\u00f6re, hakiki iktisadi kalk\u0131nma hareketinin h\u00fcrriyet ve demokrasi rejimleri i\u00e7erisinde geli\u015febileceklerini ifade ediyordum. Bu arada, son zamanlarda evvela iktisadi kalk\u0131nma sonra h\u00fcrriyet diyen gayrimesul partizan \u015fah\u0131slar\u0131n seslerini duymaya ba\u015flad\u0131\u011f\u0131m\u0131za i\u015faret ederek: \u201cD\u00fcnyan\u0131n ge\u00e7irdi\u011fi as\u0131rlar boyu tecr\u00fcbeler g\u00f6stermi\u015ftir ki; \u00e7e\u015fitli diyarlarda evvela iktisadi kalk\u0131nma sonra h\u00fcrriyet diyerek, istibdat zihniyetinin u\u015fakl\u0131\u011f\u0131n\u0131 yapanlar, b\u00fcy\u00fck suiistimal \u015febekelerinin, b\u00fcy\u00fck menfaat gruplar\u0131n\u0131n bedbaht alet veya ortaklar\u0131 olduklar\u0131 hakikatini, hi\u00e7bir zaman, gizlemek imk\u00e2n\u0131n\u0131 bulamam\u0131\u015flard\u0131\u201d diyordum.   \u0130ktidar bu suretle Meclis\u2019te muazzam bir darbe yedi. Ertesi g\u00fcn gazeteler hadiseden uzun uzun bahsettiler. \u0130htilaf mevzuu c\u00fcmle b\u00fct\u00fcn gazetelerde yer ald\u0131. Bu suretle iktidar\u0131n takti\u011fi kendi aleyhine i\u015fledi. Bizim gruptan Cemal K\u00f6pr\u00fcl\u00fc, Halk Partisi\u2019nden Turgut G\u00f6le bana gelip, konu\u015fmam\u0131n siyasi hayat\u0131m\u0131zda bir d\u00f6n\u00fcm noktas\u0131 olaca\u011f\u0131n\u0131, fevkalade bir hareket oldu\u011funu ifade ettiler. Adnan Bey ve h\u00fck\u00fcmeti muazzam bir tokat yemi\u015fti. Ertesi sabah saat 10\u2019da Meclis\u2019e geldik. B\u00fct\u00e7e komisyonu s\u00f6zc\u00fcs\u00fc Sebati Ataman alelacele haz\u0131rlanm\u0131\u015f ve bana cevap vermek \u00fczere k\u00fcrs\u00fcye \u00e7\u0131km\u0131\u015ft\u0131. B\u00fct\u00e7ede denklik, samimiyet, tasarruf mevzular\u0131ndaki s\u00f6zlerime g\u00fcya cevaplar verdi. <\/p>\n","protected":false},"excerpt":{"rendered":"<p>Bu kitap Ekrem Alican\u2019\u0131n 1956-1966 y\u0131llar\u0131 aras\u0131nda tuttu\u011fu g\u00fcnl\u00fcklerinden olu\u015fmaktad\u0131r. Politikaya Demokrat Parti saflar\u0131nda ba\u015flayan, Menderes\u2019in bask\u0131c\u0131 politikalar\u0131na kar\u015f\u0131 \u00e7\u0131karak DP\u2019den ayr\u0131l\u0131p H\u00fcrriyet Partisi\u2019ni ve daha<span class=\"excerpt-hellip\"> [\u2026]<\/span><\/p>\n","protected":false},"featured_media":0,"template":"","meta":{"_monsterinsights_skip_tracking":false,"_monsterinsights_sitenote_active":false,"_monsterinsights_sitenote_note":"","_monsterinsights_sitenote_category":0},"product_brand":[],"product_cat":[12370,12304],"product_tag":[],"class_list":{"0":"post-730561","1":"product","2":"type-product","3":"status-publish","5":"product_cat-arastirma-inceleme","6":"product_cat-tarih","7":"pa_cilt-ciltsiz","8":"pa_tur-kitap","9":"pa_yayinevi-yapi-kredi-yayinlari","10":"pa_yazar-ekrem-alican","12":"first","13":"instock","14":"sale","15":"shipping-taxable","16":"purchasable","17":"product-type-simple"},"_links":{"self":[{"href":"https:\/\/roveyayinevi.com.tr\/index.php\/wp-json\/wp\/v2\/product\/730561","targetHints":{"allow":["GET"]}}],"collection":[{"href":"https:\/\/roveyayinevi.com.tr\/index.php\/wp-json\/wp\/v2\/product"}],"about":[{"href":"https:\/\/roveyayinevi.com.tr\/index.php\/wp-json\/wp\/v2\/types\/product"}],"wp:attachment":[{"href":"https:\/\/roveyayinevi.com.tr\/index.php\/wp-json\/wp\/v2\/media?parent=730561"}],"wp:term":[{"taxonomy":"product_brand","embeddable":true,"href":"https:\/\/roveyayinevi.com.tr\/index.php\/wp-json\/wp\/v2\/product_brand?post=730561"},{"taxonomy":"product_cat","embeddable":true,"href":"https:\/\/roveyayinevi.com.tr\/index.php\/wp-json\/wp\/v2\/product_cat?post=730561"},{"taxonomy":"product_tag","embeddable":true,"href":"https:\/\/roveyayinevi.com.tr\/index.php\/wp-json\/wp\/v2\/product_tag?post=730561"}],"curies":[{"name":"wp","href":"https:\/\/api.w.org\/{rel}","templated":true}]}}