{"id":730560,"date":"2025-08-27T21:16:41","date_gmt":"2025-08-27T18:16:41","guid":{"rendered":"https:\/\/roveyayinevi.com.tr\/index.php\/urun\/edebiyat-mutluluktur-ciltli-somizli\/"},"modified":"2026-04-16T02:38:32","modified_gmt":"2026-04-15T23:38:32","slug":"edebiyat-mutluluktur-ciltli-somizli","status":"publish","type":"product","link":"https:\/\/roveyayinevi.com.tr\/index.php\/urun\/edebiyat-mutluluktur-ciltli-somizli\/","title":{"rendered":"Edebiyat Mutluluktur (Ciltli, \u015e\u00f6mizli)"},"content":{"rendered":"<p>M\u00fczisyen, romanc\u0131, senarist, y\u00f6netmen, siyaset\u00e7i, fikir adam\u0131\u2026 Kendi \u015fahs\u0131nda pek \u00e7ok sanat dal\u0131n\u0131 birle\u015ftiren Z\u00fclf\u00fc Livaneli, bu kez edebiyata a\u00e7\u0131lan mutluluk penceresini aral\u0131yor. Edebiyat Mutluluktur, \u00f6mr\u00fcn\u00fc sanatsal \u00fcretime adayan ve \u00e7ok say\u0131da dilde kendi okur kitlesini olu\u015fturan Z\u00fclf\u00fc Livaneli\u2019nin edebiyat d\u00fcnyas\u0131na dair d\u00fc\u015f\u00fcncelerini payla\u015ft\u0131\u011f\u0131 denemelerden olu\u015fuyor. T\u00fcrkiye\u2019den ve d\u00fcnyadan farkl\u0131 \u00f6rnekleri oda\u011f\u0131na alarak sanat-toplum ili\u015fkisini irdeliyor. \u00c7ok y\u00f6nl\u00fc bir sanat\u00e7\u0131n\u0131n an\u0131lar\u0131ndan m\u00fclhem bir \u00e7al\u0131\u015fma olan Edebiyat Mutluluktur, bir taraftan edebiyat-moda-t\u00fcketim ili\u015fkisi gibi g\u00fcncel sorunlara \u0131\u015f\u0131k tutarken, di\u011fer taraftan edebiyat\u0131n temalar\u0131, burjuvaziyle kurdu\u011fu ili\u015fki ve sava\u015f d\u00f6nemlerinin edebiyat \u00fczerindeki etkileri gibi geleneksel sorunlar\u0131 tart\u0131\u015f\u0131yor.Yay\u0131nc\u0131l\u0131k konusundaki deneyimlerinden \u00e7eviri edebiyat\u0131n \u00e7etrefil yollar\u0131na, G\u00fcne\u015f-Dil Teorisi\u2019nden g\u00fcncel edebiyata uzanan \u00e7e\u015fitli ba\u015fl\u0131klar\u0131n yan\u0131 s\u0131ra; Karacao\u011flan\u2019dan Knut Hamsun\u2019a, N\u00e2z\u0131m Hikmet\u2019ten Paul Auster\u2019e dek \u00e7ok say\u0131da edebi simay\u0131 yaz\u0131lar\u0131na konuk eden usta yazar, hem edebiyatseverler hem yazar adaylar\u0131 i\u00e7in keyifli bir okuma k\u0131lavuzu sunuyor.<\/p>\n","protected":false},"excerpt":{"rendered":"<p>M\u00fczisyen, romanc\u0131, senarist, y\u00f6netmen, siyaset\u00e7i, fikir adam\u0131\u2026 Kendi \u015fahs\u0131nda pek \u00e7ok sanat dal\u0131n\u0131 birle\u015ftiren Z\u00fclf\u00fc Livaneli, bu kez edebiyata a\u00e7\u0131lan mutluluk penceresini aral\u0131yor. Edebiyat Mutluluktur, \u00f6mr\u00fcn\u00fc<span class=\"excerpt-hellip\"> [\u2026]<\/span><\/p>\n","protected":false},"featured_media":0,"template":"","meta":{"_monsterinsights_skip_tracking":false,"_monsterinsights_sitenote_active":false,"_monsterinsights_sitenote_note":"","_monsterinsights_sitenote_category":0},"product_brand":[],"product_cat":[12777,12291],"product_tag":[],"class_list":{"0":"post-730560","1":"product","2":"type-product","3":"status-publish","5":"product_cat-deneme","6":"product_cat-edebiyat","7":"pa_cilt-ciltli","8":"pa_tur-kitap","9":"pa_yayinevi-inkilap-kitabevi","10":"pa_yazar-zulfu-livaneli","12":"first","13":"instock","14":"sale","15":"shipping-taxable","16":"purchasable","17":"product-type-simple"},"_links":{"self":[{"href":"https:\/\/roveyayinevi.com.tr\/index.php\/wp-json\/wp\/v2\/product\/730560","targetHints":{"allow":["GET"]}}],"collection":[{"href":"https:\/\/roveyayinevi.com.tr\/index.php\/wp-json\/wp\/v2\/product"}],"about":[{"href":"https:\/\/roveyayinevi.com.tr\/index.php\/wp-json\/wp\/v2\/types\/product"}],"wp:attachment":[{"href":"https:\/\/roveyayinevi.com.tr\/index.php\/wp-json\/wp\/v2\/media?parent=730560"}],"wp:term":[{"taxonomy":"product_brand","embeddable":true,"href":"https:\/\/roveyayinevi.com.tr\/index.php\/wp-json\/wp\/v2\/product_brand?post=730560"},{"taxonomy":"product_cat","embeddable":true,"href":"https:\/\/roveyayinevi.com.tr\/index.php\/wp-json\/wp\/v2\/product_cat?post=730560"},{"taxonomy":"product_tag","embeddable":true,"href":"https:\/\/roveyayinevi.com.tr\/index.php\/wp-json\/wp\/v2\/product_tag?post=730560"}],"curies":[{"name":"wp","href":"https:\/\/api.w.org\/{rel}","templated":true}]}}