{"id":730554,"date":"2025-08-27T21:16:35","date_gmt":"2025-08-27T18:16:35","guid":{"rendered":"https:\/\/roveyayinevi.com.tr\/index.php\/urun\/50-maddede-dogu-felsefesi\/"},"modified":"2026-04-16T02:38:32","modified_gmt":"2026-04-15T23:38:32","slug":"50-maddede-dogu-felsefesi","status":"publish","type":"product","link":"https:\/\/roveyayinevi.com.tr\/index.php\/urun\/50-maddede-dogu-felsefesi\/","title":{"rendered":"50 Maddede Do\u011fu Felsefesi"},"content":{"rendered":"<p>\u00dcnal Ers\u00f6zl\u00fc bu kitapta felsefenin bir d\u00fc\u015f\u00fcnce sistemi olarak Do\u011fu\u2019dan y\u00fckseli\u015fine \u0131\u015f\u0131k tutuyor, Do\u011fu felsefesinin sat\u0131r ba\u015flar\u0131n\u0131 \u00f6nemli al\u0131nt\u0131larla ve derin bir ara\u015ft\u0131rma merce\u011finden ge\u00e7irerek okuyucuya sunuyor. Hint felsefesinden Buda\u2019ya, Konf\u00fc\u00e7y\u00fcs\u2019ten Tao felsefesine, antik M\u0131s\u0131r felsefesinden Zerd\u00fc\u015ft felsefeye; tasavvuf ve Do\u011fu felsefesi aras\u0131ndaki benzerliklere, sufi ile ke\u015fi\u015fin kesi\u015fen yollar\u0131na, ezeli hikmetten kadim felsefeye kadar Do\u011fu felsefesine dair her \u015fey 50 maddede bu kitapta.<\/p>\n","protected":false},"excerpt":{"rendered":"<p>\u00dcnal Ers\u00f6zl\u00fc bu kitapta felsefenin bir d\u00fc\u015f\u00fcnce sistemi olarak Do\u011fu\u2019dan y\u00fckseli\u015fine \u0131\u015f\u0131k tutuyor, Do\u011fu felsefesinin sat\u0131r ba\u015flar\u0131n\u0131 \u00f6nemli al\u0131nt\u0131larla ve derin bir ara\u015ft\u0131rma merce\u011finden ge\u00e7irerek okuyucuya<span class=\"excerpt-hellip\"> [\u2026]<\/span><\/p>\n","protected":false},"featured_media":0,"template":"","meta":{"_monsterinsights_skip_tracking":false,"_monsterinsights_sitenote_active":false,"_monsterinsights_sitenote_note":"","_monsterinsights_sitenote_category":0},"product_brand":[],"product_cat":[16038,12388],"product_tag":[],"class_list":{"0":"post-730554","1":"product","2":"type-product","3":"status-publish","5":"product_cat-arastirma-inceleme-referans-felsefe","6":"product_cat-felsefe","7":"pa_cilt-ciltsiz","8":"pa_tur-kitap","9":"pa_yayinevi-kara-karga-yayinlari","10":"pa_yazar-unal-ersozlu","12":"first","13":"instock","14":"sale","15":"shipping-taxable","16":"purchasable","17":"product-type-simple"},"_links":{"self":[{"href":"https:\/\/roveyayinevi.com.tr\/index.php\/wp-json\/wp\/v2\/product\/730554","targetHints":{"allow":["GET"]}}],"collection":[{"href":"https:\/\/roveyayinevi.com.tr\/index.php\/wp-json\/wp\/v2\/product"}],"about":[{"href":"https:\/\/roveyayinevi.com.tr\/index.php\/wp-json\/wp\/v2\/types\/product"}],"wp:attachment":[{"href":"https:\/\/roveyayinevi.com.tr\/index.php\/wp-json\/wp\/v2\/media?parent=730554"}],"wp:term":[{"taxonomy":"product_brand","embeddable":true,"href":"https:\/\/roveyayinevi.com.tr\/index.php\/wp-json\/wp\/v2\/product_brand?post=730554"},{"taxonomy":"product_cat","embeddable":true,"href":"https:\/\/roveyayinevi.com.tr\/index.php\/wp-json\/wp\/v2\/product_cat?post=730554"},{"taxonomy":"product_tag","embeddable":true,"href":"https:\/\/roveyayinevi.com.tr\/index.php\/wp-json\/wp\/v2\/product_tag?post=730554"}],"curies":[{"name":"wp","href":"https:\/\/api.w.org\/{rel}","templated":true}]}}