{"id":730549,"date":"2025-08-27T21:16:30","date_gmt":"2025-08-27T18:16:30","guid":{"rendered":"https:\/\/roveyayinevi.com.tr\/index.php\/urun\/gecikmis-konusma-ve-dil-gelisiminde-egitsel-mudahale\/"},"modified":"2026-04-16T02:38:32","modified_gmt":"2026-04-15T23:38:32","slug":"gecikmis-konusma-ve-dil-gelisiminde-egitsel-mudahale","status":"publish","type":"product","link":"https:\/\/roveyayinevi.com.tr\/index.php\/urun\/gecikmis-konusma-ve-dil-gelisiminde-egitsel-mudahale\/","title":{"rendered":"Gecikmi\u015f Konu\u015fma Ve Dil Geli\u015fiminde  E\u011fitsel M\u00fcdahale"},"content":{"rendered":"<p>&#8220;Konu\u015fma insan\u0131n akl\u0131n\u0131 diliyle kullanma sanat\u0131d\u0131r, konu\u015fma akl\u0131n fihristidir\u201d L. Annaeus Seneca \u00d6mr\u00fcm\u00fcz boyunca ilk andan itibaren pek \u00e7ok bilgi ve davran\u0131\u015f \u00f6\u011freniriz. \u00d6zel durumlar d\u0131\u015f\u0131nda beynimiz her zaman \u00f6\u011frenmeye haz\u0131r durumdad\u0131r. Konu\u015fma da \u00f6\u011frenilen bir davran\u0131\u015ft\u0131r.   Bebe\u011fin do\u011fduktan sonra konu\u015fmay\u0131 \u00f6\u011frenme s\u00fcrecine bakt\u0131\u011f\u0131m\u0131zda b\u00fct\u00fcn geli\u015fim alanlar\u0131n\u0131n birbiriyle koordineli olarak \u00e7al\u0131\u015ft\u0131\u011f\u0131n\u0131 g\u00f6r\u00fcr\u00fcz. En \u00e7ok i\u015fitme duyusu \u00f6ne \u00e7\u0131ksa da motor ve bili\u015fsel becerileri, sosyal ve duygusal geli\u015fimi de konu\u015fmay\u0131 \u00f6\u011frenme s\u00fcrecini etkiler. Bu kitap \u00f6ncelikle dil ve konu\u015fman\u0131n birbirinden farkl\u0131 ama ili\u015fkili oldu\u011funu, erken \u00e7ocuklukta dil ve konu\u015fma geli\u015fiminin s\u00fcre\u00e7lerini, genel olarak hangi durumlarda gecikme olabilece\u011fini ve \u00e7ocu\u011fun ya\u015f\u0131na g\u00f6re gecikme olup olmad\u0131\u011f\u0131n\u0131n de\u011ferlendirilmesini anlatmaktad\u0131r<\/p>\n","protected":false},"excerpt":{"rendered":"<p>&#8220;Konu\u015fma insan\u0131n akl\u0131n\u0131 diliyle kullanma sanat\u0131d\u0131r, konu\u015fma akl\u0131n fihristidir\u201d L. Annaeus Seneca \u00d6mr\u00fcm\u00fcz boyunca ilk andan itibaren pek \u00e7ok bilgi ve davran\u0131\u015f \u00f6\u011freniriz. \u00d6zel durumlar d\u0131\u015f\u0131nda<span class=\"excerpt-hellip\"> [\u2026]<\/span><\/p>\n","protected":false},"featured_media":0,"template":"","meta":{"_monsterinsights_skip_tracking":false,"_monsterinsights_sitenote_active":false,"_monsterinsights_sitenote_note":"","_monsterinsights_sitenote_category":0},"product_brand":[],"product_cat":[12573,12566],"product_tag":[],"class_list":{"0":"post-730549","1":"product","2":"type-product","3":"status-publish","5":"product_cat-akademik-kitaplar","6":"product_cat-egitim","7":"pa_cilt-ciltsiz","8":"pa_tur-kitap","9":"pa_yayinevi-egiten-kitap","10":"pa_yazar-senay-eseroglu-birgul-u-baloglu","12":"first","13":"instock","14":"sale","15":"shipping-taxable","16":"purchasable","17":"product-type-simple"},"_links":{"self":[{"href":"https:\/\/roveyayinevi.com.tr\/index.php\/wp-json\/wp\/v2\/product\/730549","targetHints":{"allow":["GET"]}}],"collection":[{"href":"https:\/\/roveyayinevi.com.tr\/index.php\/wp-json\/wp\/v2\/product"}],"about":[{"href":"https:\/\/roveyayinevi.com.tr\/index.php\/wp-json\/wp\/v2\/types\/product"}],"wp:attachment":[{"href":"https:\/\/roveyayinevi.com.tr\/index.php\/wp-json\/wp\/v2\/media?parent=730549"}],"wp:term":[{"taxonomy":"product_brand","embeddable":true,"href":"https:\/\/roveyayinevi.com.tr\/index.php\/wp-json\/wp\/v2\/product_brand?post=730549"},{"taxonomy":"product_cat","embeddable":true,"href":"https:\/\/roveyayinevi.com.tr\/index.php\/wp-json\/wp\/v2\/product_cat?post=730549"},{"taxonomy":"product_tag","embeddable":true,"href":"https:\/\/roveyayinevi.com.tr\/index.php\/wp-json\/wp\/v2\/product_tag?post=730549"}],"curies":[{"name":"wp","href":"https:\/\/api.w.org\/{rel}","templated":true}]}}