{"id":730548,"date":"2025-08-27T21:16:29","date_gmt":"2025-08-27T18:16:29","guid":{"rendered":"https:\/\/roveyayinevi.com.tr\/index.php\/urun\/kral-sakir-cizgi-roman-album-2\/"},"modified":"2026-04-16T02:38:32","modified_gmt":"2026-04-15T23:38:32","slug":"kral-sakir-cizgi-roman-album-2","status":"publish","type":"product","link":"https:\/\/roveyayinevi.com.tr\/index.php\/urun\/kral-sakir-cizgi-roman-album-2\/","title":{"rendered":"Kral \u015eakir \u00c7izgi Roman Alb\u00fcm &#8211; 2"},"content":{"rendered":"<p>Selam arkada\u015flar, ben \u015eakir. Hepinizin bildi\u011fi \u015fekilde nam-\u0131 di\u011fer Kral \u015eakir.Bu kez \u00e7izgi roman alb\u00fcm\u00fcn\u00fcn 2. kitab\u0131nda yepyeni maceralarla kar\u015f\u0131n\u0131zday\u0131m. \u00c7\u0131lg\u0131n ve bir o kadar da komik ailemle ya\u015fad\u0131\u011f\u0131m\u0131z maceralar\u0131 \u00e7izgi roman olarak bu alb\u00fcmde toplad\u0131k. E\u011flenmeye haz\u0131r m\u0131s\u0131n\u0131z?<\/p>\n","protected":false},"excerpt":{"rendered":"<p>Selam arkada\u015flar, ben \u015eakir. Hepinizin bildi\u011fi \u015fekilde nam-\u0131 di\u011fer Kral \u015eakir.Bu kez \u00e7izgi roman alb\u00fcm\u00fcn\u00fcn 2. kitab\u0131nda yepyeni maceralarla kar\u015f\u0131n\u0131zday\u0131m. \u00c7\u0131lg\u0131n ve bir o kadar da<span class=\"excerpt-hellip\"> [\u2026]<\/span><\/p>\n","protected":false},"featured_media":0,"template":"","meta":{"_monsterinsights_skip_tracking":false,"_monsterinsights_sitenote_active":false,"_monsterinsights_sitenote_note":"","_monsterinsights_sitenote_category":0},"product_brand":[],"product_cat":[12275,12274],"product_tag":[],"class_list":{"0":"post-730548","1":"product","2":"type-product","3":"status-publish","5":"product_cat-6-12-yas-kitaplari","6":"product_cat-cocuk-ve-genclik-kitaplari","7":"pa_cilt-ciltli","8":"pa_tur-kitap","9":"pa_yayinevi-eksik-parca-yayinlari","10":"pa_yazar-kolektif","12":"first","13":"instock","14":"sale","15":"shipping-taxable","16":"purchasable","17":"product-type-simple"},"_links":{"self":[{"href":"https:\/\/roveyayinevi.com.tr\/index.php\/wp-json\/wp\/v2\/product\/730548","targetHints":{"allow":["GET"]}}],"collection":[{"href":"https:\/\/roveyayinevi.com.tr\/index.php\/wp-json\/wp\/v2\/product"}],"about":[{"href":"https:\/\/roveyayinevi.com.tr\/index.php\/wp-json\/wp\/v2\/types\/product"}],"wp:attachment":[{"href":"https:\/\/roveyayinevi.com.tr\/index.php\/wp-json\/wp\/v2\/media?parent=730548"}],"wp:term":[{"taxonomy":"product_brand","embeddable":true,"href":"https:\/\/roveyayinevi.com.tr\/index.php\/wp-json\/wp\/v2\/product_brand?post=730548"},{"taxonomy":"product_cat","embeddable":true,"href":"https:\/\/roveyayinevi.com.tr\/index.php\/wp-json\/wp\/v2\/product_cat?post=730548"},{"taxonomy":"product_tag","embeddable":true,"href":"https:\/\/roveyayinevi.com.tr\/index.php\/wp-json\/wp\/v2\/product_tag?post=730548"}],"curies":[{"name":"wp","href":"https:\/\/api.w.org\/{rel}","templated":true}]}}