{"id":730547,"date":"2025-08-27T21:16:28","date_gmt":"2025-08-27T18:16:28","guid":{"rendered":"https:\/\/roveyayinevi.com.tr\/index.php\/urun\/bembeyaz-disler-necatisiz-gulusler-curuk-ali-mikrop-necati-ciltli\/"},"modified":"2026-04-16T02:38:32","modified_gmt":"2026-04-15T23:38:32","slug":"bembeyaz-disler-necatisiz-gulusler-curuk-ali-mikrop-necati-ciltli","status":"publish","type":"product","link":"https:\/\/roveyayinevi.com.tr\/index.php\/urun\/bembeyaz-disler-necatisiz-gulusler-curuk-ali-mikrop-necati-ciltli\/","title":{"rendered":"Bembeyaz Di\u015fler Necatisiz G\u00fcl\u00fc\u015fler &#8211; \u00c7\u00fcr\u00fck Ali Mikrop Necati (Ciltli)"},"content":{"rendered":"<p>Bembeyaz Di\u015fler Necatisiz G\u00fcl\u00fc\u015fler &#8211; \u00c7\u00fcr\u00fck Ali Mikrop Necati Kitap A\u00e7\u0131klamas\u0131G\u00fcne\u015f yava\u015f yava\u015f do\u011fmaya ba\u015flad\u0131, mikroplar mahallesindeki odam\u0131n i\u00e7i iyice \u0131s\u0131nd\u0131. Bu tek bir \u015fey demek: Yemek vakti!\u015eimdi can\u0131m arkada\u015f\u0131m Mikrop Necati ile yapmam\u0131z gereken \u015fey kendimize yiyecek dolu g\u00fczel bir a\u011f\u0131z bulmak.Ben kim miyim? Tabii ki \u00c7\u00fcr\u00fck Ali! Mikroplar \u00e2leminin birinci kral\u0131.Haydi, Necati \u00e7\u00fcr\u00fct\u00fclecek di\u015fler bizi bekler!Di\u015flerin korkulu r\u00fcyas\u0131 \u00c7\u00fcr\u00fck Ali ve Mikrop Necati\u2019nin yeni hik\u00e2yeleri sizi bekliyor\u2026 <\/p>\n","protected":false},"excerpt":{"rendered":"<p>Bembeyaz Di\u015fler Necatisiz G\u00fcl\u00fc\u015fler &#8211; \u00c7\u00fcr\u00fck Ali Mikrop Necati Kitap A\u00e7\u0131klamas\u0131G\u00fcne\u015f yava\u015f yava\u015f do\u011fmaya ba\u015flad\u0131, mikroplar mahallesindeki odam\u0131n i\u00e7i iyice \u0131s\u0131nd\u0131. Bu tek bir \u015fey demek:<span class=\"excerpt-hellip\"> [\u2026]<\/span><\/p>\n","protected":false},"featured_media":0,"template":"","meta":{"_monsterinsights_skip_tracking":false,"_monsterinsights_sitenote_active":false,"_monsterinsights_sitenote_note":"","_monsterinsights_sitenote_category":0},"product_brand":[],"product_cat":[12275,12274],"product_tag":[],"class_list":{"0":"post-730547","1":"product","2":"type-product","3":"status-publish","5":"product_cat-6-12-yas-kitaplari","6":"product_cat-cocuk-ve-genclik-kitaplari","7":"pa_cilt-ciltli","8":"pa_tur-kitap","9":"pa_yayinevi-eksik-parca-yayinlari","10":"pa_yazar-eksik-parca-yayinlari-kolektif","12":"first","13":"instock","14":"sale","15":"shipping-taxable","16":"purchasable","17":"product-type-simple"},"_links":{"self":[{"href":"https:\/\/roveyayinevi.com.tr\/index.php\/wp-json\/wp\/v2\/product\/730547","targetHints":{"allow":["GET"]}}],"collection":[{"href":"https:\/\/roveyayinevi.com.tr\/index.php\/wp-json\/wp\/v2\/product"}],"about":[{"href":"https:\/\/roveyayinevi.com.tr\/index.php\/wp-json\/wp\/v2\/types\/product"}],"wp:attachment":[{"href":"https:\/\/roveyayinevi.com.tr\/index.php\/wp-json\/wp\/v2\/media?parent=730547"}],"wp:term":[{"taxonomy":"product_brand","embeddable":true,"href":"https:\/\/roveyayinevi.com.tr\/index.php\/wp-json\/wp\/v2\/product_brand?post=730547"},{"taxonomy":"product_cat","embeddable":true,"href":"https:\/\/roveyayinevi.com.tr\/index.php\/wp-json\/wp\/v2\/product_cat?post=730547"},{"taxonomy":"product_tag","embeddable":true,"href":"https:\/\/roveyayinevi.com.tr\/index.php\/wp-json\/wp\/v2\/product_tag?post=730547"}],"curies":[{"name":"wp","href":"https:\/\/api.w.org\/{rel}","templated":true}]}}