{"id":730546,"date":"2025-08-27T21:16:27","date_gmt":"2025-08-27T18:16:27","guid":{"rendered":"https:\/\/roveyayinevi.com.tr\/index.php\/urun\/ilkokul-ogretmenleri-icin-temel-matematiksel-kavramlar\/"},"modified":"2026-04-16T02:38:32","modified_gmt":"2026-04-15T23:38:32","slug":"ilkokul-ogretmenleri-icin-temel-matematiksel-kavramlar","status":"publish","type":"product","link":"https:\/\/roveyayinevi.com.tr\/index.php\/urun\/ilkokul-ogretmenleri-icin-temel-matematiksel-kavramlar\/","title":{"rendered":"\u0130lkokul \u00d6\u011fretmenleri \u0130\u00e7in Temel Matematiksel Kavramlar"},"content":{"rendered":"<p>tematiksel d\u00fc\u015f\u00fcnme ve yapma becerileri \u00e7ocuklarda okul \u00f6ncesi d\u00f6nemden itibaren geli\u015fmektedir. Neden-sonu\u00e7 zinciri \u00e7er\u00e7evesinde olu\u015fan muhakeme etme matematik i\u00e7in kuvvetli bir alt yap\u0131d\u0131r. \u00c7ocuklarda muhakeme etme ve problem \u00e7\u00f6zme yeteneklerinin geli\u015fimi \u00e7ocu\u011fun ya\u015fad\u0131\u011f\u0131 \u00e7evreye \u00f6nemli \u00f6l\u00e7\u00fcde ba\u011fl\u0131d\u0131r. Bu \u00e7evre i\u00e7erisinde en \u00f6nemli kaynaklardan birisi \u00f6\u011fretmendir. \u00d6\u011fretmenler, \u00e7ocuklar\u0131n matemati\u011fe tutumundan, kavramlar\u0131 anlamalar\u0131na kadar \u00f6\u011frenmelerinden sorumludurlar. Matematiksel kavramlara ezbere yakla\u015fmayan, somut ispat y\u00f6ntemini benimseyerek \u00f6\u011frenmeyi \u00f6\u011freten \u00f6\u011fretmenler hedefimizdir.  Bu kitapta ilkokulda kar\u015f\u0131la\u015f\u0131lacak matematiksel kavramlar derinlemesine incelenmi\u015ftir. Bu incelemede kavramlar i\u00e7erisinde yatan anlamlar neden-sonu\u00e7 \u00e7er\u00e7evesinde ele al\u0131nm\u0131\u015ft\u0131r. Soyut olan matematiksel kavramlar birtak\u0131m y\u00f6ntemlerle somutla\u015ft\u0131r\u0131lm\u0131\u015ft\u0131r.<\/p>\n","protected":false},"excerpt":{"rendered":"<p>tematiksel d\u00fc\u015f\u00fcnme ve yapma becerileri \u00e7ocuklarda okul \u00f6ncesi d\u00f6nemden itibaren geli\u015fmektedir. Neden-sonu\u00e7 zinciri \u00e7er\u00e7evesinde olu\u015fan muhakeme etme matematik i\u00e7in kuvvetli bir alt yap\u0131d\u0131r. \u00c7ocuklarda muhakeme etme<span class=\"excerpt-hellip\"> [\u2026]<\/span><\/p>\n","protected":false},"featured_media":0,"template":"","meta":{"_monsterinsights_skip_tracking":false,"_monsterinsights_sitenote_active":false,"_monsterinsights_sitenote_note":"","_monsterinsights_sitenote_category":0},"product_brand":[],"product_cat":[12573,12566],"product_tag":[],"class_list":{"0":"post-730546","1":"product","2":"type-product","3":"status-publish","5":"product_cat-akademik-kitaplar","6":"product_cat-egitim","7":"pa_cilt-ciltsiz","8":"pa_tur-kitap","9":"pa_yayinevi-egiten-kitap","10":"pa_yazar-kemal-altiparmak","12":"first","13":"instock","14":"sale","15":"shipping-taxable","16":"purchasable","17":"product-type-simple"},"_links":{"self":[{"href":"https:\/\/roveyayinevi.com.tr\/index.php\/wp-json\/wp\/v2\/product\/730546","targetHints":{"allow":["GET"]}}],"collection":[{"href":"https:\/\/roveyayinevi.com.tr\/index.php\/wp-json\/wp\/v2\/product"}],"about":[{"href":"https:\/\/roveyayinevi.com.tr\/index.php\/wp-json\/wp\/v2\/types\/product"}],"wp:attachment":[{"href":"https:\/\/roveyayinevi.com.tr\/index.php\/wp-json\/wp\/v2\/media?parent=730546"}],"wp:term":[{"taxonomy":"product_brand","embeddable":true,"href":"https:\/\/roveyayinevi.com.tr\/index.php\/wp-json\/wp\/v2\/product_brand?post=730546"},{"taxonomy":"product_cat","embeddable":true,"href":"https:\/\/roveyayinevi.com.tr\/index.php\/wp-json\/wp\/v2\/product_cat?post=730546"},{"taxonomy":"product_tag","embeddable":true,"href":"https:\/\/roveyayinevi.com.tr\/index.php\/wp-json\/wp\/v2\/product_tag?post=730546"}],"curies":[{"name":"wp","href":"https:\/\/api.w.org\/{rel}","templated":true}]}}