{"id":730544,"date":"2025-08-27T21:16:24","date_gmt":"2025-08-27T18:16:24","guid":{"rendered":"https:\/\/roveyayinevi.com.tr\/index.php\/urun\/erken-cocukluk-doneminde-yaratici-dusunme-teknigi\/"},"modified":"2026-04-16T02:38:32","modified_gmt":"2026-04-15T23:38:32","slug":"erken-cocukluk-doneminde-yaratici-dusunme-teknigi","status":"publish","type":"product","link":"https:\/\/roveyayinevi.com.tr\/index.php\/urun\/erken-cocukluk-doneminde-yaratici-dusunme-teknigi\/","title":{"rendered":"Erken \u00c7ocukluk D\u00f6neminde Yarat\u0131c\u0131 D\u00fc\u015f\u00fcnme Tekni\u011fi"},"content":{"rendered":"<p>Erken \u00e7ocukluk d\u00f6nemi di\u011fer geli\u015fim alanlar\u0131nda oldu\u011fu gibi \u00e7ocuklarda yarat\u0131c\u0131l\u0131\u011f\u0131n geli\u015fimi a\u00e7\u0131s\u0131ndan da kritik bir d\u00f6nemdir. Bu nedenle bu d\u00f6nemin etkili bir \u015fekilde de\u011ferlendirilmesi ve \u00e7ocuklara uyar\u0131c\u0131 bir \u00e7evrenin sunulmas\u0131 gerekmektedir. Her \u00e7ocukta var olan ancak geli\u015ftirilmeyi ve desteklenmeyi bekleyen yarat\u0131c\u0131l\u0131k, uyar\u0131c\u0131 bir \u00e7evre kapsam\u0131nda \u00e7ocu\u011fa sunulan farkl\u0131 \u00f6\u011fretim teknikleriyle ortaya \u00e7\u0131kar\u0131labilmektedir. Erken \u00e7ocukluk d\u00f6neminde \u00e7ocu\u011fa sunulabilecek farkl\u0131 \u00f6\u011fretim tekniklerinden birisi de SCAMPER\u2019d\u0131r. SCAMPER \u00e7ocuklarda yarat\u0131c\u0131 d\u00fc\u015f\u00fcnme becerilerinin geli\u015ftirilmesinde kullan\u0131lan e\u011flenceli bir tekniktir. Scamper \u00e7al\u0131\u015fmalar\u0131 s\u0131ras\u0131nda uyar\u0131c\u0131 bir materyal kullan\u0131larak \u00e7ocuklar, hayal etmeye ve deneyimlerinin \u00fcst\u00fcnde d\u00fc\u015f\u00fcnmeye y\u00f6nlendirilirler. \u00c7ocuklarda yarat\u0131c\u0131 d\u00fc\u015f\u00fcnme becerilerinin geli\u015fmesinde \u00f6nemli bir role sahip olan SCAMPER tekni\u011fi gerek e\u011fitimciler gerekse de ebeveynler taraf\u0131ndan yeterince bilinmemektedir. Bu nedenle bu kitab\u0131n e\u011fitimcilere ve ebeveynlere rehberlik edece\u011fi d\u00fc\u015f\u00fcn\u00fclmektedir.<\/p>\n","protected":false},"excerpt":{"rendered":"<p>Erken \u00e7ocukluk d\u00f6nemi di\u011fer geli\u015fim alanlar\u0131nda oldu\u011fu gibi \u00e7ocuklarda yarat\u0131c\u0131l\u0131\u011f\u0131n geli\u015fimi a\u00e7\u0131s\u0131ndan da kritik bir d\u00f6nemdir. Bu nedenle bu d\u00f6nemin etkili bir \u015fekilde de\u011ferlendirilmesi ve \u00e7ocuklara<span class=\"excerpt-hellip\"> [\u2026]<\/span><\/p>\n","protected":false},"featured_media":0,"template":"","meta":{"_monsterinsights_skip_tracking":false,"_monsterinsights_sitenote_active":false,"_monsterinsights_sitenote_note":"","_monsterinsights_sitenote_category":0},"product_brand":[],"product_cat":[12573,12566],"product_tag":[],"class_list":{"0":"post-730544","1":"product","2":"type-product","3":"status-publish","5":"product_cat-akademik-kitaplar","6":"product_cat-egitim","7":"pa_cilt-ciltsiz","8":"pa_tur-kitap","9":"pa_yayinevi-egiten-kitap","10":"pa_yazar-nazan-aytez-abide-gungor-aytar","12":"first","13":"instock","14":"sale","15":"shipping-taxable","16":"purchasable","17":"product-type-simple"},"_links":{"self":[{"href":"https:\/\/roveyayinevi.com.tr\/index.php\/wp-json\/wp\/v2\/product\/730544","targetHints":{"allow":["GET"]}}],"collection":[{"href":"https:\/\/roveyayinevi.com.tr\/index.php\/wp-json\/wp\/v2\/product"}],"about":[{"href":"https:\/\/roveyayinevi.com.tr\/index.php\/wp-json\/wp\/v2\/types\/product"}],"wp:attachment":[{"href":"https:\/\/roveyayinevi.com.tr\/index.php\/wp-json\/wp\/v2\/media?parent=730544"}],"wp:term":[{"taxonomy":"product_brand","embeddable":true,"href":"https:\/\/roveyayinevi.com.tr\/index.php\/wp-json\/wp\/v2\/product_brand?post=730544"},{"taxonomy":"product_cat","embeddable":true,"href":"https:\/\/roveyayinevi.com.tr\/index.php\/wp-json\/wp\/v2\/product_cat?post=730544"},{"taxonomy":"product_tag","embeddable":true,"href":"https:\/\/roveyayinevi.com.tr\/index.php\/wp-json\/wp\/v2\/product_tag?post=730544"}],"curies":[{"name":"wp","href":"https:\/\/api.w.org\/{rel}","templated":true}]}}