{"id":730543,"date":"2025-08-27T21:16:23","date_gmt":"2025-08-27T18:16:23","guid":{"rendered":"https:\/\/roveyayinevi.com.tr\/index.php\/urun\/erken-cocukluk-doneminde-dramanin-gucu\/"},"modified":"2026-04-16T02:38:32","modified_gmt":"2026-04-15T23:38:32","slug":"erken-cocukluk-doneminde-dramanin-gucu","status":"publish","type":"product","link":"https:\/\/roveyayinevi.com.tr\/index.php\/urun\/erken-cocukluk-doneminde-dramanin-gucu\/","title":{"rendered":"Erken \u00c7ocukluk D\u00f6neminde Draman\u0131n G\u00fcc\u00fc"},"content":{"rendered":"<p>Sevgili \u00f6\u011fretmenim, elinizdeki kitap alan\u0131nda \u00e7al\u0131\u015fmaktan zevk duyan, bilgilerini payla\u015fma merakl\u0131s\u0131, \u00e7ocuklar\u0131 \u00e7ok seven iki akademisyenin y\u0131llarca mesleki anlamda biriktirdiklerini sizlere aktarabilme sevdas\u0131 sonucu do\u011fdu. Eminiz sizler de bizim gibi \u00e7ocuklarla \u00e7al\u0131\u015fmay\u0131 \u00e7ok seviyorsunuz ki kitab\u0131m\u0131z\u0131 \u015fu an okuyorsunuz. Bu kitap bizim beraber haz\u0131rlad\u0131\u011f\u0131m\u0131z ilk kitab\u0131m\u0131z olmakla birlikte sizlerle bulu\u015fturmak istedi\u011fimiz farkl\u0131 konularda kitap projelerimiz i\u00e7in haz\u0131rl\u0131klara ba\u015flad\u0131k bile\u2026 \u00c7ocuklar\u0131n\u0131zla beraber keyifli bir yolculu\u011fa \u00e7\u0131kabilece\u011finiz, ser\u00fcvenlerle dolu \u00f6rnek planlar\u0131 uygulaman\u0131z i\u00e7in daha \u00f6nce deneyimledi\u011fimiz etkinlikleri, 2013 okul \u00f6ncesi program\u0131n\u0131 g\u00f6z \u00f6n\u00fcnde bulundurarak sizler i\u00e7in kaleme ald\u0131k. Keyifle okuman\u0131z ve mesleki ya\u015fant\u0131n\u0131za aktarman\u0131z umuduyla kendi drama ser\u00fcveninizde ba\u015far\u0131lar dileriz. \u00d6\u011fretmenlik iste\u011finiz ve drama g\u00fcc\u00fcn\u00fcz hi\u00e7 eksilmesin.<\/p>\n","protected":false},"excerpt":{"rendered":"<p>Sevgili \u00f6\u011fretmenim, elinizdeki kitap alan\u0131nda \u00e7al\u0131\u015fmaktan zevk duyan, bilgilerini payla\u015fma merakl\u0131s\u0131, \u00e7ocuklar\u0131 \u00e7ok seven iki akademisyenin y\u0131llarca mesleki anlamda biriktirdiklerini sizlere aktarabilme sevdas\u0131 sonucu do\u011fdu. Eminiz<span class=\"excerpt-hellip\"> [\u2026]<\/span><\/p>\n","protected":false},"featured_media":0,"template":"","meta":{"_monsterinsights_skip_tracking":false,"_monsterinsights_sitenote_active":false,"_monsterinsights_sitenote_note":"","_monsterinsights_sitenote_category":0},"product_brand":[],"product_cat":[12573,12566],"product_tag":[],"class_list":{"0":"post-730543","1":"product","2":"type-product","3":"status-publish","5":"product_cat-akademik-kitaplar","6":"product_cat-egitim","7":"pa_cilt-ciltsiz","8":"pa_tur-kitap","9":"pa_yayinevi-egiten-kitap","10":"pa_yazar-tulin-tumturk-begumhan-yuksel","12":"first","13":"instock","14":"sale","15":"shipping-taxable","16":"purchasable","17":"product-type-simple"},"_links":{"self":[{"href":"https:\/\/roveyayinevi.com.tr\/index.php\/wp-json\/wp\/v2\/product\/730543","targetHints":{"allow":["GET"]}}],"collection":[{"href":"https:\/\/roveyayinevi.com.tr\/index.php\/wp-json\/wp\/v2\/product"}],"about":[{"href":"https:\/\/roveyayinevi.com.tr\/index.php\/wp-json\/wp\/v2\/types\/product"}],"wp:attachment":[{"href":"https:\/\/roveyayinevi.com.tr\/index.php\/wp-json\/wp\/v2\/media?parent=730543"}],"wp:term":[{"taxonomy":"product_brand","embeddable":true,"href":"https:\/\/roveyayinevi.com.tr\/index.php\/wp-json\/wp\/v2\/product_brand?post=730543"},{"taxonomy":"product_cat","embeddable":true,"href":"https:\/\/roveyayinevi.com.tr\/index.php\/wp-json\/wp\/v2\/product_cat?post=730543"},{"taxonomy":"product_tag","embeddable":true,"href":"https:\/\/roveyayinevi.com.tr\/index.php\/wp-json\/wp\/v2\/product_tag?post=730543"}],"curies":[{"name":"wp","href":"https:\/\/api.w.org\/{rel}","templated":true}]}}