{"id":730542,"date":"2025-08-27T21:16:22","date_gmt":"2025-08-27T18:16:22","guid":{"rendered":"https:\/\/roveyayinevi.com.tr\/index.php\/urun\/erken-cocuklukta-arastirma-ve-uygulamalarla-sorusturma-temelli-erken-geometri-ogretimi\/"},"modified":"2026-04-16T02:38:32","modified_gmt":"2026-04-15T23:38:32","slug":"erken-cocuklukta-arastirma-ve-uygulamalarla-sorusturma-temelli-erken-geometri-ogretimi","status":"publish","type":"product","link":"https:\/\/roveyayinevi.com.tr\/index.php\/urun\/erken-cocuklukta-arastirma-ve-uygulamalarla-sorusturma-temelli-erken-geometri-ogretimi\/","title":{"rendered":"Erken \u00c7ocuklukta Ara\u015ft\u0131rma Ve Uygulamalarla Soru\u015fturma Temelli Erken Geometri \u00d6\u011fretimi"},"content":{"rendered":"<p>Soru\u015fturma temelli \u00f6\u011frenme \u00e7ocuklar\u0131n geometrik \u00f6zellikleri ve ili\u015fkileri kendi \u00e7abalar\u0131 ile, \u00f6n bilgilerini ve deneyimlerini de i\u015fe ko\u015farak, esnek, \u00f6zg\u00fcr ve \u00e7e\u015fitli \u00f6\u011frenme s\u00fcre\u00e7lerinden ge\u00e7erek anlamalar\u0131 ve anlamland\u0131rmalar\u0131 a\u00e7\u0131s\u0131ndan \u00f6nemli f\u0131rsatlar sunmaktad\u0131r. Ancak e\u011fitim s\u00fcre\u00e7lerinde farkl\u0131 payda\u015flar\u0131n yer ve sorumluluk ald\u0131\u011f\u0131 unutulmamal\u0131d\u0131r. Bu nedenle bu kitapta ulusal ve uluslararas\u0131 bilimsel \u00e7al\u0131\u015fmalar \u0131\u015f\u0131\u011f\u0131nda soru\u015fturma temelli \u00f6\u011frenme tan\u0131t\u0131lm\u0131\u015f, erken geometri \u00f6\u011frenimi ile ba\u011fda\u015ft\u0131r\u0131lm\u0131\u015f, e\u011fitimci, aile, e\u011fitici materyal, \u00f6\u011frenme ortam\u0131 ve soru\u015fturma temelli \u00f6\u011frenme t\u00fcrlerine g\u00f6re \u00f6\u011frenme s\u00fcre\u00e7leri ele al\u0131narak tart\u0131\u015f\u0131lm\u0131\u015ft\u0131r. Soru\u015fturma temelli erken geometri \u00f6\u011frenim farkl\u0131 boyutlar\u0131 ile ele al\u0131nmas\u0131n\u0131n yan\u0131nda 3-6 ya\u015f aral\u0131\u011f\u0131nda bulunan \u00e7ocuklara y\u00f6nelik soru\u015fturma temelli etkinlik \u00f6rnekleri sunulmu\u015ftur.<\/p>\n","protected":false},"excerpt":{"rendered":"<p>Soru\u015fturma temelli \u00f6\u011frenme \u00e7ocuklar\u0131n geometrik \u00f6zellikleri ve ili\u015fkileri kendi \u00e7abalar\u0131 ile, \u00f6n bilgilerini ve deneyimlerini de i\u015fe ko\u015farak, esnek, \u00f6zg\u00fcr ve \u00e7e\u015fitli \u00f6\u011frenme s\u00fcre\u00e7lerinden ge\u00e7erek anlamalar\u0131<span class=\"excerpt-hellip\"> [\u2026]<\/span><\/p>\n","protected":false},"featured_media":0,"template":"","meta":{"_monsterinsights_skip_tracking":false,"_monsterinsights_sitenote_active":false,"_monsterinsights_sitenote_note":"","_monsterinsights_sitenote_category":0},"product_brand":[],"product_cat":[12573,12566],"product_tag":[],"class_list":{"0":"post-730542","1":"product","2":"type-product","3":"status-publish","5":"product_cat-akademik-kitaplar","6":"product_cat-egitim","7":"pa_cilt-ciltsiz","8":"pa_tur-kitap","9":"pa_yayinevi-egiten-kitap","10":"pa_yazar-halil-ibrahim-korkmaz","12":"first","13":"instock","14":"sale","15":"shipping-taxable","16":"purchasable","17":"product-type-simple"},"_links":{"self":[{"href":"https:\/\/roveyayinevi.com.tr\/index.php\/wp-json\/wp\/v2\/product\/730542","targetHints":{"allow":["GET"]}}],"collection":[{"href":"https:\/\/roveyayinevi.com.tr\/index.php\/wp-json\/wp\/v2\/product"}],"about":[{"href":"https:\/\/roveyayinevi.com.tr\/index.php\/wp-json\/wp\/v2\/types\/product"}],"wp:attachment":[{"href":"https:\/\/roveyayinevi.com.tr\/index.php\/wp-json\/wp\/v2\/media?parent=730542"}],"wp:term":[{"taxonomy":"product_brand","embeddable":true,"href":"https:\/\/roveyayinevi.com.tr\/index.php\/wp-json\/wp\/v2\/product_brand?post=730542"},{"taxonomy":"product_cat","embeddable":true,"href":"https:\/\/roveyayinevi.com.tr\/index.php\/wp-json\/wp\/v2\/product_cat?post=730542"},{"taxonomy":"product_tag","embeddable":true,"href":"https:\/\/roveyayinevi.com.tr\/index.php\/wp-json\/wp\/v2\/product_tag?post=730542"}],"curies":[{"name":"wp","href":"https:\/\/api.w.org\/{rel}","templated":true}]}}