{"id":730541,"date":"2025-08-27T21:16:21","date_gmt":"2025-08-27T18:16:21","guid":{"rendered":"https:\/\/roveyayinevi.com.tr\/index.php\/urun\/fen-ve-matematik-egitiminde-kullanilan-web-2-0-araclari\/"},"modified":"2026-04-16T02:38:32","modified_gmt":"2026-04-15T23:38:32","slug":"fen-ve-matematik-egitiminde-kullanilan-web-2-0-araclari","status":"publish","type":"product","link":"https:\/\/roveyayinevi.com.tr\/index.php\/urun\/fen-ve-matematik-egitiminde-kullanilan-web-2-0-araclari\/","title":{"rendered":"Fen Ve Matematik E\u011fitiminde Kullan\u0131lan Web 2.0 Ara\u00e7lar\u0131"},"content":{"rendered":"<p>Zaman\u0131n \u00e7ok h\u0131zl\u0131 akt\u0131\u011f\u0131 g\u00fcn\u00fcm\u00fczde, \u00f6\u011frencilerin istek ve ihtiya\u00e7lar\u0131 do\u011frultusunda \u00f6\u011frenme ortamlar\u0131 yap\u0131land\u0131r\u0131lmaktad\u0131r. Z ve alfa ku\u015fa\u011f\u0131 \u00f6\u011frenciler teknolojiyi ve \u00fcr\u00fcnlerini \u00f6\u011frenmeleri i\u00e7in \u00e7ok \u00f6nemserler. Bu nedenledir ki; daha fazla duyu organ\u0131n\u0131 harekete ge\u00e7irmesi ve kal\u0131c\u0131 \u00f6\u011frenmeyi desteklemesi i\u00e7in \u00f6\u011frenme ortamlar\u0131na teknoloji entegrasyonu gerekmektedir.  \u00d6\u011frenme ortamlar\u0131ndaki uygun tasar\u0131mlar\u0131n, hem ula\u015f\u0131lmas\u0131 kolay hem de \u00e7ok y\u00f6nl\u00fc kullan\u0131ma uygun ara\u00e7lardan olmas\u0131, beklenen etkiye ula\u015fmay\u0131 kolayla\u015ft\u0131rmaktad\u0131r. Bu ama\u00e7la, \u00e7ok farkl\u0131 ihtiya\u00e7lar\u0131 kar\u015f\u0131layacak, \u00e7ok farkl\u0131 t\u00fcrden web 2.0 arac\u0131ndan bahsetmemiz m\u00fcmk\u00fcnd\u00fcr. Bu kitapta yaln\u0131zca, yal\u0131n halde \u00f6\u011fretmen ve \u00f6\u011frencilerin \u00f6zellikle fen ve matematik \u00f6\u011fretiminde ihtiya\u00e7 duyabilecekleri \u00e7e\u015fitli platformlarda kullan\u0131labilen web 2.0 ara\u00e7lar\u0131na de\u011finilmi\u015ftir.<\/p>\n","protected":false},"excerpt":{"rendered":"<p>Zaman\u0131n \u00e7ok h\u0131zl\u0131 akt\u0131\u011f\u0131 g\u00fcn\u00fcm\u00fczde, \u00f6\u011frencilerin istek ve ihtiya\u00e7lar\u0131 do\u011frultusunda \u00f6\u011frenme ortamlar\u0131 yap\u0131land\u0131r\u0131lmaktad\u0131r. Z ve alfa ku\u015fa\u011f\u0131 \u00f6\u011frenciler teknolojiyi ve \u00fcr\u00fcnlerini \u00f6\u011frenmeleri i\u00e7in \u00e7ok \u00f6nemserler. Bu<span class=\"excerpt-hellip\"> [\u2026]<\/span><\/p>\n","protected":false},"featured_media":0,"template":"","meta":{"_monsterinsights_skip_tracking":false,"_monsterinsights_sitenote_active":false,"_monsterinsights_sitenote_note":"","_monsterinsights_sitenote_category":0},"product_brand":[],"product_cat":[12573,12566],"product_tag":[],"class_list":{"0":"post-730541","1":"product","2":"type-product","3":"status-publish","5":"product_cat-akademik-kitaplar","6":"product_cat-egitim","7":"pa_cilt-ciltsiz","8":"pa_tur-kitap","9":"pa_yayinevi-egiten-kitap","10":"pa_yazar-fatma-taskin-ekici-erhan-ekici","12":"first","13":"instock","14":"sale","15":"shipping-taxable","16":"purchasable","17":"product-type-simple"},"_links":{"self":[{"href":"https:\/\/roveyayinevi.com.tr\/index.php\/wp-json\/wp\/v2\/product\/730541","targetHints":{"allow":["GET"]}}],"collection":[{"href":"https:\/\/roveyayinevi.com.tr\/index.php\/wp-json\/wp\/v2\/product"}],"about":[{"href":"https:\/\/roveyayinevi.com.tr\/index.php\/wp-json\/wp\/v2\/types\/product"}],"wp:attachment":[{"href":"https:\/\/roveyayinevi.com.tr\/index.php\/wp-json\/wp\/v2\/media?parent=730541"}],"wp:term":[{"taxonomy":"product_brand","embeddable":true,"href":"https:\/\/roveyayinevi.com.tr\/index.php\/wp-json\/wp\/v2\/product_brand?post=730541"},{"taxonomy":"product_cat","embeddable":true,"href":"https:\/\/roveyayinevi.com.tr\/index.php\/wp-json\/wp\/v2\/product_cat?post=730541"},{"taxonomy":"product_tag","embeddable":true,"href":"https:\/\/roveyayinevi.com.tr\/index.php\/wp-json\/wp\/v2\/product_tag?post=730541"}],"curies":[{"name":"wp","href":"https:\/\/api.w.org\/{rel}","templated":true}]}}