{"id":730540,"date":"2025-08-27T21:16:20","date_gmt":"2025-08-27T18:16:20","guid":{"rendered":"https:\/\/roveyayinevi.com.tr\/index.php\/urun\/inci-bugusu\/"},"modified":"2026-04-16T02:38:31","modified_gmt":"2026-04-15T23:38:31","slug":"inci-bugusu","status":"publish","type":"product","link":"https:\/\/roveyayinevi.com.tr\/index.php\/urun\/inci-bugusu\/","title":{"rendered":"\u0130nci Bu\u011fusu"},"content":{"rendered":"<p>&#8220;bir k\u0131r\u0131k dize kalay\u0131m defterinde, a\u00e7 oku, kapa oku, h\u0131\u00e7k\u0131r\u0131klar b\u00fcy\u00fct. soluk al\u0131\u015f, okundur say. a\u011flatam\u0131yor beni hi\u00e7bir \u015fey \u015furaya b\u0131rakt\u0131\u011f\u0131n kadar? \u015fimal sen! kendine d\u00f6nen sen! sende kalan ben! bilir misin nas\u0131l da ac\u0131d\u0131r, ac\u0131t\u0131r can\u0131 derinden, en diptekilerin mavi t\u00fcrk\u00fcs\u00fc, o unutulmu\u015f inci!&#8221; <\/p>\n","protected":false},"excerpt":{"rendered":"<p>&#8220;bir k\u0131r\u0131k dize kalay\u0131m defterinde, a\u00e7 oku, kapa oku, h\u0131\u00e7k\u0131r\u0131klar b\u00fcy\u00fct. soluk al\u0131\u015f, okundur say. a\u011flatam\u0131yor beni hi\u00e7bir \u015fey \u015furaya b\u0131rakt\u0131\u011f\u0131n kadar? \u015fimal sen! kendine d\u00f6nen<span class=\"excerpt-hellip\"> [\u2026]<\/span><\/p>\n","protected":false},"featured_media":0,"template":"","meta":{"_monsterinsights_skip_tracking":false,"_monsterinsights_sitenote_active":false,"_monsterinsights_sitenote_note":"","_monsterinsights_sitenote_category":0},"product_brand":[],"product_cat":[12291,12509],"product_tag":[],"class_list":{"0":"post-730540","1":"product","2":"type-product","3":"status-publish","5":"product_cat-edebiyat","6":"product_cat-siir","7":"pa_cilt-ciltsiz","8":"pa_tur-kitap","9":"pa_yayinevi-imgenin-cocuklari","10":"pa_yazar-ilhan-kemal","12":"first","13":"instock","14":"sale","15":"shipping-taxable","16":"purchasable","17":"product-type-simple"},"_links":{"self":[{"href":"https:\/\/roveyayinevi.com.tr\/index.php\/wp-json\/wp\/v2\/product\/730540","targetHints":{"allow":["GET"]}}],"collection":[{"href":"https:\/\/roveyayinevi.com.tr\/index.php\/wp-json\/wp\/v2\/product"}],"about":[{"href":"https:\/\/roveyayinevi.com.tr\/index.php\/wp-json\/wp\/v2\/types\/product"}],"wp:attachment":[{"href":"https:\/\/roveyayinevi.com.tr\/index.php\/wp-json\/wp\/v2\/media?parent=730540"}],"wp:term":[{"taxonomy":"product_brand","embeddable":true,"href":"https:\/\/roveyayinevi.com.tr\/index.php\/wp-json\/wp\/v2\/product_brand?post=730540"},{"taxonomy":"product_cat","embeddable":true,"href":"https:\/\/roveyayinevi.com.tr\/index.php\/wp-json\/wp\/v2\/product_cat?post=730540"},{"taxonomy":"product_tag","embeddable":true,"href":"https:\/\/roveyayinevi.com.tr\/index.php\/wp-json\/wp\/v2\/product_tag?post=730540"}],"curies":[{"name":"wp","href":"https:\/\/api.w.org\/{rel}","templated":true}]}}