{"id":730539,"date":"2025-08-27T21:16:19","date_gmt":"2025-08-27T18:16:19","guid":{"rendered":"https:\/\/roveyayinevi.com.tr\/index.php\/urun\/soguga-acilan-kapi\/"},"modified":"2026-04-16T02:38:31","modified_gmt":"2026-04-15T23:38:31","slug":"soguga-acilan-kapi","status":"publish","type":"product","link":"https:\/\/roveyayinevi.com.tr\/index.php\/urun\/soguga-acilan-kapi\/","title":{"rendered":"So\u011fu\u011fa A\u00e7\u0131lan Kap\u0131"},"content":{"rendered":"<p>&#8220;Bu parlak kitap T\u00fcrk\u00e7ede \u015fiir \u00fczerine yaz\u0131lm\u0131\u015f en iyi, en okunakl\u0131 iki kitaptan biri.&#8221; Orhan Pamuk \u015eavkar Alt\u0131nel&#8217;in \u015fiirimize egemen olan e\u011filimlere bilin\u00e7li olarak s\u0131rt \u00e7evirmi\u015f gibi duran, yal\u0131n, anlat\u0131mc\u0131 \u015fiirleri gibi \u015fiir hakk\u0131ndaki yaz\u0131lar\u0131 da y\u0131llard\u0131r hem ilgi, hem de tepki uyand\u0131r\u0131yor. Bu yaz\u0131larla ilk kez kar\u015f\u0131la\u015f\u0131yorsan\u0131z; siz de belki Alt\u0131nel&#8217;e kat\u0131lacak, belki \u00f6fkelenecek, ama her a\u015famada kendinizi, al\u0131\u015ft\u0131\u011f\u0131n\u0131z g\u00f6r\u00fc\u015f ve de\u011ferlendirmelerinizi yeniden g\u00f6zden ge\u00e7irmek zorunda kal\u0131rken bulacaks\u0131n\u0131z. So\u011fu\u011fa A\u00e7\u0131lan Kap\u0131 yaln\u0131z \u015fiirle ilgilenenlerin de\u011fil, genel olarak edebiyat (ve hayat) konusunda d\u00fc\u015f\u00fcmek isteyenlerin okumas\u0131 gereken bir kitap.<\/p>\n","protected":false},"excerpt":{"rendered":"<p>&#8220;Bu parlak kitap T\u00fcrk\u00e7ede \u015fiir \u00fczerine yaz\u0131lm\u0131\u015f en iyi, en okunakl\u0131 iki kitaptan biri.&#8221; Orhan Pamuk \u015eavkar Alt\u0131nel&#8217;in \u015fiirimize egemen olan e\u011filimlere bilin\u00e7li olarak s\u0131rt \u00e7evirmi\u015f<span class=\"excerpt-hellip\"> [\u2026]<\/span><\/p>\n","protected":false},"featured_media":0,"template":"","meta":{"_monsterinsights_skip_tracking":false,"_monsterinsights_sitenote_active":false,"_monsterinsights_sitenote_note":"","_monsterinsights_sitenote_category":0},"product_brand":[],"product_cat":[12291,12509],"product_tag":[],"class_list":{"0":"post-730539","1":"product","2":"type-product","3":"status-publish","5":"product_cat-edebiyat","6":"product_cat-siir","7":"pa_cilt-ciltsiz","8":"pa_tur-kitap","9":"pa_yayinevi-yapi-kredi-yayinlari","10":"pa_yazar-savkar-altinel","12":"first","13":"instock","14":"sale","15":"shipping-taxable","16":"purchasable","17":"product-type-simple"},"_links":{"self":[{"href":"https:\/\/roveyayinevi.com.tr\/index.php\/wp-json\/wp\/v2\/product\/730539","targetHints":{"allow":["GET"]}}],"collection":[{"href":"https:\/\/roveyayinevi.com.tr\/index.php\/wp-json\/wp\/v2\/product"}],"about":[{"href":"https:\/\/roveyayinevi.com.tr\/index.php\/wp-json\/wp\/v2\/types\/product"}],"wp:attachment":[{"href":"https:\/\/roveyayinevi.com.tr\/index.php\/wp-json\/wp\/v2\/media?parent=730539"}],"wp:term":[{"taxonomy":"product_brand","embeddable":true,"href":"https:\/\/roveyayinevi.com.tr\/index.php\/wp-json\/wp\/v2\/product_brand?post=730539"},{"taxonomy":"product_cat","embeddable":true,"href":"https:\/\/roveyayinevi.com.tr\/index.php\/wp-json\/wp\/v2\/product_cat?post=730539"},{"taxonomy":"product_tag","embeddable":true,"href":"https:\/\/roveyayinevi.com.tr\/index.php\/wp-json\/wp\/v2\/product_tag?post=730539"}],"curies":[{"name":"wp","href":"https:\/\/api.w.org\/{rel}","templated":true}]}}