{"id":730538,"date":"2025-08-27T21:16:18","date_gmt":"2025-08-27T18:16:18","guid":{"rendered":"https:\/\/roveyayinevi.com.tr\/index.php\/urun\/resimlerle-gunluk-yasamdan-ingilizce-500-sozcuk\/"},"modified":"2026-04-16T02:38:31","modified_gmt":"2026-04-15T23:38:31","slug":"resimlerle-gunluk-yasamdan-ingilizce-500-sozcuk","status":"publish","type":"product","link":"https:\/\/roveyayinevi.com.tr\/index.php\/urun\/resimlerle-gunluk-yasamdan-ingilizce-500-sozcuk\/","title":{"rendered":"Resimlerle G\u00fcnl\u00fck Ya\u015famdan \u0130ngilizce 500 S\u00f6zc\u00fck"},"content":{"rendered":"<p>\u00c7ocuklar\u0131n \u0130ngilizce s\u00f6zc\u00fck da\u011farc\u0131klar\u0131n\u0131 geli\u015ftirmelerini sa\u011flayan renkli ve e\u011flenceli bu kitap, g\u00fcnl\u00fck ya\u015famda s\u0131k\u00e7a kar\u015f\u0131la\u015f\u0131lan 500\u2019den fazla basit s\u00f6zc\u00fck i\u00e7eriyor. Ya\u015famdan G\u00fcnl\u00fck S\u00f6zc\u00fckler-\u0130ngilizce, \u00e7ocuklar\u0131n \u0130ngilizceyi e\u011flenceli bir \u015fekilde \u00f6\u011frenmelerini sa\u011flayacak nitelikte tasarland\u0131. \u00c7ocuklar\u0131n renkli ve canl\u0131 resimlerle s\u00f6zc\u00fckleri e\u015fle\u015ftirmesi sa\u011flanarak hem s\u00f6zc\u00fckleri daha kolay \u00f6\u011frenmeleri, hem de \u00f6\u011frendiklerinin haf\u0131zlar\u0131nda daha iyi yer etmesi ama\u00e7land\u0131. Kitab\u0131n kar\u015f\u0131l\u0131kl\u0131 sayfalar\u0131na yay\u0131lan her b\u00fcy\u00fck resimde farkl\u0131 say\u0131da \u00e7e\u015fitli nesne gizli, \u00e7ocuklar bu nesneleri resim i\u00e7inde bulmaya \u00e7al\u0131\u015f\u0131rken keyifli saatler ge\u00e7irecek. Ayr\u0131ca kitab\u0131n sonunda kitapta yer alan t\u00fcm s\u00f6zc\u00fcklerin T\u00fcrk\u00e7e kar\u015f\u0131l\u0131klar\u0131n\u0131 g\u00f6steren bir de \u0130ngilizce-T\u00fcrk\u00e7e s\u00f6zl\u00fck bulunuyor.  \u0130ngilizce \u00f6\u011frenmek \u00e7ocuklar i\u00e7in art\u0131k \u00e7ok e\u011flenceli! <\/p>\n","protected":false},"excerpt":{"rendered":"<p>\u00c7ocuklar\u0131n \u0130ngilizce s\u00f6zc\u00fck da\u011farc\u0131klar\u0131n\u0131 geli\u015ftirmelerini sa\u011flayan renkli ve e\u011flenceli bu kitap, g\u00fcnl\u00fck ya\u015famda s\u0131k\u00e7a kar\u015f\u0131la\u015f\u0131lan 500\u2019den fazla basit s\u00f6zc\u00fck i\u00e7eriyor. Ya\u015famdan G\u00fcnl\u00fck S\u00f6zc\u00fckler-\u0130ngilizce, \u00e7ocuklar\u0131n \u0130ngilizceyi e\u011flenceli<span class=\"excerpt-hellip\"> [\u2026]<\/span><\/p>\n","protected":false},"featured_media":0,"template":"","meta":{"_monsterinsights_skip_tracking":false,"_monsterinsights_sitenote_active":false,"_monsterinsights_sitenote_note":"","_monsterinsights_sitenote_category":0},"product_brand":[],"product_cat":[12274,15842],"product_tag":[],"class_list":{"0":"post-730538","1":"product","2":"type-product","3":"status-publish","5":"product_cat-cocuk-ve-genclik-kitaplari","6":"product_cat-egitici-kitaplar","7":"pa_cilt-ciltsiz","8":"pa_tur-kitap","9":"pa_yayinevi-1001-cicek-kitaplar","10":"pa_yazar-jo-litchfield","12":"first","13":"instock","14":"sale","15":"shipping-taxable","16":"purchasable","17":"product-type-simple"},"_links":{"self":[{"href":"https:\/\/roveyayinevi.com.tr\/index.php\/wp-json\/wp\/v2\/product\/730538","targetHints":{"allow":["GET"]}}],"collection":[{"href":"https:\/\/roveyayinevi.com.tr\/index.php\/wp-json\/wp\/v2\/product"}],"about":[{"href":"https:\/\/roveyayinevi.com.tr\/index.php\/wp-json\/wp\/v2\/types\/product"}],"wp:attachment":[{"href":"https:\/\/roveyayinevi.com.tr\/index.php\/wp-json\/wp\/v2\/media?parent=730538"}],"wp:term":[{"taxonomy":"product_brand","embeddable":true,"href":"https:\/\/roveyayinevi.com.tr\/index.php\/wp-json\/wp\/v2\/product_brand?post=730538"},{"taxonomy":"product_cat","embeddable":true,"href":"https:\/\/roveyayinevi.com.tr\/index.php\/wp-json\/wp\/v2\/product_cat?post=730538"},{"taxonomy":"product_tag","embeddable":true,"href":"https:\/\/roveyayinevi.com.tr\/index.php\/wp-json\/wp\/v2\/product_tag?post=730538"}],"curies":[{"name":"wp","href":"https:\/\/api.w.org\/{rel}","templated":true}]}}