{"id":730537,"date":"2025-08-27T21:16:17","date_gmt":"2025-08-27T18:16:17","guid":{"rendered":"https:\/\/roveyayinevi.com.tr\/index.php\/urun\/simdi-senin-zamanin\/"},"modified":"2026-04-16T02:38:31","modified_gmt":"2026-04-15T23:38:31","slug":"simdi-senin-zamanin","status":"publish","type":"product","link":"https:\/\/roveyayinevi.com.tr\/index.php\/urun\/simdi-senin-zamanin\/","title":{"rendered":"\u015eimdi Senin Zaman\u0131n"},"content":{"rendered":"<p>Kariyerini D\u00f6n\u00fc\u015ft\u00fcrmek \u0130steyenlere \u00d6\u011frenilmi\u015f Dersler Kitab\u0131   \u00d6zel sekt\u00f6rde, sivil toplum kurulu\u015flar\u0131nda ve kendi giri\u015fimcilik yolculu\u011funda edindi\u011fi deneyimleri bir araya getiren Arzu Tekir, y\u00f6n\u00fcn\u00fc de\u011fi\u015ftirmeye karar vermi\u015f ancak ad\u0131m atacak cesareti bulamayanlara sesleniyor: \u015eimdi Senin Zaman\u0131n   Alanlar\u0131nda \u00f6nc\u00fc olan ve hayatlar\u0131n\u0131 d\u00f6n\u00fc\u015ft\u00fcrm\u00fc\u015f giri\u015fimci kad\u0131nlar\u0131n hik\u00e2yelerini okuyaca\u011f\u0131n\u0131z bu kitapta; cesur kad\u0131nlar\u0131n deneyimlerini, teredd\u00fctlerini, \u00f6zel hayatlar\u0131 ve i\u015f ya\u015famlar\u0131n\u0131n giri\u015fimcilik yolculuklar\u0131na etkisini samimi bir sohbet havas\u0131nda dinleyeceksiniz.   \u2026.. Kariyer basamaklar\u0131n\u0131 tasarlamak arzusuna ve \u00f6zg\u00fcvene sahip kad\u0131nlar bu kitapta \u00e7ok yararl\u0131 ipu\u00e7lar\u0131n\u0131 bulacaklar. Keyifle okunup, ba\u015fucu rehberi olarak saklanacak bir yap\u0131t. Tayfun Bayaz\u0131t Marsh McLennan Grubu Y\u00f6netim Kurulu Ba\u015fkan\u0131 T\u00dcS\u0130AD Y\u00fcksek \u0130sti\u015fare Konseyi \u00dcyesi Yap\u0131 ve Kredi Bankas\u0131 (e) Y\u00f6netim Kurulu Ba\u015fkan\u0131   \u0130\u015finde, kariyerinde ya da ne yapaca\u011f\u0131n\u0131 bilemedi\u011fi kav\u015fakta bekleyen okurlar\u0131n Arzu Tekir\u2019in kitab\u0131ndan \u00f6\u011frenece\u011fi, ilham alaca\u011f\u0131 \u00e7ok \u015fey var. Ali R\u0131za Dan\u0131\u015f WRI T\u00fcrkiye S\u00fcrd\u00fcr\u00fclebilir \u015eehirler Kurucu Y\u00f6netim Kurulu Ba\u015fkan\u0131 ve Y\u00f6netim Kurulu \u00dcyesiKendi yolculuk hik\u00e2yemi okur gibi oldum. \u0130\u015f ya\u015fam\u0131nda var olma m\u00fccadelesi veren herkesin ortak anahtarlar\u0131 ile dolu bir kitap. M\u00fcnteha Adal\u0131 G\u00fcvensan Tesis Hizmetleri Kurucu Orta\u011f\u0131 ve CEO Arya Kad\u0131n Yat\u0131r\u0131m Platformu Kurucu Orta\u011f\u0131   Bu kitab\u0131n bir ba\u015fkas\u0131na \u0131\u015f\u0131k olaca\u011f\u0131ndan, cesaret verece\u011finden eminim. Zaten bir sivil toplum kurulu\u015funda ba\u015flayan tan\u0131\u015f\u0131kl\u0131\u011f\u0131m\u0131z boyunca onda g\u00f6rd\u00fc\u011f\u00fcm kendini devaml\u0131 geli\u015ftirme, yenileme arzusu bu kitaba b\u00fct\u00fcn\u00fcyle yans\u0131m\u0131\u015f.   Ay\u015fe Canan ED\u0130BO\u011eLU ING Bank T\u00fcrkiye Y\u00f6netim Kurulu \u00dcyesi WRI T\u00fcrkiye S\u00fcrd\u00fcr\u00fclebilir \u015eehirler Y\u00f6netim Kurulu \u00dcyesi T\u00fcpra\u015f Ba\u011f\u0131ms\u0131z Y\u00f6netim Kurulu \u00dcyesi <\/p>\n","protected":false},"excerpt":{"rendered":"<p>Kariyerini D\u00f6n\u00fc\u015ft\u00fcrmek \u0130steyenlere \u00d6\u011frenilmi\u015f Dersler Kitab\u0131 \u00d6zel sekt\u00f6rde, sivil toplum kurulu\u015flar\u0131nda ve kendi giri\u015fimcilik yolculu\u011funda edindi\u011fi deneyimleri bir araya getiren Arzu Tekir, y\u00f6n\u00fcn\u00fc de\u011fi\u015ftirmeye karar vermi\u015f<span class=\"excerpt-hellip\"> [\u2026]<\/span><\/p>\n","protected":false},"featured_media":0,"template":"","meta":{"_monsterinsights_skip_tracking":false,"_monsterinsights_sitenote_active":false,"_monsterinsights_sitenote_note":"","_monsterinsights_sitenote_category":0},"product_brand":[],"product_cat":[13043,17647],"product_tag":[],"class_list":{"0":"post-730537","1":"product","2":"type-product","3":"status-publish","5":"product_cat-ekonomi","6":"product_cat-is-dunyasi","7":"pa_cilt-ciltsiz","8":"pa_tur-kitap","9":"pa_yayinevi-elma-yayinevi","10":"pa_yazar-arzu-tekir","12":"first","13":"instock","14":"sale","15":"shipping-taxable","16":"purchasable","17":"product-type-simple"},"_links":{"self":[{"href":"https:\/\/roveyayinevi.com.tr\/index.php\/wp-json\/wp\/v2\/product\/730537","targetHints":{"allow":["GET"]}}],"collection":[{"href":"https:\/\/roveyayinevi.com.tr\/index.php\/wp-json\/wp\/v2\/product"}],"about":[{"href":"https:\/\/roveyayinevi.com.tr\/index.php\/wp-json\/wp\/v2\/types\/product"}],"wp:attachment":[{"href":"https:\/\/roveyayinevi.com.tr\/index.php\/wp-json\/wp\/v2\/media?parent=730537"}],"wp:term":[{"taxonomy":"product_brand","embeddable":true,"href":"https:\/\/roveyayinevi.com.tr\/index.php\/wp-json\/wp\/v2\/product_brand?post=730537"},{"taxonomy":"product_cat","embeddable":true,"href":"https:\/\/roveyayinevi.com.tr\/index.php\/wp-json\/wp\/v2\/product_cat?post=730537"},{"taxonomy":"product_tag","embeddable":true,"href":"https:\/\/roveyayinevi.com.tr\/index.php\/wp-json\/wp\/v2\/product_tag?post=730537"}],"curies":[{"name":"wp","href":"https:\/\/api.w.org\/{rel}","templated":true}]}}