{"id":730535,"date":"2025-08-27T21:16:15","date_gmt":"2025-08-27T18:16:15","guid":{"rendered":"https:\/\/roveyayinevi.com.tr\/index.php\/urun\/blade-runner-2019-volume-1\/"},"modified":"2026-04-16T02:38:31","modified_gmt":"2026-04-15T23:38:31","slug":"blade-runner-2019-volume-1","status":"publish","type":"product","link":"https:\/\/roveyayinevi.com.tr\/index.php\/urun\/blade-runner-2019-volume-1\/","title":{"rendered":"Blade Runner 2019 &#8211; Volume 1"},"content":{"rendered":"<p>On \u00dczerinden On. Okunmas\u0131 Gereken Bir Kitap.\u201d\u2022 Bleeding Cool\u201cBlade Runner 2019 Yaratt\u0131\u011f\u0131 Bomba Etkisiyle Seriye Yeni Bir Soluk Getiriyor.\u201d\u2022 A\u0131pt!\u201cYeni Ve \u00c7ok Enteresan Bir Ba\u015fkarakterle Okunmaya De\u011fer, Yepyeni Bir Blade Runner Hik\u00e2yesi.\u201d\u2022 NewsaramaLos Angeles\u2019\u0131n Ya\u011fmurlu Distopik Gelece\u011fi,Blade Runner Evreninde Can BulanYeni Bir Efsaneye Kucak A\u00e7\u0131yor.Los Angeles Polis Te\u015fkilat\u0131\u2019n\u0131n En \u0130yi Blade Runner\u2019\u0131 Ve Dedektifi Aahna \u201cAsh\u201d Ashina, Eldon Tyrell\u2019in Yak\u0131n Bir Arkada\u015f\u0131 Olan Alexander Selwyn Ad\u0131ndaki Zengin \u0130\u015f Adam\u0131n\u0131n Kay\u0131p E\u015fiyle K\u0131z\u0131n\u0131n Esrarengiz Kay\u0131plar\u0131n\u0131 Soru\u015fturma G\u00f6revine Atan\u0131r. Ash A\u011f\u0131r A\u011f\u0131r \u00c7\u00fcr\u00fcyen Bir Mega \u015eehir Olan Los Angeles\u2019\u0131n Su\u00e7un H\u00fck\u00fcm S\u00fcrd\u00fc\u011f\u00fc Ba\u011f\u0131rsaklar\u0131n\u0131n Derinliklerinde Bir Yolculu\u011fa \u00c7\u0131kacak Ve Amans\u0131zca Avlay\u0131p \u00d6ld\u00fcrd\u00fc\u011f\u00fc Replikalara, Yani Sentetik \u0130nsanlara Kar\u015f\u0131 Besledi\u011fi Nefretiyle Y\u00fczle\u015fmesine Neden Olan Korkun\u00e7 Bir S\u0131rr\u0131 Ve Komployu G\u00fcn Y\u00fcz\u00fcne \u00c7\u0131karacakt\u0131r.<\/p>\n","protected":false},"excerpt":{"rendered":"<p>On \u00dczerinden On. Okunmas\u0131 Gereken Bir Kitap.\u201d\u2022 Bleeding Cool\u201cBlade Runner 2019 Yaratt\u0131\u011f\u0131 Bomba Etkisiyle Seriye Yeni Bir Soluk Getiriyor.\u201d\u2022 A\u0131pt!\u201cYeni Ve \u00c7ok Enteresan Bir Ba\u015fkarakterle Okunmaya<span class=\"excerpt-hellip\"> [\u2026]<\/span><\/p>\n","protected":false},"featured_media":0,"template":"","meta":{"_monsterinsights_skip_tracking":false,"_monsterinsights_sitenote_active":false,"_monsterinsights_sitenote_note":"","_monsterinsights_sitenote_category":0},"product_brand":[],"product_cat":[12416,12291],"product_tag":[],"class_list":{"0":"post-730535","1":"product","2":"type-product","3":"status-publish","5":"product_cat-cizgi-roman","6":"product_cat-edebiyat","7":"pa_cilt-ciltsiz","8":"pa_tur-kitap","9":"pa_yayinevi-epsilon-yayinlari","10":"pa_yazar-epsilon-yayinlari-kolektif","12":"first","13":"instock","14":"sale","15":"shipping-taxable","16":"purchasable","17":"product-type-simple"},"_links":{"self":[{"href":"https:\/\/roveyayinevi.com.tr\/index.php\/wp-json\/wp\/v2\/product\/730535","targetHints":{"allow":["GET"]}}],"collection":[{"href":"https:\/\/roveyayinevi.com.tr\/index.php\/wp-json\/wp\/v2\/product"}],"about":[{"href":"https:\/\/roveyayinevi.com.tr\/index.php\/wp-json\/wp\/v2\/types\/product"}],"wp:attachment":[{"href":"https:\/\/roveyayinevi.com.tr\/index.php\/wp-json\/wp\/v2\/media?parent=730535"}],"wp:term":[{"taxonomy":"product_brand","embeddable":true,"href":"https:\/\/roveyayinevi.com.tr\/index.php\/wp-json\/wp\/v2\/product_brand?post=730535"},{"taxonomy":"product_cat","embeddable":true,"href":"https:\/\/roveyayinevi.com.tr\/index.php\/wp-json\/wp\/v2\/product_cat?post=730535"},{"taxonomy":"product_tag","embeddable":true,"href":"https:\/\/roveyayinevi.com.tr\/index.php\/wp-json\/wp\/v2\/product_tag?post=730535"}],"curies":[{"name":"wp","href":"https:\/\/api.w.org\/{rel}","templated":true}]}}