{"id":730533,"date":"2025-08-27T21:16:12","date_gmt":"2025-08-27T18:16:12","guid":{"rendered":"https:\/\/roveyayinevi.com.tr\/index.php\/urun\/hayal-avcisi-2\/"},"modified":"2026-04-16T02:38:31","modified_gmt":"2026-04-15T23:38:31","slug":"hayal-avcisi-2","status":"publish","type":"product","link":"https:\/\/roveyayinevi.com.tr\/index.php\/urun\/hayal-avcisi-2\/","title":{"rendered":"Hayal Avc\u0131s\u0131"},"content":{"rendered":"<p>Ltenssar bahar\u0131 ya\u015f\u0131yordu. Leylak kokular\u0131 d\u00f6rt bir yan\u0131 sarm\u0131\u015ft\u0131. Maymun g\u00f6lgeli yol, \u00fczerini \u00f6rten jakarandalar\u0131n dallar\u0131nda ya\u015fam bulan mavi-mor \u00e7i\u00e7eklerin alt\u0131nda uzay\u0131p gidiyor, Yelakan, yata\u011f\u0131na zor s\u0131\u011f\u0131yordu. Ve biz \u0130fyteris\u2019le yine ba\u015f ba\u015fayd\u0131k. Halsizle\u015fmi\u015f cad\u0131ya sordum: \u201cPeki, hayallerini sat\u0131n ald\u0131\u011f\u0131m insanlara ne olacak?\u201d F\u0131r\u0131nc\u0131 Motans\u2019\u0131n hayallerini dam\u0131tmay\u0131 tamamlam\u0131\u015f, eski g\u00fcc\u00fcne yava\u015f yava\u015f kavu\u015fuyordu. \u201cNe olacak san\u0131yorsun? Duygusuzluk tohumlar\u0131, etraf\u0131nda h\u0131zla filizlenecek. Onu nefes alamaz hale getirinceye dek tu\u011fladan \u00f6r\u00fclm\u00fc\u015f duvarlar gibi y\u00fckselerek i\u00e7ine hapsedecek. Sahip oldu\u011fu yeni serveti, damarlar\u0131na n\u00fcfuz ederek t\u00fcm bedenine yay\u0131lacak ve nihayet kalbini s\u00f6nd\u00fcrecek.\u201d G\u00fc\u00e7l\u00fc bir kahkaha att\u0131, ne\u015fesi yerine gelmi\u015fti, \u201cSeni aptal insan \u00e7ocu\u011fu! Umutsuzluk, sahip olmak isteyece\u011fin en son servettir. Bunu sak\u0131n unutma, e mi?\u201d Kahkahalar\u0131 devam etti. <\/p>\n","protected":false},"excerpt":{"rendered":"<p>Ltenssar bahar\u0131 ya\u015f\u0131yordu. Leylak kokular\u0131 d\u00f6rt bir yan\u0131 sarm\u0131\u015ft\u0131. Maymun g\u00f6lgeli yol, \u00fczerini \u00f6rten jakarandalar\u0131n dallar\u0131nda ya\u015fam bulan mavi-mor \u00e7i\u00e7eklerin alt\u0131nda uzay\u0131p gidiyor, Yelakan, yata\u011f\u0131na zor<span class=\"excerpt-hellip\"> [\u2026]<\/span><\/p>\n","protected":false},"featured_media":0,"template":"","meta":{"_monsterinsights_skip_tracking":false,"_monsterinsights_sitenote_active":false,"_monsterinsights_sitenote_note":"","_monsterinsights_sitenote_category":0},"product_brand":[],"product_cat":[12291,12711],"product_tag":[],"class_list":{"0":"post-730533","1":"product","2":"type-product","3":"status-publish","5":"product_cat-edebiyat","6":"product_cat-roman-oyku","7":"pa_cilt-ciltsiz","8":"pa_tur-kitap","9":"pa_yayinevi-luna-yayinlari","10":"pa_yazar-cengiz-zeypak","12":"first","13":"instock","14":"sale","15":"shipping-taxable","16":"purchasable","17":"product-type-simple"},"_links":{"self":[{"href":"https:\/\/roveyayinevi.com.tr\/index.php\/wp-json\/wp\/v2\/product\/730533","targetHints":{"allow":["GET"]}}],"collection":[{"href":"https:\/\/roveyayinevi.com.tr\/index.php\/wp-json\/wp\/v2\/product"}],"about":[{"href":"https:\/\/roveyayinevi.com.tr\/index.php\/wp-json\/wp\/v2\/types\/product"}],"wp:attachment":[{"href":"https:\/\/roveyayinevi.com.tr\/index.php\/wp-json\/wp\/v2\/media?parent=730533"}],"wp:term":[{"taxonomy":"product_brand","embeddable":true,"href":"https:\/\/roveyayinevi.com.tr\/index.php\/wp-json\/wp\/v2\/product_brand?post=730533"},{"taxonomy":"product_cat","embeddable":true,"href":"https:\/\/roveyayinevi.com.tr\/index.php\/wp-json\/wp\/v2\/product_cat?post=730533"},{"taxonomy":"product_tag","embeddable":true,"href":"https:\/\/roveyayinevi.com.tr\/index.php\/wp-json\/wp\/v2\/product_tag?post=730533"}],"curies":[{"name":"wp","href":"https:\/\/api.w.org\/{rel}","templated":true}]}}