{"id":730532,"date":"2025-08-27T21:16:11","date_gmt":"2025-08-27T18:16:11","guid":{"rendered":"https:\/\/roveyayinevi.com.tr\/index.php\/urun\/isgucu-piyasalarina-yonelik-regulasyonlarin-isgucu-arz-ve-talep-uzerine-etkileri-turkiye-uzerine-bir-inceleme\/"},"modified":"2026-04-16T02:38:31","modified_gmt":"2026-04-15T23:38:31","slug":"isgucu-piyasalarina-yonelik-regulasyonlarin-isgucu-arz-ve-talep-uzerine-etkileri-turkiye-uzerine-bir-inceleme","status":"publish","type":"product","link":"https:\/\/roveyayinevi.com.tr\/index.php\/urun\/isgucu-piyasalarina-yonelik-regulasyonlarin-isgucu-arz-ve-talep-uzerine-etkileri-turkiye-uzerine-bir-inceleme\/","title":{"rendered":"\u0130\u015fg\u00fcc\u00fc Piyasalar\u0131na Y\u00f6nelik Reg\u00fclasyonlar\u0131n \u0130\u015fg\u00fcc\u00fc Arz ve Talep \u00dczerine Etkileri: T\u00fcrkiye \u00dczerine Bir \u0130nceleme"},"content":{"rendered":"<p>\u0130\u00e7indekiler 1. B\u00f6l\u00fcm \u0130ktisat Kuram\u0131nda \u0130\u015fg\u00fcc\u00fc Piyasalar\u0131 2. B\u00f6l\u00fcm \u0130ktisat Kuram\u0131nda Reg\u00fclas Yon Ve \u0130\u015fg\u00fcc\u00fc Piyasas\u0131na Y\u00f6nelik Yap\u0131lan Reg\u00fclasyonlar 3. B\u00f6l\u00fcm D\u00fcnya\u2019da \u0130\u015fg\u00fcc\u00fc Piyasalar\u0131 Ve \u0130\u015fg\u00fcc\u00fc Piyasas\u0131 Reg\u00fclasyonlar\u0131ndaki E\u011filimler, Etkile\u015fimler 4. B\u00f6l\u00fcm T\u00fcrkiye\u2019de \u0130\u015fg\u00fcc\u00fc Piyasas\u0131: \u0130\u015fg\u00fcc\u00fc Arz\u0131 Ve Talebi 5. B\u00f6l\u00fcm T\u00fcrkiye\u2019de \u0130\u015fg\u00fcc\u00fc Piyasas\u0131 Reg\u00fclasyonlar\u0131 6. B\u00f6l\u00fcm Ampirik Uygulama: \u0130stihdam\u0131n Korunmas\u0131na Y\u00f6nelik Reg\u00fclasyonlar\u0131n \u0130\u015fg\u00fcc\u00fc Arz\u0131 Ve Talebi \u00dczerindeki Etkileri <\/p>\n","protected":false},"excerpt":{"rendered":"<p>\u0130\u00e7indekiler 1. B\u00f6l\u00fcm \u0130ktisat Kuram\u0131nda \u0130\u015fg\u00fcc\u00fc Piyasalar\u0131 2. B\u00f6l\u00fcm \u0130ktisat Kuram\u0131nda Reg\u00fclas Yon Ve \u0130\u015fg\u00fcc\u00fc Piyasas\u0131na Y\u00f6nelik Yap\u0131lan Reg\u00fclasyonlar 3. B\u00f6l\u00fcm D\u00fcnya\u2019da \u0130\u015fg\u00fcc\u00fc Piyasalar\u0131 Ve \u0130\u015fg\u00fcc\u00fc<span class=\"excerpt-hellip\"> [\u2026]<\/span><\/p>\n","protected":false},"featured_media":0,"template":"","meta":{"_monsterinsights_skip_tracking":false,"_monsterinsights_sitenote_active":false,"_monsterinsights_sitenote_note":"","_monsterinsights_sitenote_category":0},"product_brand":[],"product_cat":[17249,13043],"product_tag":[],"class_list":{"0":"post-730532","1":"product","2":"type-product","3":"status-publish","5":"product_cat-borsa-finans","6":"product_cat-ekonomi","7":"pa_cilt-ciltsiz","8":"pa_tur-kitap","9":"pa_yayinevi-gazi-kitabevi","10":"pa_yazar-gokhan-aykac","12":"first","13":"instock","14":"sale","15":"shipping-taxable","16":"purchasable","17":"product-type-simple"},"_links":{"self":[{"href":"https:\/\/roveyayinevi.com.tr\/index.php\/wp-json\/wp\/v2\/product\/730532","targetHints":{"allow":["GET"]}}],"collection":[{"href":"https:\/\/roveyayinevi.com.tr\/index.php\/wp-json\/wp\/v2\/product"}],"about":[{"href":"https:\/\/roveyayinevi.com.tr\/index.php\/wp-json\/wp\/v2\/types\/product"}],"wp:attachment":[{"href":"https:\/\/roveyayinevi.com.tr\/index.php\/wp-json\/wp\/v2\/media?parent=730532"}],"wp:term":[{"taxonomy":"product_brand","embeddable":true,"href":"https:\/\/roveyayinevi.com.tr\/index.php\/wp-json\/wp\/v2\/product_brand?post=730532"},{"taxonomy":"product_cat","embeddable":true,"href":"https:\/\/roveyayinevi.com.tr\/index.php\/wp-json\/wp\/v2\/product_cat?post=730532"},{"taxonomy":"product_tag","embeddable":true,"href":"https:\/\/roveyayinevi.com.tr\/index.php\/wp-json\/wp\/v2\/product_tag?post=730532"}],"curies":[{"name":"wp","href":"https:\/\/api.w.org\/{rel}","templated":true}]}}